{"id":99069,"date":"2024-03-27T10:06:13","date_gmt":"2024-03-27T09:06:13","guid":{"rendered":"https:\/\/latinspirit.eu\/atencion-al-cliente\/politica-de-privacidad\/"},"modified":"2026-01-07T12:04:29","modified_gmt":"2026-01-07T11:04:29","slug":"politica-de-privacidad","status":"publish","type":"page","link":"https:\/\/latinspirit.eu\/es\/politica-de-privacidad\/","title":{"rendered":"Pol\u00edtica de privacidad"},"content":{"rendered":"\n<p><strong>\u00daltima actualizaci\u00f3n: 16 de mayo de 2025<\/strong><\/p>\n\n<p>Bienvenido a <strong>Latin Spirit EU<\/strong>, una marca operada por <strong>Super Mouse Studio<\/strong>. Operamos el sitio web <strong><a href=\"https:\/\/www.latinspirit.eu\/\" target=\"_blank\" rel=\"noreferrer noopener\">www.latinspirit.eu<\/a><\/strong> (el \u00abServicio\u00bb). <\/p>\n\n<p>Esta Pol\u00edtica de privacidad explica c\u00f3mo recopilamos, usamos, compartimos y protegemos su informaci\u00f3n personal cuando visita o realiza una compra en nuestro Servicio.<\/p>\n\n<p>Al utilizar nuestro Servicio, usted acepta la recopilaci\u00f3n y el uso de sus datos personales de acuerdo con esta Pol\u00edtica de privacidad.<\/p>\n\n<hr class=\"wp-block-separator has-alpha-channel-opacity\"\/>\n\n<h2 class=\"wp-block-heading\">1. Qui\u00e9nes somos<\/h2>\n\n<p><strong>Nombre comercial:<\/strong> Super Mouse Studio<br\/><strong>Marca comercial:<\/strong> Latin Spirit EU<br\/><strong>Domicilio social:<\/strong> <strong>Slingerweg 114 | 4814 AZ, Breda, Pa\u00edses Bajos<\/strong><br\/><strong>C\u00e1mara de Comercio (KvK):<\/strong> <strong>18079333<\/strong><br\/><strong>N\u00famero de IVA:<\/strong> <strong>NL002429747B30<\/strong><br\/><strong>Correo electr\u00f3nico:<\/strong> <strong>support@latinspirit.eu<\/strong><\/p>\n\n<p>Nos comprometemos a proteger su privacidad y garantizar la transparencia en c\u00f3mo manejamos sus datos personales de conformidad con el Reglamento General de Protecci\u00f3n de Datos (GDPR).<\/p>\n\n<hr class=\"wp-block-separator has-alpha-channel-opacity\"\/>\n\n<h2 class=\"wp-block-heading\">2. Tipos de Datos Personales que Recopilamos<\/h2>\n\n<p>Cuando utiliza nuestro Servicio, podemos recopilar los siguientes tipos de informaci\u00f3n:<\/p>\n\n<ul class=\"wp-block-list\">\n<li><strong>Informaci\u00f3n de la cuenta:<\/strong> Nombre, apellido, direcci\u00f3n de correo electr\u00f3nico<\/li>\n\n\n\n<li><strong>Informaci\u00f3n del Pedido:<\/strong> Direcci\u00f3n de facturaci\u00f3n\/env\u00edo, n\u00famero de tel\u00e9fono, historial de pedidos<\/li>\n\n\n\n<li><strong>Informaci\u00f3n de Pago:<\/strong> Detalles del m\u00e9todo de pago (procesados \u200b\u200bde forma segura a trav\u00e9s de proveedores externos)<\/li>\n\n\n\n<li><strong>Datos del Dispositivo y de Uso:<\/strong> direcci\u00f3n IP, tipo de navegador, p\u00e1ginas visitadas, cookies<\/li>\n\n\n\n<li><strong>Datos de Comunicaci\u00f3n:<\/strong> Mensajes enviados a trav\u00e9s de formularios de contacto o correos electr\u00f3nicos<\/li>\n<\/ul>\n\n<hr class=\"wp-block-separator has-alpha-channel-opacity\"\/>\n\n<h2 class=\"wp-block-heading\">3. C\u00f3mo recopilamos sus Datos<\/h2>\n\n<p>Recopilamos sus datos de las siguientes maneras:<\/p>\n\n<ul class=\"wp-block-list\">\n<li><strong>Directamente de usted<\/strong> cuando:\n<ul class=\"wp-block-list\">\n<li>Hace un pedido<\/li>\n\n\n\n<li>Crea una cuenta<\/li>\n\n\n\n<li>Contacta el soporte al cliente<\/li>\n<\/ul>\n<\/li>\n\n\n\n<li><strong>Autom\u00e1ticamente<\/strong> a trav\u00e9s de:\n<ul class=\"wp-block-list\">\n<li>Cookies y tecnolog\u00edas de seguimiento similares<\/li>\n\n\n\n<li>Herramientas de an\u00e1lisis utilizadas en nuestro sitio web<\/li>\n<\/ul>\n<\/li>\n<\/ul>\n\n<hr class=\"wp-block-separator has-alpha-channel-opacity\"\/>\n\n<h2 class=\"wp-block-heading\">4. Finalidad y Base Legal del Tratamiento<\/h2>\n\n<p>Tratamos sus datos para los siguientes fines:<\/p>\n\n<figure class=\"wp-block-table\"><table class=\"has-fixed-layout\"><tbody><tr><td>Para cumplir con sus pedidos<\/td><td>Ejecuci\u00f3n del contrato<\/td><\/tr><tr><td>Para comunicarnos con usted (por ejemplo, actualizaciones de pedidos)<\/td><td>Inter\u00e9s leg\u00edtimo \/ Contrato<\/td><\/tr><tr><td>Para mejorar nuestro Servicio<\/td><td>Inter\u00e9s leg\u00edtimo<\/td><\/tr><tr><td>Para marketing (con su consentimiento)<\/td><td>Consentimiento<\/td><\/tr><\/tbody><\/table><\/figure>\n\n<p>Puede retirar su consentimiento en cualquier momento contact\u00e1ndonos o actualizando sus preferencias.<\/p>\n\n<hr class=\"wp-block-separator has-alpha-channel-opacity\"\/>\n\n<h2 class=\"wp-block-heading\">5. Uso de Cookies y Tecnolog\u00edas de Seguimiento<\/h2>\n\n<p>Utilizamos cookies para mejorar su experiencia de navegaci\u00f3n, analizar el tr\u00e1fico y proporcionar contenido y publicidad personalizados.<\/p>\n\n<p>Ver\u00e1 un banner de consentimiento de cookies al visitar nuestro sitio, que le permitir\u00e1 aceptar o administrar la configuraci\u00f3n de cookies.<\/p>\n\n<p>Para obtener m\u00e1s informaci\u00f3n sobre las cookies que utilizamos y c\u00f3mo controlarlas, consulte nuestra<a href=\"https:\/\/chat.qwen.ai\/c\/e8dcb94f-fb62-4499-a439-37410df4f65e#\" target=\"_blank\" rel=\"noreferrer noopener\"> Pol\u00edtica de Cookies<\/a> (puede crear esta p\u00e1gina por separado si lo necesita).<\/p>\n\n<hr class=\"wp-block-separator has-alpha-channel-opacity\"\/>\n\n<h2 class=\"wp-block-heading\">6. Compartir sus Datos Personales<\/h2>\n\n<p>Podemos compartir sus datos con terceros de confianza \u00fanicamente para ayudarnos a operar, mejorar y proteger nuestro Servicio. Estos incluyen: <\/p>\n\n<ul class=\"wp-block-list\">\n<li><strong>Printful: &#8211;<\/strong>para la impresi\u00f3n de productos y el cumplimiento de pedidos<\/li>\n\n\n\n<li><strong>Plugins de WooCommerce\/WordPress<\/strong> &#8211; para la gesti\u00f3n de tiendas<\/li>\n\n\n\n<li><strong>Procesadores de pago &#8211; <\/strong>como Stripe, PayPal, etc.<\/li>\n\n\n\n<li><strong>Servicios de An\u00e1lisis<\/strong> &#8211; como Google Analytics<\/li>\n<\/ul>\n\n<p>Todos los proveedores de servicios externos deben cumplir con las leyes de protecci\u00f3n de datos aplicables y tratar sus datos de forma confidencial.<\/p>\n\n<hr class=\"wp-block-separator has-alpha-channel-opacity\"\/>\n\n<h2 class=\"wp-block-heading\">7. Transferencias Internacionales de Datos<\/h2>\n\n<p>Si se encuentra fuera de la Uni\u00f3n Europea, sus datos podr\u00edan transferirse y procesarse en la UE. Garantizamos la implementaci\u00f3n de las medidas de seguridad adecuadas para proteger su informaci\u00f3n durante las transferencias internacionales, de acuerdo con los requisitos del RGPD.<\/p>\n\n<hr class=\"wp-block-separator has-alpha-channel-opacity\"\/>\n\n<h2 class=\"wp-block-heading\">8. Cu\u00e1nto Tiempo Conservamos sus Datos<\/h2>\n\n<p>Conservamos sus datos personales solo el tiempo que sea necesario:<\/p>\n\n<ul class=\"wp-block-list\">\n<li><strong>Datos del Pedido:<\/strong> Hasta 10 a\u00f1os para fines legales y fiscales<\/li>\n\n\n\n<li><strong>Preferencias de Marketing:<\/strong> hasta que cancele su suscripci\u00f3n o solicite su eliminaci\u00f3n<\/li>\n<\/ul>\n\n<p>Puede solicitar la eliminaci\u00f3n de sus datos personales en cualquier momento poni\u00e9ndose en contacto con nosotros.<\/p>\n\n<hr class=\"wp-block-separator has-alpha-channel-opacity\"\/>\n\n<h2 class=\"wp-block-heading\">9. Sus Derechos seg\u00fan el RGPD<\/h2>\n\n<p>Seg\u00fan el Reglamento General de Protecci\u00f3n de Datos (RGPD), usted tiene derecho a:<\/p>\n\n<ul class=\"wp-block-list\">\n<li><strong>Acceder<\/strong> a los datos personales que tenemos sobre usted<\/li>\n\n\n\n<li><strong>Corregir<\/strong> informaci\u00f3n inexacta o incompleta<\/li>\n\n\n\n<li>Borrar sus datos personales (\u201cderecho al olvido\u201d)<\/li>\n\n\n\n<li><strong>Oponerse <\/strong>o restringir el procesamiento de sus datos<\/li>\n\n\n\n<li><strong>Solicitar portabilidad de datos<\/strong><\/li>\n\n\n\n<li><strong>Retirar el consentimiento<\/strong> en cualquier momento<\/li>\n<\/ul>\n\n<p>Para ejercer cualquiera de estos derechos, por favor cont\u00e1ctenos a <strong>[Inserte su correo electr\u00f3nico de contacto].<\/strong><\/p>\n\n<hr class=\"wp-block-separator has-alpha-channel-opacity\"\/>\n\n<h2 class=\"wp-block-heading\">10. Seguridad de Sus Datos<\/h2>\n\n<p>Tomamos medidas razonables para proteger su informaci\u00f3n personal contra accesos, alteraciones, divulgaciones o destrucci\u00f3n no autorizados. Sin embargo, ning\u00fan servicio en internet puede ser 100 % seguro. Si bien nos esforzamos por proteger sus datos, no podemos garantizar una seguridad absoluta. <\/p>\n\n<hr class=\"wp-block-separator has-alpha-channel-opacity\"\/>\n\n<h2 class=\"wp-block-heading\">11. Cambios a esta Pol\u00edtica de Privacidad<\/h2>\n\n<p>Es posible que actualicemos esta Pol\u00edtica de Privacidad peri\u00f3dicamente para reflejar cambios en nuestras pr\u00e1cticas u obligaciones legales. Cualquier cambio se publicar\u00e1 en esta p\u00e1gina con la fecha de revisi\u00f3n actualizada. Le recomendamos que revise esta pol\u00edtica peri\u00f3dicamente. <\/p>\n\n<hr class=\"wp-block-separator has-alpha-channel-opacity\"\/>\n\n<h2 class=\"wp-block-heading\">12. Cont\u00e1ctenos<\/h2>\n\n<p>Si tiene preguntas sobre esta Pol\u00edtica de privacidad o desea ejercer sus derechos bajo el RGPD, cont\u00e1ctenos:<\/p>\n\n<p>\ud83d\udce7 <strong>Correo Electr\u00f3nico: <\/strong><strong>support@latinspirit.eu<\/strong><br\/>\ud83d\udccd <strong>Direcci\u00f3n: <\/strong><strong>Slingerweg 114 4814AZ Breda<\/strong><br\/>\ud83c\udfe2 <strong>KvK: <\/strong><strong>18079333<\/strong><br\/>\ud83d\udd22 <strong>CIF: <\/strong><strong>NL002429747B30<\/strong><\/p>\n\n<hr class=\"wp-block-separator has-alpha-channel-opacity\"\/>\n\n<p>Gracias por elegir Latin Spirit EU, una marca de Super Mouse Studio. Valoramos su confianza y nos comprometemos a ser transparentes en el manejo de su informaci\u00f3n personal. <\/p>\n","protected":false},"excerpt":{"rendered":"<p>\u00daltima actualizaci\u00f3n: 16 de mayo de 2025 Bienvenido a Latin Spirit EU, una marca operada por Super Mouse Studio. Operamos<\/p>\n","protected":false},"author":1,"featured_media":0,"parent":0,"menu_order":0,"comment_status":"closed","ping_status":"closed","template":"","meta":{"footnotes":""},"class_list":["post-99069","page","type-page","status-publish","hentry"],"jetpack_sharing_enabled":true,"_links":{"self":[{"href":"https:\/\/latinspirit.eu\/es\/wp-json\/wp\/v2\/pages\/99069","targetHints":{"allow":["GET"]}}],"collection":[{"href":"https:\/\/latinspirit.eu\/es\/wp-json\/wp\/v2\/pages"}],"about":[{"href":"https:\/\/latinspirit.eu\/es\/wp-json\/wp\/v2\/types\/page"}],"author":[{"embeddable":true,"href":"https:\/\/latinspirit.eu\/es\/wp-json\/wp\/v2\/users\/1"}],"replies":[{"embeddable":true,"href":"https:\/\/latinspirit.eu\/es\/wp-json\/wp\/v2\/comments?post=99069"}],"version-history":[{"count":8,"href":"https:\/\/latinspirit.eu\/es\/wp-json\/wp\/v2\/pages\/99069\/revisions"}],"predecessor-version":[{"id":104150,"href":"https:\/\/latinspirit.eu\/es\/wp-json\/wp\/v2\/pages\/99069\/revisions\/104150"}],"wp:attachment":[{"href":"https:\/\/latinspirit.eu\/es\/wp-json\/wp\/v2\/media?parent=99069"}],"curies":[{"name":"wp","href":"https:\/\/api.w.org\/{rel}","templated":true}]}}