{"id":99079,"date":"2024-03-28T12:40:04","date_gmt":"2024-03-28T11:40:04","guid":{"rendered":"https:\/\/latinspirit.eu\/envio-rapido\/"},"modified":"2025-10-21T14:44:15","modified_gmt":"2025-10-21T12:44:15","slug":"envio-rapido","status":"publish","type":"page","link":"https:\/\/latinspirit.eu\/es\/envio-rapido\/","title":{"rendered":"ENV\u00cdO R\u00c1PIDO"},"content":{"rendered":"\n<h2 class=\"wp-block-heading\"><br\/>\ud83d\ude9a Env\u00edo r\u00e1pido y fiable a toda la Uni\u00f3n Europea<\/h2>\n\n<p>En <strong>Latin Spirit EU <\/strong>, nos comprometemos a ofrecer no s\u00f3lo productos personalizados de alta calidad, sino tambi\u00e9n una <strong>experiencia de env\u00edo r\u00e1pida y fiable <\/strong>en toda la Uni\u00f3n Europea.<\/p>\n\n<p>Todos nuestros art\u00edculos se <strong>fabrican aqu\u00ed mismo, en la UE <\/strong>, lo que garantiza plazos de entrega m\u00e1s cortos, un menor impacto medioambiental y el apoyo a las redes de distribuci\u00f3n regionales. Con nuestra eficaz log\u00edstica y socios de confianza como <strong>Printful <\/strong>, puedes esperar que tu pedido a medida llegue r\u00e1pidamente y sin estr\u00e9s.<\/p>\n\n<hr class=\"wp-block-separator has-alpha-channel-opacity\"\/>\n\n<h2 class=\"wp-block-heading\">\u23f1\ufe0f Despacho R\u00e1pido<\/h2>\n\n<p>Entendemos lo emocionante que es recibir algo hecho s\u00f3lo para ti, por eso damos prioridad a la tramitaci\u00f3n r\u00e1pida. Aunque nuestros productos se imprimen bajo demanda (para reducir los residuos), normalmente se env\u00edan en un plazo <strong>de 1 a 3 d\u00edas laborables <\/strong>despu\u00e9s de realizar el pedido.<\/p>\n\n<hr class=\"wp-block-separator has-alpha-channel-opacity\"\/>\n\n<h2 class=\"wp-block-heading\">\ud83d\udce6 Entrega eficaz dentro de la UE<\/h2>\n\n<p>Como nuestros productos se fabrican <strong>en centros de distribuci\u00f3n de la UE <\/strong>, garantizamos plazos de entrega m\u00e1s r\u00e1pidos y coherentes en toda Europa:<\/p>\n\n<ul class=\"wp-block-list\">\n<li><strong>Tiempo de producci\u00f3n: <\/strong>3-5 d\u00edas laborables<\/li>\n\n\n\n<li><strong>Plazo de entrega (dentro de la UE) <\/strong>5-10 d\u00edas laborables<\/li>\n\n\n\n<li>Los almacenes estrat\u00e9gicamente situados ayudan a minimizar los retrasos y los problemas aduaneros<\/li>\n<\/ul>\n\n<p>Tanto si est\u00e1s en una gran ciudad como en una zona m\u00e1s rural, nuestro objetivo es entregar tu paquete con la mayor eficacia posible.<\/p>\n\n<hr class=\"wp-block-separator has-alpha-channel-opacity\"\/>\n\n<h2 class=\"wp-block-heading\">\ud83d\udd0d Env\u00edos con seguimiento<\/h2>\n\n<p>La transparencia es importante, por eso todos los pedidos tienen <strong>un seguimiento en tiempo real <\/strong>. Una vez enviado el art\u00edculo, recibir\u00e1s un correo electr\u00f3nico de confirmaci\u00f3n con un n\u00famero de seguimiento para que puedas seguir el paquete desde el almac\u00e9n hasta la puerta de tu casa.<\/p>\n\n<hr class=\"wp-block-separator has-alpha-channel-opacity\"\/>\n\n<h2 class=\"wp-block-heading\">\ud83c\udf0d Fabricado en la UE &#8211; Para una entrega m\u00e1s r\u00e1pida y ecol\u00f3gica<\/h2>\n\n<p>Elegir productos fabricados en la UE significa:<\/p>\n\n<p>\u2705 <strong>Env\u00edos m\u00e1s r\u00e1pidos <\/strong>: no hay largos tiempos de tr\u00e1nsito internacional<br\/>\u2705 <strong>Menor huella de carbono <\/strong>: se reducen las distancias de transporte<br\/>\u2705 <strong>Sin derechos de aduana <\/strong>: todo se env\u00eda dentro de la UE<br\/>\u2705 <strong>Mayor control de calidad <\/strong>: a trav\u00e9s de socios de cumplimiento de confianza<\/p>\n\n<p>Al producir localmente, nos aseguramos de que tu pedido te llegue antes, al tiempo que ayudamos a proteger el planeta.<\/p>\n\n<hr class=\"wp-block-separator has-alpha-channel-opacity\"\/>\n\n<h2 class=\"wp-block-heading\">\ud83d\udcac Satisfacci\u00f3n del cliente garantizada<\/h2>\n\n<p>Tu satisfacci\u00f3n es nuestra m\u00e1xima prioridad. Creemos en la combinaci\u00f3n de <strong>una producci\u00f3n sostenible <\/strong>con una <strong>entrega eficaz <\/strong>, para que puedas comprar con confianza sabiendo que tu pedido llegar\u00e1 a tiempo.<\/p>\n\n<p>Desde el dise\u00f1o hasta la entrega, estamos aqu\u00ed para que tu experiencia sea fluida y agradable.<\/p>\n\n<hr class=\"wp-block-separator has-alpha-channel-opacity\"\/>\n\n<h2 class=\"wp-block-heading\">\ud83d\uded2 Haz tu pedido con confianza<\/h2>\n\n<p>Compra en Latin Spirit EU con tranquilidad, sabiendo que:<\/p>\n\n<p>\u2705 Tu pedido se produce con cuidado &#8211; <strong>en la UE<\/strong><br\/>\u2705 Se env\u00eda r\u00e1pidamente dentro de la UE<br\/>\u2705 Siempre recibir\u00e1s actualizaciones de seguimiento en tiempo real<br\/>\u2705 Nuestro equipo est\u00e1 aqu\u00ed para ayudarte si algo va mal<\/p>\n\n<hr class=\"wp-block-separator has-alpha-channel-opacity\"\/>\n\n<p>Si tienes alguna pregunta sobre el env\u00edo o tu pedido, no dudes en ponerte en contacto con nosotros en cualquier momento.<\/p>\n\n<p><strong>\ud83d\udce7 Correo electr\u00f3nico: <\/strong><strong>support@latinspirit.eu<\/strong><br\/><strong>\ud83d\udccd<\/strong> <strong>Direcci\u00f3n: <\/strong><strong>Slingerweg 114<\/strong> | 4814 AZ Breda &#8211; Pa\u00edses Bajos<\/p>\n","protected":false},"excerpt":{"rendered":"<p>\ud83d\ude9a Env\u00edo r\u00e1pido y fiable a toda la Uni\u00f3n Europea En Latin Spirit EU , nos comprometemos a ofrecer no<\/p>\n","protected":false},"author":1,"featured_media":0,"parent":0,"menu_order":0,"comment_status":"closed","ping_status":"closed","template":"","meta":{"footnotes":""},"class_list":["post-99079","page","type-page","status-publish","hentry"],"jetpack_sharing_enabled":true,"_links":{"self":[{"href":"https:\/\/latinspirit.eu\/es\/wp-json\/wp\/v2\/pages\/99079","targetHints":{"allow":["GET"]}}],"collection":[{"href":"https:\/\/latinspirit.eu\/es\/wp-json\/wp\/v2\/pages"}],"about":[{"href":"https:\/\/latinspirit.eu\/es\/wp-json\/wp\/v2\/types\/page"}],"author":[{"embeddable":true,"href":"https:\/\/latinspirit.eu\/es\/wp-json\/wp\/v2\/users\/1"}],"replies":[{"embeddable":true,"href":"https:\/\/latinspirit.eu\/es\/wp-json\/wp\/v2\/comments?post=99079"}],"version-history":[{"count":2,"href":"https:\/\/latinspirit.eu\/es\/wp-json\/wp\/v2\/pages\/99079\/revisions"}],"predecessor-version":[{"id":99268,"href":"https:\/\/latinspirit.eu\/es\/wp-json\/wp\/v2\/pages\/99079\/revisions\/99268"}],"wp:attachment":[{"href":"https:\/\/latinspirit.eu\/es\/wp-json\/wp\/v2\/media?parent=99079"}],"curies":[{"name":"wp","href":"https:\/\/api.w.org\/{rel}","templated":true}]}}