{"id":99081,"date":"2024-03-28T13:02:41","date_gmt":"2024-03-28T12:02:41","guid":{"rendered":"https:\/\/latinspirit.eu\/opciones-de-pago-flexibles\/"},"modified":"2025-10-30T13:27:15","modified_gmt":"2025-10-30T12:27:15","slug":"opciones-de-pago-flexibles","status":"publish","type":"page","link":"https:\/\/latinspirit.eu\/es\/opciones-de-pago-flexibles\/","title":{"rendered":"OPCIONES DE PAGO FLEXIBLES"},"content":{"rendered":"\n<p>En <strong>Latin Spirit EU <\/strong>, creemos que comprar debe ser f\u00e1cil, seguro y adaptado a tus preferencias. Por eso ofrecemos una variedad de m\u00e9todos de pago de confianza para que tu compra sea lo m\u00e1s c\u00f3moda y sencilla posible. <\/p>\n\n<p>Tanto si prefieres utilizar una tarjeta de cr\u00e9dito, una transferencia bancaria local o un monedero digital, te tenemos cubierto.<\/p>\n\n<hr class=\"wp-block-separator has-alpha-channel-opacity\"\/>\n\n<h2 class=\"wp-block-heading\">\u2705 Por qu\u00e9 ofrecemos m\u00faltiples formas de pago<\/h2>\n\n<p>Ofrecer opciones de pago flexibles es algo m\u00e1s que comodidad: es darte <strong>libertad, seguridad y confianza <\/strong>al comprar con nosotros.<\/p>\n\n<p>As\u00ed es como apoyamos a nuestra diversa base de clientes de la UE:<\/p>\n\n<h3 class=\"wp-block-heading\">\ud83c\udfaf <strong>Elecci\u00f3n del cliente<\/strong><\/h3>\n\n<p>Todo el mundo tiene su forma preferida de pagar. Ya sea una tarjeta de cr\u00e9dito tradicional o un m\u00e9todo de pago local como iDEAL (Pa\u00edses Bajos), GiroPay (Alemania) o Przelewy24 (Polonia), nuestro objetivo es apoyar las soluciones de pago m\u00e1s populares y fiables de toda Europa. <\/p>\n\n<h3 class=\"wp-block-heading\">\ud83d\udcc8 <strong>Mayor conversi\u00f3n, menor abandono del carrito<\/strong><\/h3>\n\n<p>Al ofrecer opciones de pago conocidas y de confianza, reducimos la fricci\u00f3n en la caja, lo que se traduce en menos carritos abandonados y m\u00e1s compras satisfactorias.<\/p>\n\n<h3 class=\"wp-block-heading\">\ud83c\udf0d <strong>Compatible con la UE y localizado<\/strong><\/h3>\n\n<p>Entendemos que los distintos pa\u00edses tienen h\u00e1bitos de pago diferentes. Por eso admitimos m\u00e9todos espec\u00edficos de cada regi\u00f3n, como: <\/p>\n\n<ul class=\"wp-block-list\">\n<li><strong>iDEAL <\/strong>(Pa\u00edses Bajos)<\/li>\n\n\n\n<li><strong>GiroPay \/ SOFORT <\/strong>(Alemania)<\/li>\n\n\n\n<li><strong>Przelewy24 <\/strong>(Polonia)<\/li>\n\n\n\n<li><strong>EPS <\/strong>(Austria)<\/li>\n\n\n\n<li><strong>Multibanco <\/strong>(Portugal)<\/li>\n\n\n\n<li><strong>Adeudo directo SEPA <\/strong>(en toda la UE)<\/li>\n<\/ul>\n\n<p>Esto ayuda a garantizar una experiencia de compra fluida, est\u00e9s donde est\u00e9s en la UE.<\/p>\n\n<h3 class=\"wp-block-heading\">\ud83d\udd12 <strong>Seguridad en la que puedes confiar<\/strong><\/h3>\n\n<p>Todos los pagos se procesan a trav\u00e9s de pasarelas seguras como <strong>Stripe <\/strong>y <strong>PayPal <\/strong>, utilizando tecnolog\u00edas de encriptaci\u00f3n y protecci\u00f3n contra el fraude para mantener tus datos seguros.<\/p>\n\n<p>Puedes comprar con la tranquilidad de saber que tu informaci\u00f3n financiera nunca se almacena en nuestros servidores.<\/p>\n\n<hr class=\"wp-block-separator has-alpha-channel-opacity\"\/>\n\n<h2 class=\"wp-block-heading\">\ud83d\udcb3 Formas de pago disponibles<\/h2>\n\n<p>Actualmente aceptamos:<\/p>\n\n<ul class=\"wp-block-list\">\n<li>Visa, Mastercard, American Express<\/li>\n\n\n\n<li>PayPal<\/li>\n\n\n\n<li>iDEAL (Pa\u00edses Bajos)<\/li>\n\n\n\n<li>GiroPay &amp; SOFORT (Alemania)<\/li>\n\n\n\n<li>Przelewy24 (Polonia)<\/li>\n\n\n\n<li>EPS (Austria)<\/li>\n\n\n\n<li>Multibanco (Portugal)<\/li>\n\n\n\n<li>Adeudo directo SEPA (en toda la UE)<\/li>\n\n\n\n<li>Bankcontact \/ Bancontact M\u00f3vil (B\u00e9lgica)<\/li>\n<\/ul>\n\n<blockquote class=\"wp-block-quote is-layout-flow wp-block-quote-is-layout-flow\">\n<p><em>Las opciones disponibles pueden variar en funci\u00f3n de tu pa\u00eds y dispositivo.<\/em><\/p>\n<\/blockquote>\n\n<hr class=\"wp-block-separator has-alpha-channel-opacity\"\/>\n\n<h2 class=\"wp-block-heading\">\ud83d\udcac \u00bfNecesitas ayuda con el pago?<\/h2>\n\n<p>Si tienes alg\u00fan problema al pagar o quieres saber m\u00e1s sobre un m\u00e9todo de pago concreto, no dudes en ponerte en contacto con nuestro equipo de atenci\u00f3n al cliente. Siempre estamos aqu\u00ed para ayudarte. <\/p>\n\n<p><strong>\ud83d\udce7 Correo electr\u00f3nico: <\/strong><strong>support@latinspirit.eu<\/strong><br\/><strong>\ud83d\udccd<\/strong> <strong>Direcci\u00f3n: <\/strong><strong>Slingerweg<\/strong> 114 | 4814 AZ Breda &#8211; Pa\u00edses Bajos<\/p>\n\n<hr class=\"wp-block-separator has-alpha-channel-opacity\"\/>\n\n<p>Gracias por elegir <strong>Latin Spirit EU <\/strong>&#8211; donde <strong>el estilo se une a la sostenibilidad <\/strong>, y <strong>las compras a la simplicidad <\/strong>.<\/p>\n\n<p><\/p>\n","protected":false},"excerpt":{"rendered":"<p>En Latin Spirit EU , creemos que comprar debe ser f\u00e1cil, seguro y adaptado a tus preferencias. Por eso ofrecemos<\/p>\n","protected":false},"author":1,"featured_media":0,"parent":0,"menu_order":0,"comment_status":"closed","ping_status":"closed","template":"","meta":{"footnotes":""},"class_list":["post-99081","page","type-page","status-publish","hentry"],"jetpack_sharing_enabled":true,"_links":{"self":[{"href":"https:\/\/latinspirit.eu\/es\/wp-json\/wp\/v2\/pages\/99081","targetHints":{"allow":["GET"]}}],"collection":[{"href":"https:\/\/latinspirit.eu\/es\/wp-json\/wp\/v2\/pages"}],"about":[{"href":"https:\/\/latinspirit.eu\/es\/wp-json\/wp\/v2\/types\/page"}],"author":[{"embeddable":true,"href":"https:\/\/latinspirit.eu\/es\/wp-json\/wp\/v2\/users\/1"}],"replies":[{"embeddable":true,"href":"https:\/\/latinspirit.eu\/es\/wp-json\/wp\/v2\/comments?post=99081"}],"version-history":[{"count":2,"href":"https:\/\/latinspirit.eu\/es\/wp-json\/wp\/v2\/pages\/99081\/revisions"}],"predecessor-version":[{"id":99084,"href":"https:\/\/latinspirit.eu\/es\/wp-json\/wp\/v2\/pages\/99081\/revisions\/99084"}],"wp:attachment":[{"href":"https:\/\/latinspirit.eu\/es\/wp-json\/wp\/v2\/media?parent=99081"}],"curies":[{"name":"wp","href":"https:\/\/api.w.org\/{rel}","templated":true}]}}