{"id":99100,"date":"2024-03-27T12:18:22","date_gmt":"2024-03-27T11:18:22","guid":{"rendered":"https:\/\/latinspirit.eu\/espiritu-latino\/quienes-somos\/"},"modified":"2025-10-14T23:54:51","modified_gmt":"2025-10-14T21:54:51","slug":"quienes-somos","status":"publish","type":"page","link":"https:\/\/latinspirit.eu\/es\/quienes-somos\/","title":{"rendered":"Qui\u00e9nes somos"},"content":{"rendered":"\n<h2 class=\"wp-block-heading\">\u00bfQui\u00e9nes somos? &#8211; Una Celebraci\u00f3n del Esp\u00edritu Latino <\/h2>\n\n<p>En <strong>Latin Spirit EU <\/strong>, somos m\u00e1s que una marca. Somos un latido. Un ritmo. Un homenaje al lugar de donde venimos y a la cultura que vive en nuestras almas.   <\/p>\n\n<h2 class=\"wp-block-heading\">Una marca nacida de la identidad<\/h2>\n\n<p>Latin Spirit naci\u00f3 de un profundo amor por mis ra\u00edces y del anhelo de llevarlas conmigo.<\/p>\n\n<p>Como peruana que vive en Holanda, a menudo echaba de menos el ritmo, el color y el alma de Latinoam\u00e9rica. As\u00ed que cre\u00e9 algo que sent\u00eda como mi hogar, algo que habla de qui\u00e9n soy y de todos los que se sienten conectados a nuestra hermosa cultura. <\/p>\n\n<p>Esto es m\u00e1s que moda.<br\/>Es orgullo. Memoria. Coraz\u00f3n.<br\/>Un homenaje a nuestro origen y al esp\u00edritu que viaja con nosotros.  <\/p>\n\n<h2 class=\"wp-block-heading\">Para latinos en Europa y amantes de la cultura latina<\/h2>\n\n<p>Latin Spirit est\u00e1 hecho para:<\/p>\n\n<ul class=\"wp-block-list\">\n<li><strong>Latinoamericanos que viven en Europa <\/strong>, aferrados a su herencia<\/li>\n\n\n\n<li><strong>Bailarines de salsa y bachata <\/strong>, que viven y respiran la m\u00fasica<\/li>\n\n\n\n<li><strong>Amantes de la cultura<\/strong>, que sienten el pulso de los ritmos latinos en sus corazones<\/li>\n<\/ul>\n\n<p>Ya est\u00e9s bailando en una milonga, celebrando un momento familiar o simplemente caminando por la vida, \u00e9ste es tu espacio para lucir con orgullo tu pasi\u00f3n.<\/p>\n\n<h2 class=\"wp-block-heading\">Donde la tradici\u00f3n se encuentra con el latido de la actualidad<\/h2>\n\n<p>Cada dise\u00f1o que ofrecemos es un homenaje a la <strong>creatividad, la resistencia y la belleza <\/strong>de la cultura latina.<\/p>\n\n<p>Mezclamos motivos tradicionales con un estilo moderno, creando piezas que resultan nost\u00e1lgicas y frescas a la vez. Cada art\u00edculo cuenta una historia: de familia, ritmo, celebraci\u00f3n y orgullo. <\/p>\n\n<p>Porque cuando vistes Latin Spirit, no s\u00f3lo llevas una camiseta: llevas un trozo de tu historia.<\/p>\n\n<h2 class=\"wp-block-heading\">Moda con conciencia<\/h2>\n\n<p>Creemos que el estilo no debe costar la Tierra.<\/p>\n\n<p>Por eso todos nuestros productos se fabrican utilizando un <strong>modelo de impresi\u00f3n bajo demanda<\/strong>, lo que significa que no hay sobreproducci\u00f3n, ni residuos, ni un impacto innecesario sobre el medio ambiente.<\/p>\n\n<p>Tambi\u00e9n ofrecemos <strong>materiales ecol\u00f3gicos <\/strong>, como algod\u00f3n org\u00e1nico y tintas sostenibles, para que puedas expresar tu orgullo latino al tiempo que apoyas un planeta m\u00e1s verde.<\/p>\n\n<h2 class=\"wp-block-heading\">Un movimiento de orgullo y pertenencia<\/h2>\n\n<p>Latin Spirit es m\u00e1s que una marca: es un <strong>movimiento impulsado por la comunidad <\/strong>.<\/p>\n\n<p>Creemos en:<\/p>\n\n<ul class=\"wp-block-list\">\n<li><strong>Celebrar la identidad<\/strong>: todos los matices de la cultura latina merecen ser vistos<\/li>\n\n\n\n<li><strong>Compartir la alegr\u00eda<\/strong>: en la m\u00fasica, la danza, la lengua y la tradici\u00f3n<\/li>\n\n\n\n<li><strong>Acogiendo a todos,<\/strong> tanto si has nacido en ella como si te has enamorado de ella, esta cultura tambi\u00e9n es tuya<\/li>\n<\/ul>\n\n<p>Estamos construyendo un espacio en el que la gente pueda conectarse, expresarse y honrar lo que la hace \u00fanica como parte de Latin Spirit.<\/p>\n\n<hr class=\"wp-block-separator has-alpha-channel-opacity\"\/>\n\n<h2 class=\"wp-block-heading\">Lleva tu Pasi\u00f3n con Prop\u00f3sito<\/h2>\n\n<p>\u00danete a nosotros para celebrar la cultura latina de forma aut\u00e9ntica, sostenible y con estilo.<\/p>\n\n<p>Explora nuestra colecci\u00f3n, encuentra los dise\u00f1os que hablan a tu coraz\u00f3n y lleva tu orgullo con orgullo.<\/p>\n\n<h3 class=\"wp-block-heading\">\u00a1Viva el Esp\u00edritu Latino! \ud83d\udd25<\/h3>\n\n<p><a href=\"https:\/\/latinspirit.eu\/shop\/\" target=\"_blank\" rel=\"noreferrer noopener\">Compra ahora<\/a> <a href=\"https:\/\/chat.qwen.ai\/c\/e8dcb94f-fb62-4499-a439-37410df4f65e#\" target=\"_blank\" rel=\"noreferrer noopener\"> <\/a>y lleva tu Latin Spirit con determinaci\u00f3n<\/p>\n","protected":false},"excerpt":{"rendered":"<p>\u00bfQui\u00e9nes somos? &#8211; Una Celebraci\u00f3n del Esp\u00edritu Latino En Latin Spirit EU , somos m\u00e1s que una marca. Somos un<\/p>\n","protected":false},"author":1,"featured_media":0,"parent":0,"menu_order":0,"comment_status":"closed","ping_status":"closed","template":"","meta":{"footnotes":""},"class_list":["post-99100","page","type-page","status-publish","hentry"],"jetpack_sharing_enabled":true,"_links":{"self":[{"href":"https:\/\/latinspirit.eu\/es\/wp-json\/wp\/v2\/pages\/99100","targetHints":{"allow":["GET"]}}],"collection":[{"href":"https:\/\/latinspirit.eu\/es\/wp-json\/wp\/v2\/pages"}],"about":[{"href":"https:\/\/latinspirit.eu\/es\/wp-json\/wp\/v2\/types\/page"}],"author":[{"embeddable":true,"href":"https:\/\/latinspirit.eu\/es\/wp-json\/wp\/v2\/users\/1"}],"replies":[{"embeddable":true,"href":"https:\/\/latinspirit.eu\/es\/wp-json\/wp\/v2\/comments?post=99100"}],"version-history":[{"count":3,"href":"https:\/\/latinspirit.eu\/es\/wp-json\/wp\/v2\/pages\/99100\/revisions"}],"predecessor-version":[{"id":99103,"href":"https:\/\/latinspirit.eu\/es\/wp-json\/wp\/v2\/pages\/99100\/revisions\/99103"}],"wp:attachment":[{"href":"https:\/\/latinspirit.eu\/es\/wp-json\/wp\/v2\/media?parent=99100"}],"curies":[{"name":"wp","href":"https:\/\/api.w.org\/{rel}","templated":true}]}}