{"id":99111,"date":"2024-03-28T12:21:11","date_gmt":"2024-03-28T11:21:11","guid":{"rendered":"https:\/\/latinspirit.eu\/pago-seguro\/"},"modified":"2025-10-21T14:36:41","modified_gmt":"2025-10-21T12:36:41","slug":"pago-seguro","status":"publish","type":"page","link":"https:\/\/latinspirit.eu\/es\/pago-seguro\/","title":{"rendered":"PAGO SEGURO"},"content":{"rendered":"\n<p>En <strong>Latin Spirit EU <\/strong>, tu seguridad es nuestra m\u00e1xima prioridad. Nos comprometemos a ofrecerte una <strong>experiencia de compra segura, fluida y fiable <\/strong>, para que puedas centrarte en lo que m\u00e1s importa: encontrar los productos que te gustan. <\/p>\n\n<p>Todas las transacciones en nuestro sitio web se procesan utilizando <strong>medidas de seguridad l\u00edderes en el sector<\/strong>, garantizando que tu informaci\u00f3n de pago permanezca privada y protegida en todo momento.<\/p>\n\n<hr class=\"wp-block-separator has-alpha-channel-opacity\"\/>\n\n<h2 class=\"wp-block-heading\">\ud83d\udee1\ufe0f C\u00f3mo mantenemos seguros tus pagos<\/h2>\n\n<h3 class=\"wp-block-heading\">\u2705 Cifrado SSL<\/h3>\n\n<p>Todos los datos sensibles -incluidos los datos de la tarjeta de cr\u00e9dito y la informaci\u00f3n personal- se transmiten utilizando <strong>la tecnolog\u00eda Secure Socket Layer (SSL) <\/strong>, que garantiza que tus datos est\u00e1n encriptados y protegidos de accesos no autorizados durante la transmisi\u00f3n.<\/p>\n\n<h3 class=\"wp-block-heading\">\u2705 Cumplimiento de PCI DSS<\/h3>\n\n<p>Cumplimos la <strong>Norma de Seguridad de Datos del Sector de las Tarjetas de Pago (PCI DSS) <\/strong>, la norma mundial m\u00e1s estricta para proteger los datos de pago. Esto significa que seguimos procedimientos estrictos para proteger tu informaci\u00f3n financiera y garantizar un procesamiento seguro de los pagos. <\/p>\n\n<h3 class=\"wp-block-heading\">\u2705 Tecnolog\u00eda de Tokenizaci\u00f3n<\/h3>\n\n<p>Utilizamos <strong>la tokenizaci\u00f3n <\/strong>para sustituir la informaci\u00f3n de pago sensible por tokens \u00fanicos y no sensibles. Como resultado, los datos reales de tu tarjeta de cr\u00e9dito nunca se almacenan en nuestros servidores, lo que reduce significativamente el riesgo de violaci\u00f3n de datos. <\/p>\n\n<h3 class=\"wp-block-heading\">Pasarelas de pago de confianza<\/h3>\n\n<p>S\u00f3lo nos asociamos con <strong>pasarelas de pago fiables y seguras <\/strong>, como Stripe, PayPal y otros proveedores de confianza. Estas plataformas utilizan sistemas avanzados de encriptaci\u00f3n y prevenci\u00f3n del fraude para mantener seguras tus transacciones. <\/p>\n\n<h3 class=\"wp-block-heading\">\u2705 Detecci\u00f3n de fraude en tiempo real<\/h3>\n\n<p>Nuestro sistema incluye <strong>herramientas automatizadas de detecci\u00f3n del fraude <\/strong>que supervisan las transacciones 24 horas al d\u00eda, 7 d\u00edas a la semana. Cualquier actividad sospechosa se marca inmediatamente, a\u00f1adiendo una capa adicional de protecci\u00f3n a cada compra que hagas. <\/p>\n\n<hr class=\"wp-block-separator has-alpha-channel-opacity\"\/>\n\n<h2 class=\"wp-block-heading\">\ud83d\udcac \u00bfPor qu\u00e9 confiar en nosotros?<\/h2>\n\n<p>Somos conscientes de lo importante que es sentirse seguro al comprar en Internet. Por eso invertimos en las \u00faltimas tecnolog\u00edas de seguridad y trabajamos exclusivamente con socios certificados que comparten nuestro compromiso con la seguridad y la transparencia. <\/p>\n\n<p>Tu privacidad y seguridad financiera no son s\u00f3lo pol\u00edticas: forman parte de nuestros valores.<\/p>\n\n<hr class=\"wp-block-separator has-alpha-channel-opacity\"\/>\n\n<p>Si tienes alguna pregunta sobre nuestra seguridad de pago o necesitas ayuda con una transacci\u00f3n, no dudes en ponerte en contacto con nuestro equipo de atenci\u00f3n al cliente. Estamos siempre a tu disposici\u00f3n. <\/p>\n\n<p><strong>\ud83d\udce7 Correo electr\u00f3nico: <\/strong><strong>support@latinspirit.eu<\/strong><br\/><strong>\ud83d\udccd<\/strong> <strong>Direcci\u00f3n: <\/strong><strong>slingerweg 114 | 4814 AZ Breda &#8211; Pa\u00edses Bajos<\/strong><\/p>\n\n<p><\/p>\n","protected":false},"excerpt":{"rendered":"<p>En Latin Spirit EU , tu seguridad es nuestra m\u00e1xima prioridad. Nos comprometemos a ofrecerte una experiencia de compra segura,<\/p>\n","protected":false},"author":1,"featured_media":0,"parent":0,"menu_order":0,"comment_status":"closed","ping_status":"closed","template":"","meta":{"footnotes":""},"class_list":["post-99111","page","type-page","status-publish","hentry"],"jetpack_sharing_enabled":true,"_links":{"self":[{"href":"https:\/\/latinspirit.eu\/es\/wp-json\/wp\/v2\/pages\/99111","targetHints":{"allow":["GET"]}}],"collection":[{"href":"https:\/\/latinspirit.eu\/es\/wp-json\/wp\/v2\/pages"}],"about":[{"href":"https:\/\/latinspirit.eu\/es\/wp-json\/wp\/v2\/types\/page"}],"author":[{"embeddable":true,"href":"https:\/\/latinspirit.eu\/es\/wp-json\/wp\/v2\/users\/1"}],"replies":[{"embeddable":true,"href":"https:\/\/latinspirit.eu\/es\/wp-json\/wp\/v2\/comments?post=99111"}],"version-history":[{"count":2,"href":"https:\/\/latinspirit.eu\/es\/wp-json\/wp\/v2\/pages\/99111\/revisions"}],"predecessor-version":[{"id":99113,"href":"https:\/\/latinspirit.eu\/es\/wp-json\/wp\/v2\/pages\/99111\/revisions\/99113"}],"wp:attachment":[{"href":"https:\/\/latinspirit.eu\/es\/wp-json\/wp\/v2\/media?parent=99111"}],"curies":[{"name":"wp","href":"https:\/\/api.w.org\/{rel}","templated":true}]}}