{"id":100661,"date":"2024-04-18T15:12:26","date_gmt":"2024-04-18T13:12:26","guid":{"rendered":"https:\/\/latinspirit.eu\/product\/camiseta-colombia\/"},"modified":"2026-01-11T00:21:18","modified_gmt":"2026-01-10T23:21:18","slug":"camiseta-colombia","status":"publish","type":"product","link":"https:\/\/latinspirit.eu\/es\/product\/camiseta-colombia\/","title":{"rendered":"Camiseta Colombia"},"content":{"rendered":"<p data-start=\"236\" data-end=\"475\">\u00bfLlevas a Colombia en el coraz\u00f3n? Esta camiseta es para ti. L\u00facela con orgullo con el dise\u00f1o vibrante de la bandera colombiana. Calidad premium y comodidad insuperable. <span class=\"relative -mx-px my-[-0.2rem] rounded px-px py-[0.2rem] transition-colors duration-100 ease-in-out\">\u00bfLlevas a Colombia en el coraz\u00f3n? Esta camiseta es para ti. L\u00facela con orgullo con el dise\u00f1o vibrante de la bandera colombiana. Calidad premium y comodidad insuperable.<\/span><\/p>\n<p data-start=\"477\" data-end=\"500\"><strong data-start=\"477\" data-end=\"500\">LO QUE HACE ESPECIAL ESTA CAMISETA:<\/strong><\/p>\n<ul data-start=\"502\" data-end=\"783\">\n<li data-start=\"502\" data-end=\"561\">\n<p data-start=\"504\" data-end=\"561\"><strong data-start=\"504\" data-end=\"523\"><span class=\"relative -mx-px my-[-0.2rem] rounded px-px py-[0.2rem] transition-colors duration-100 ease-in-out\">Orgullo Cultural:<\/span><\/strong> luce el dise\u00f1o vibrante y lleno de vida de la bandera colombiana. Lleva contigo tus ra\u00edces a donde vayas.<\/p>\n<\/li>\n<li data-start=\"562\" data-end=\"622\">\n<p data-start=\"564\" data-end=\"622\"><strong data-start=\"564\" data-end=\"584\"><span class=\"relative -mx-px my-[-0.2rem] rounded px-px py-[0.2rem] transition-colors duration-100 ease-in-out\">Calidad Premium:<\/span><\/strong> confeccionada en 100% algod\u00f3n peinado y anillado, suave al tacto y c\u00f3moda desde el primer uso.<\/p>\n<\/li>\n<li data-start=\"623\" data-end=\"681\">\n<p data-start=\"625\" data-end=\"681\"><strong data-start=\"625\" data-end=\"641\">Ajuste Relajado:<\/strong> ideal para el d\u00eda a d\u00eda, con un corte que te permite moverte con total libertad.<\/p>\n<\/li>\n<li data-start=\"682\" data-end=\"783\">\n<p data-start=\"684\" data-end=\"783\"><strong data-start=\"684\" data-end=\"704\"><span class=\"relative -mx-px my-[-0.2rem] rounded px-px py-[0.2rem] transition-colors duration-100 ease-in-out\">Estilo Vers\u00e1til:<\/span><\/strong> comb\u00ednala con jeans, shorts o debajo de una chaqueta. \u00a1Un b\u00e1sico que no falla!<\/p>\n<\/li>\n<\/ul>\n<p data-start=\"785\" data-end=\"812\"><strong data-start=\"785\" data-end=\"812\">Especificaciones del Producto:<\/strong><\/p>\n<ul data-start=\"814\" data-end=\"1080\">\n<li data-start=\"814\" data-end=\"869\">\n<p data-start=\"816\" data-end=\"869\"><strong data-start=\"816\" data-end=\"829\">Material:<\/strong> 100% algod\u00f3n peinado y anillado (los colores heather incluyen poli\u00e9ster)<\/p>\n<\/li>\n<li data-start=\"870\" data-end=\"930\">\n<p data-start=\"872\" data-end=\"930\"><strong data-start=\"872\" data-end=\"890\"><span class=\"relative -mx-px my-[-0.2rem] rounded px-px py-[0.2rem] transition-colors duration-100 ease-in-out\">Peso de la tela:<\/span><\/strong> 4.2 oz\/yd\u00b2 (142 g\/m\u00b2)<\/p>\n<\/li>\n<li data-start=\"931\" data-end=\"981\">\n<p data-start=\"933\" data-end=\"981\"><span class=\"relative -mx-px my-[-0.2rem] rounded px-px py-[0.2rem] transition-colors duration-100 ease-in-out\"><strong data-start=\"933\" data-end=\"941\">Ajuste:<\/strong><\/span> Relaxed Fit<\/p>\n<\/li>\n<li data-start=\"982\" data-end=\"1080\">\n<p data-start=\"984\" data-end=\"1080\"><strong data-start=\"984\" data-end=\"1001\"><span class=\"relative -mx-px my-[-0.2rem] rounded px-px py-[0.2rem] transition-colors duration-100 ease-in-out\">Construcci\u00f3n:<\/span><\/strong> tela preencogida, costuras laterales, cuello redondo<\/p>\n<\/li>\n<\/ul>\n<p data-start=\"1082\" data-end=\"1115\"><strong data-start=\"1082\" data-end=\"1115\">Lleva Contigo el Esp\u00edritu Colombiano:<\/strong><\/p>\n<p data-start=\"1117\" data-end=\"1349\"><em data-start=\"1168\" data-end=\"1186\"><span class=\"relative -mx-px my-[-0.2rem] rounded px-px py-[0.2rem] transition-colors duration-100 ease-in-out\">\u00bfListo para conectar con lo mejor de Colombia?<\/span><\/em> Esta camiseta es m\u00e1s que un outfit: es un tributo a un pa\u00eds que inspira al mundo. P\u00f3ntela y deja claro d\u00f3nde late tu coraz\u00f3n. <\/p>\n<p data-start=\"1351\" data-end=\"1370\"><strong data-start=\"1351\" data-end=\"1370\">Confeccionada bajo Demanda:Made on Demand:<\/strong><\/p>\n<p data-start=\"1372\" data-end=\"1490\"><span class=\"relative -mx-px my-[-0.2rem] rounded px-px py-[0.2rem] transition-colors duration-100 ease-in-out\">Cada camiseta se produce especialmente para ti despu\u00e9s de tu pedido, reduciendo el desperdicio y apoyando una moda m\u00e1s consciente.<\/span> <span class=\"relative -mx-px my-[-0.2rem] rounded px-px py-[0.2rem] transition-colors duration-100 ease-in-out\">Al elegirla, te sumas a un futuro con m\u00e1s estilo y menos impacto.<\/span><\/p>\n","protected":false},"excerpt":{"rendered":"<p>Celebra con orgullo tu esencia colombiana con esta camiseta cl\u00e1sica: dise\u00f1o ic\u00f3nico de la bandera, comodidad premium y confecci\u00f3n sostenible.<\/p>\n","protected":false},"featured_media":100662,"comment_status":"open","ping_status":"closed","template":"","meta":[],"product_brand":[],"product_cat":[387],"product_tag":[],"class_list":{"0":"post-100661","1":"product","2":"type-product","3":"status-publish","4":"has-post-thumbnail","6":"product_cat-camisetas-caballeros","7":"product_shipping_class-shirts","9":"first","10":"instock","11":"taxable","12":"shipping-taxable","13":"purchasable","14":"product-type-variable"},"jetpack_sharing_enabled":true,"_links":{"self":[{"href":"https:\/\/latinspirit.eu\/es\/wp-json\/wp\/v2\/product\/100661","targetHints":{"allow":["GET"]}}],"collection":[{"href":"https:\/\/latinspirit.eu\/es\/wp-json\/wp\/v2\/product"}],"about":[{"href":"https:\/\/latinspirit.eu\/es\/wp-json\/wp\/v2\/types\/product"}],"replies":[{"embeddable":true,"href":"https:\/\/latinspirit.eu\/es\/wp-json\/wp\/v2\/comments?post=100661"}],"version-history":[{"count":2,"href":"https:\/\/latinspirit.eu\/es\/wp-json\/wp\/v2\/product\/100661\/revisions"}],"predecessor-version":[{"id":100939,"href":"https:\/\/latinspirit.eu\/es\/wp-json\/wp\/v2\/product\/100661\/revisions\/100939"}],"wp:featuredmedia":[{"embeddable":true,"href":"https:\/\/latinspirit.eu\/es\/wp-json\/wp\/v2\/media\/100662"}],"wp:attachment":[{"href":"https:\/\/latinspirit.eu\/es\/wp-json\/wp\/v2\/media?parent=100661"}],"wp:term":[{"taxonomy":"product_brand","embeddable":true,"href":"https:\/\/latinspirit.eu\/es\/wp-json\/wp\/v2\/product_brand?post=100661"},{"taxonomy":"product_cat","embeddable":true,"href":"https:\/\/latinspirit.eu\/es\/wp-json\/wp\/v2\/product_cat?post=100661"},{"taxonomy":"product_tag","embeddable":true,"href":"https:\/\/latinspirit.eu\/es\/wp-json\/wp\/v2\/product_tag?post=100661"}],"curies":[{"name":"wp","href":"https:\/\/api.w.org\/{rel}","templated":true}]}}