{"id":101047,"date":"2024-04-17T15:05:22","date_gmt":"2024-04-17T13:05:22","guid":{"rendered":"https:\/\/latinspirit.eu\/product\/taza-feliz-dia-mama-un-sentido-homenaje-a-mama\/"},"modified":"2026-01-11T00:25:52","modified_gmt":"2026-01-10T23:25:52","slug":"taza-feliz-dia-mama-un-sentido-homenaje-a-mama","status":"publish","type":"product","link":"https:\/\/latinspirit.eu\/es\/product\/taza-feliz-dia-mama-un-sentido-homenaje-a-mama\/","title":{"rendered":"Taza \u00abFeliz D\u00eda Mam\u00e1\u00bb \u2013 Un Sentido Homenaje a Mam\u00e1"},"content":{"rendered":"<p data-start=\"244\" data-end=\"540\">Celebra a la mujer incre\u00edble que llena tu vida de amor y calidez con nuestra taza <em data-start=\"325\" data-end=\"343\">\u00abFeliz D\u00eda Mam\u00e1\u00bb<\/em>. Con un vibrante interior y asa rojos, esta taza es un recordatorio diario de aprecio y cari\u00f1o. Ya sea para el D\u00eda de la Madre, su cumplea\u00f1os o simplemente porque s\u00ed, esta taza es una forma considerada de decir \u00abTe quiero, mam\u00e1\u00bb.<\/p>\n<p data-start=\"542\" data-end=\"565\"><strong data-start=\"542\" data-end=\"565\">Por qu\u00e9 te encantar\u00e1:<\/strong><\/p>\n<ul data-start=\"567\" data-end=\"862\">\n<li data-start=\"567\" data-end=\"627\">\n<p data-start=\"569\" data-end=\"627\"><strong data-start=\"569\" data-end=\"589\"><span class=\"relative -mx-px my-[-0.2rem] rounded px-px py-[0.2rem] transition-colors duration-100 ease-in-out\">Dise\u00f1o Encantador:<\/span><\/strong> El elegante mensaje \u00abFeliz D\u00eda Mam\u00e1\u00bb es una bella expresi\u00f3n de gratitud.<\/p>\n<\/li>\n<li data-start=\"628\" data-end=\"688\">\n<p data-start=\"630\" data-end=\"688\"><strong data-start=\"630\" data-end=\"650\"><span class=\"relative -mx-px my-[-0.2rem] rounded px-px py-[0.2rem] transition-colors duration-100 ease-in-out\">Calidad Premium:<\/span><\/strong> Fabricada en cer\u00e1mica duradera con un acabado brillante, lo que garantiza que se convierta en un recuerdo cherished.<\/p>\n<\/li>\n<li data-start=\"689\" data-end=\"763\">\n<p data-start=\"691\" data-end=\"763\"><strong data-start=\"691\" data-end=\"723\"><span class=\"relative -mx-px my-[-0.2rem] rounded px-px py-[0.2rem] transition-colors duration-100 ease-in-out\">Apta para Microondas y Lavavajillas:<\/span><\/strong> Dise\u00f1ada para la conveniencia diaria sin comprometer el estilo.<\/p>\n<\/li>\n<li data-start=\"764\" data-end=\"862\">\n<p data-start=\"766\" data-end=\"862\"><strong data-start=\"766\" data-end=\"783\">Regalo Perfecto:<\/strong> Ideal para el D\u00eda de la Madre, cumplea\u00f1os o cualquier ocasi\u00f3n para honrar a las madres asombrosas en nuestras vidas.<\/p>\n<\/li>\n<\/ul>\n<p data-start=\"864\" data-end=\"891\"><strong data-start=\"864\" data-end=\"891\">Especificaciones del Producto:<\/strong><\/p>\n<ul data-start=\"893\" data-end=\"1149\">\n<li data-start=\"893\" data-end=\"948\">\n<p data-start=\"895\" data-end=\"948\"><strong data-start=\"895\" data-end=\"908\"><span class=\"relative -mx-px my-[-0.2rem] rounded px-px py-[0.2rem] transition-colors duration-100 ease-in-out\">Material:<\/span><\/strong> Cer\u00e1mica<\/p>\n<\/li>\n<li data-start=\"949\" data-end=\"1004\">\n<p data-start=\"951\" data-end=\"1004\"><strong data-start=\"951\" data-end=\"964\">Capacity:<\/strong> <span class=\"relative -mx-px my-[-0.2rem] rounded px-px py-[0.2rem] transition-colors duration-100 ease-in-out\">11 oz (325 ml)<\/span><\/p>\n<\/li>\n<li data-start=\"1005\" data-end=\"1056\">\n<p data-start=\"1007\" data-end=\"1056\"><strong data-start=\"1007\" data-end=\"1016\">Cuidado:<\/strong> Apta para microondas y lavavajillas<\/p>\n<\/li>\n<li data-start=\"1057\" data-end=\"1149\">\n<p data-start=\"1059\" data-end=\"1149\"><strong data-start=\"1059\" data-end=\"1070\"><span class=\"relative -mx-px my-[-0.2rem] rounded px-px py-[0.2rem] transition-colors duration-100 ease-in-out\">Dise\u00f1o:<\/span><\/strong> Mensaje \u00abFeliz D\u00eda Mam\u00e1\u00bb, con interior y asa rojos.<\/p>\n<\/li>\n<\/ul>\n<p data-start=\"1151\" data-end=\"1178\"><strong data-start=\"1151\" data-end=\"1178\">Celebra a Mam\u00e1 Todos los D\u00edas<\/strong><\/p>\n<p data-start=\"1180\" data-end=\"1298\">Esta taza <span class=\"relative -mx-px my-[-0.2rem] rounded px-px py-[0.2rem] transition-colors duration-100 ease-in-out\"><em data-start=\"5\" data-end=\"23\">\u00abFeliz D\u00eda Mam\u00e1\u00bb<\/em><\/span> no es solo un recipiente para su bebida favorita\u2014es un gesto diario de amor y aprecio. Deja que comience cada d\u00eda con una sonrisa, sabiendo que es querida m\u00e1s all\u00e1 de las palabras.<\/p>\n<p data-start=\"1300\" data-end=\"1318\"><strong data-start=\"1300\" data-end=\"1318\">Fabricado bajo demanda<\/strong><\/p>\n<p data-start=\"1320\" data-end=\"1510\"><span class=\"relative -mx-px my-[-0.2rem] rounded px-px py-[0.2rem] transition-colors duration-100 ease-in-out\">Cada taza est\u00e1 elaborada espec\u00edficamente para ti tras realizar el pedido, reduciendo el exceso de producci\u00f3n y promoviendo elecciones ecol\u00f3gicas.<\/span> Al elegir esta taza, apoyas un movimiento hacia una experiencia de regalo m\u00e1s sostenible y sincera.<\/p>\n","protected":false},"excerpt":{"rendered":"<p>Muestra tu amor y aprecio con la taza <em data-start=\"41\" data-end=\"59\">Feliz D\u00eda Mam\u00e1<\/em>, que luce un mensaje sincero y vibrantes acentos rojos. Es el regalo perfecto para la mam\u00e1 incre\u00edble en tu vida.<\/p>\n","protected":false},"featured_media":101049,"comment_status":"open","ping_status":"closed","template":"","meta":[],"product_brand":[],"product_cat":[374],"product_tag":[],"class_list":{"0":"post-101047","1":"product","2":"type-product","3":"status-publish","4":"has-post-thumbnail","6":"product_cat-tazas","7":"product_shipping_class-mugs","9":"first","10":"instock","11":"taxable","12":"shipping-taxable","13":"purchasable","14":"product-type-simple"},"jetpack_sharing_enabled":true,"_links":{"self":[{"href":"https:\/\/latinspirit.eu\/es\/wp-json\/wp\/v2\/product\/101047","targetHints":{"allow":["GET"]}}],"collection":[{"href":"https:\/\/latinspirit.eu\/es\/wp-json\/wp\/v2\/product"}],"about":[{"href":"https:\/\/latinspirit.eu\/es\/wp-json\/wp\/v2\/types\/product"}],"replies":[{"embeddable":true,"href":"https:\/\/latinspirit.eu\/es\/wp-json\/wp\/v2\/comments?post=101047"}],"version-history":[{"count":1,"href":"https:\/\/latinspirit.eu\/es\/wp-json\/wp\/v2\/product\/101047\/revisions"}],"predecessor-version":[{"id":104412,"href":"https:\/\/latinspirit.eu\/es\/wp-json\/wp\/v2\/product\/101047\/revisions\/104412"}],"wp:featuredmedia":[{"embeddable":true,"href":"https:\/\/latinspirit.eu\/es\/wp-json\/wp\/v2\/media\/101049"}],"wp:attachment":[{"href":"https:\/\/latinspirit.eu\/es\/wp-json\/wp\/v2\/media?parent=101047"}],"wp:term":[{"taxonomy":"product_brand","embeddable":true,"href":"https:\/\/latinspirit.eu\/es\/wp-json\/wp\/v2\/product_brand?post=101047"},{"taxonomy":"product_cat","embeddable":true,"href":"https:\/\/latinspirit.eu\/es\/wp-json\/wp\/v2\/product_cat?post=101047"},{"taxonomy":"product_tag","embeddable":true,"href":"https:\/\/latinspirit.eu\/es\/wp-json\/wp\/v2\/product_tag?post=101047"}],"curies":[{"name":"wp","href":"https:\/\/api.w.org\/{rel}","templated":true}]}}