{"id":101062,"date":"2024-04-17T15:04:06","date_gmt":"2024-04-17T13:04:06","guid":{"rendered":"https:\/\/latinspirit.eu\/product\/feliz-dia-mama-taza-con-interior-rojo\/"},"modified":"2026-01-11T00:25:52","modified_gmt":"2026-01-10T23:25:52","slug":"feliz-dia-mama-taza-con-interior-rojo","status":"publish","type":"product","link":"https:\/\/latinspirit.eu\/es\/product\/feliz-dia-mama-taza-con-interior-rojo\/","title":{"rendered":"FELIZ D\u00cdA MAM\u00c1 \u2013 Taza con Interior Rojo"},"content":{"rendered":"<p data-start=\"182\" data-end=\"411\">Ilumina su ma\u00f1ana con cada sorbo. La taza <g id=\"gid_0\">FELIZ D\u00cdA MAM\u00c1<\/g> es m\u00e1s que una taza\u2014es una dosis diaria de cari\u00f1o. Con su mensaje en negrita y su vibrante interior rojo, es una forma elegante y significativa de recordarle a mam\u00e1 lo amada que es.  <\/p>\n<p data-start=\"413\" data-end=\"553\">Ya sea para el D\u00eda de la Madre o simplemente para arrancarle una sonrisa cualquier d\u00eda del a\u00f1o, esta taza transmite calidez, alegr\u00eda y gratitud en cada detalle.<\/p>\n<p data-start=\"555\" data-end=\"580\"><strong data-start=\"555\" data-end=\"578\">Por qu\u00e9 le encantar\u00e1:<\/strong><\/p>\n<ul data-start=\"581\" data-end=\"803\">\n<li data-start=\"581\" data-end=\"640\">\n<p data-start=\"583\" data-end=\"640\">Elegante impresi\u00f3n <em data-start=\"591\" data-end=\"607\">FELIZ D\u00cdA MAM\u00c1<\/em> \u2013 sincera y atemporal<\/p>\n<\/li>\n<li data-start=\"641\" data-end=\"701\">\n<p data-start=\"643\" data-end=\"701\">Acabado brillante e interior rojo intenso para un toque de estilo<\/p>\n<\/li>\n<li data-start=\"702\" data-end=\"758\">\n<p data-start=\"704\" data-end=\"758\">Perfecta para caf\u00e9, t\u00e9 o su infusi\u00f3n favorita<\/p>\n<\/li>\n<li data-start=\"759\" data-end=\"803\">\n<p data-start=\"761\" data-end=\"803\">Apta para lavavajillas y microondas para un uso f\u00e1cil<\/p>\n<\/li>\n<\/ul>\n<p data-start=\"805\" data-end=\"825\"><strong data-start=\"805\" data-end=\"823\">Especificaciones del Producto:<\/strong><\/p>\n<ul data-start=\"826\" data-end=\"1010\">\n<li data-start=\"826\" data-end=\"855\">\n<p data-start=\"828\" data-end=\"855\">Material: Cer\u00e1mica duradera<\/p>\n<\/li>\n<li data-start=\"856\" data-end=\"884\">\n<p data-start=\"858\" data-end=\"884\">Capacidad: 325 ml (11 oz)<\/p>\n<\/li>\n<li data-start=\"885\" data-end=\"938\">\n<p data-start=\"887\" data-end=\"938\">Acabado: Blanco brillante con interior y asa rojos<\/p>\n<\/li>\n<li data-start=\"939\" data-end=\"978\">\n<p data-start=\"941\" data-end=\"978\">Cuidado: Apta para lavavajillas y microondas<\/p>\n<\/li>\n<li data-start=\"979\" data-end=\"1010\">\n<p data-start=\"981\" data-end=\"1010\">Dise\u00f1o: Impresa por ambas caras<\/p>\n<\/li>\n<\/ul>\n<p data-start=\"1012\" data-end=\"1142\"><strong data-start=\"1012\" data-end=\"1039\">Cel\u00e9brala todos los d\u00edas<\/strong><br data-start=\"1039\" data-end=\"1042\">Esta taza no es solo un regalo\u2014es un abrazo en una taza. Sorpr\u00e9ndela con algo tan considerado como ella. <\/p>\n<p data-start=\"1144\" data-end=\"1316\"><strong data-start=\"1144\" data-end=\"1162\">Hecho bajo Demanda<\/strong><br data-start=\"1162\" data-end=\"1165\">Cada taza se imprime especialmente para ti, reduciendo el desperdicio y apoyando una producci\u00f3n consciente y a peque\u00f1a escala. Una hermosa elecci\u00f3n para mam\u00e1&#8230; y para el planeta.<\/p>\n","protected":false},"excerpt":{"rendered":"<p>Cel\u00e9brala cada d\u00eda con esta taza <em data-start=\"1386\" data-end=\"1402\">FELIZ D\u00cdA MAM\u00c1<\/em>, que luce un mensaje en negrita y un interior rojo, perfecta para regalar con amor.<\/p>\n","protected":false},"featured_media":101066,"comment_status":"open","ping_status":"closed","template":"","meta":[],"product_brand":[],"product_cat":[374],"product_tag":[],"class_list":{"0":"post-101062","1":"product","2":"type-product","3":"status-publish","4":"has-post-thumbnail","6":"product_cat-tazas","7":"product_shipping_class-mugs","9":"first","10":"instock","11":"taxable","12":"shipping-taxable","13":"purchasable","14":"product-type-simple"},"jetpack_sharing_enabled":true,"_links":{"self":[{"href":"https:\/\/latinspirit.eu\/es\/wp-json\/wp\/v2\/product\/101062","targetHints":{"allow":["GET"]}}],"collection":[{"href":"https:\/\/latinspirit.eu\/es\/wp-json\/wp\/v2\/product"}],"about":[{"href":"https:\/\/latinspirit.eu\/es\/wp-json\/wp\/v2\/types\/product"}],"replies":[{"embeddable":true,"href":"https:\/\/latinspirit.eu\/es\/wp-json\/wp\/v2\/comments?post=101062"}],"version-history":[{"count":1,"href":"https:\/\/latinspirit.eu\/es\/wp-json\/wp\/v2\/product\/101062\/revisions"}],"predecessor-version":[{"id":104413,"href":"https:\/\/latinspirit.eu\/es\/wp-json\/wp\/v2\/product\/101062\/revisions\/104413"}],"wp:featuredmedia":[{"embeddable":true,"href":"https:\/\/latinspirit.eu\/es\/wp-json\/wp\/v2\/media\/101066"}],"wp:attachment":[{"href":"https:\/\/latinspirit.eu\/es\/wp-json\/wp\/v2\/media?parent=101062"}],"wp:term":[{"taxonomy":"product_brand","embeddable":true,"href":"https:\/\/latinspirit.eu\/es\/wp-json\/wp\/v2\/product_brand?post=101062"},{"taxonomy":"product_cat","embeddable":true,"href":"https:\/\/latinspirit.eu\/es\/wp-json\/wp\/v2\/product_cat?post=101062"},{"taxonomy":"product_tag","embeddable":true,"href":"https:\/\/latinspirit.eu\/es\/wp-json\/wp\/v2\/product_tag?post=101062"}],"curies":[{"name":"wp","href":"https:\/\/api.w.org\/{rel}","templated":true}]}}