{"id":101087,"date":"2024-04-11T15:58:41","date_gmt":"2024-04-11T13:58:41","guid":{"rendered":"https:\/\/latinspirit.eu\/product\/taza-gracias-mama-por-tu-amor-con-interior-rojo\/"},"modified":"2026-01-11T00:25:53","modified_gmt":"2026-01-10T23:25:53","slug":"taza-gracias-mama-por-tu-amor-con-interior-rojo","status":"publish","type":"product","link":"https:\/\/latinspirit.eu\/es\/product\/taza-gracias-mama-por-tu-amor-con-interior-rojo\/","title":{"rendered":"Taza \u00abGracias Mam\u00e1 por tu Amor\u00bb con Interior Rojo"},"content":{"rendered":"<p data-start=\"204\" data-end=\"443\">Celebra el amor infinito de mam\u00e1 con esta sensible taza que dice \u201cGracias Mam\u00e1 por tu Amor\u201d. Dise\u00f1ada con un hermoso interior rojo que a\u00f1ade calidez a cada sorbo, esta taza es la forma perfecta de mostrar tu gratitud y aprecio todos los d\u00edas. <\/p>\n<p data-start=\"445\" data-end=\"462\"><strong data-start=\"445\" data-end=\"462\">Caracter\u00edsticas Principales:<\/strong><\/p>\n<ul data-start=\"464\" data-end=\"831\">\n<li data-start=\"464\" data-end=\"564\">\n<p data-start=\"466\" data-end=\"564\">Exclusivo dise\u00f1o \u201cGracias Mam\u00e1 por tu Amor\u201d: Con una tipograf\u00eda elegante que captura el amor y el agradecimiento.<\/p>\n<\/li>\n<li data-start=\"565\" data-end=\"648\">\n<p data-start=\"567\" data-end=\"648\">Interior rojo vibrante: Contrasta con el cl\u00e1sico exterior blanco para un look elegante y moderno.<\/p>\n<\/li>\n<li data-start=\"649\" data-end=\"740\">\n<p data-start=\"651\" data-end=\"740\">Material duradero y pr\u00e1ctico: Fabricada en cer\u00e1mica resistente, apta para microondas y lavavajillas para tu comodidad diaria.<\/p>\n<\/li>\n<li data-start=\"741\" data-end=\"831\">\n<p data-start=\"743\" data-end=\"831\">Capacidad ideal: Con 325 ml (11 oz) es perfecta para el caf\u00e9, t\u00e9 o chocolate caliente favorito de mam\u00e1.<\/p>\n<\/li>\n<\/ul>\n<p data-start=\"833\" data-end=\"860\"><strong data-start=\"833\" data-end=\"860\">Especificaciones del Producto:<\/strong><\/p>\n<ul data-start=\"862\" data-end=\"1059\">\n<li data-start=\"862\" data-end=\"896\">\n<p data-start=\"864\" data-end=\"896\">Material: Cer\u00e1mica de alta calidad<\/p>\n<\/li>\n<li data-start=\"897\" data-end=\"925\">\n<p data-start=\"899\" data-end=\"925\">Capacidad: 325 ml (11 oz)<\/p>\n<\/li>\n<li data-start=\"926\" data-end=\"969\">\n<p data-start=\"928\" data-end=\"969\">Color: Exterior blanco con interior rojo<\/p>\n<\/li>\n<li data-start=\"970\" data-end=\"1003\">\n<p data-start=\"972\" data-end=\"1003\">Cuidado: Apta para microondas y lavavajillas<\/p>\n<\/li>\n<li data-start=\"1004\" data-end=\"1059\">\n<p data-start=\"1006\" data-end=\"1059\">Dise\u00f1o: Impreso con el mensaje \u201cGracias Mam\u00e1 por tu Amor\u201d<\/p>\n<\/li>\n<\/ul>\n<p data-start=\"1061\" data-end=\"1098\"><strong data-start=\"1061\" data-end=\"1098\">Un Regalo que Habla desde el Coraz\u00f3n<\/strong><\/p>\n<p data-start=\"1100\" data-end=\"1263\">Esta taza es un regalo considerado y lleno de significado para el D\u00eda de la Madre, cumplea\u00f1os o cualquier momento especial. Es un recordatorio diario de su amor y tu gratitud. <\/p>\n<p data-start=\"1265\" data-end=\"1283\"><strong data-start=\"1265\" data-end=\"1283\">Fabricado bajo demanda<\/strong><\/p>\n<p data-start=\"1285\" data-end=\"1427\">Cada taza se imprime especialmente bajo pedido, reduciendo el desperdicio y apoyando una producci\u00f3n sostenible. Recibir\u00e1s un producto \u00fanico, elaborado con cuidado.<\/p>\n","protected":false},"excerpt":{"rendered":"<p>Di gracias a mam\u00e1 con esta preciosa taza \u00abGracias Mam\u00e1 por tu Amor\u00bb. Con un vibrante interior rojo y un mensaje sincero, es el regalo perfecto para demostrar tu cari\u00f1o.<\/p>\n","protected":false},"featured_media":101088,"comment_status":"open","ping_status":"closed","template":"","meta":[],"product_brand":[],"product_cat":[374],"product_tag":[],"class_list":{"0":"post-101087","1":"product","2":"type-product","3":"status-publish","4":"has-post-thumbnail","6":"product_cat-tazas","7":"product_shipping_class-mugs","9":"first","10":"instock","11":"taxable","12":"shipping-taxable","13":"purchasable","14":"product-type-simple"},"jetpack_sharing_enabled":true,"_links":{"self":[{"href":"https:\/\/latinspirit.eu\/es\/wp-json\/wp\/v2\/product\/101087","targetHints":{"allow":["GET"]}}],"collection":[{"href":"https:\/\/latinspirit.eu\/es\/wp-json\/wp\/v2\/product"}],"about":[{"href":"https:\/\/latinspirit.eu\/es\/wp-json\/wp\/v2\/types\/product"}],"replies":[{"embeddable":true,"href":"https:\/\/latinspirit.eu\/es\/wp-json\/wp\/v2\/comments?post=101087"}],"version-history":[{"count":1,"href":"https:\/\/latinspirit.eu\/es\/wp-json\/wp\/v2\/product\/101087\/revisions"}],"predecessor-version":[{"id":104414,"href":"https:\/\/latinspirit.eu\/es\/wp-json\/wp\/v2\/product\/101087\/revisions\/104414"}],"wp:featuredmedia":[{"embeddable":true,"href":"https:\/\/latinspirit.eu\/es\/wp-json\/wp\/v2\/media\/101088"}],"wp:attachment":[{"href":"https:\/\/latinspirit.eu\/es\/wp-json\/wp\/v2\/media?parent=101087"}],"wp:term":[{"taxonomy":"product_brand","embeddable":true,"href":"https:\/\/latinspirit.eu\/es\/wp-json\/wp\/v2\/product_brand?post=101087"},{"taxonomy":"product_cat","embeddable":true,"href":"https:\/\/latinspirit.eu\/es\/wp-json\/wp\/v2\/product_cat?post=101087"},{"taxonomy":"product_tag","embeddable":true,"href":"https:\/\/latinspirit.eu\/es\/wp-json\/wp\/v2\/product_tag?post=101087"}],"curies":[{"name":"wp","href":"https:\/\/api.w.org\/{rel}","templated":true}]}}