{"id":101105,"date":"2024-04-10T19:08:48","date_gmt":"2024-04-10T17:08:48","guid":{"rendered":"https:\/\/latinspirit.eu\/product\/taza-feliz-dia-mama-te-quiero-mucho-un-sentido-homenaje-a-mama\/"},"modified":"2026-01-11T00:25:53","modified_gmt":"2026-01-10T23:25:53","slug":"taza-feliz-dia-mama-te-quiero-mucho-un-sentido-homenaje-a-mama","status":"publish","type":"product","link":"https:\/\/latinspirit.eu\/es\/product\/taza-feliz-dia-mama-te-quiero-mucho-un-sentido-homenaje-a-mama\/","title":{"rendered":"Taza \u00abFELIZ D\u00cdA MAM\u00c1 TE QUIERO MUCHO\u00bb \u2013 Un Sentido Homenaje a Mam\u00e1"},"content":{"rendered":"<p data-start=\"262\" data-end=\"574\">Celebra a la mujer incre\u00edble que llena tu vida de amor y calidez con nuestra taza <em data-start=\"343\" data-end=\"377\"><span class=\"relative -mx-px my-[-0.2rem] rounded px-px py-[0.2rem] transition-colors duration-100 ease-in-out\">\u00abFELIZ D\u00cdA MAM\u00c1 TE QUIERO MUCHO\u00bb.<\/span><\/em> Con un vibrante interior y asa rojos, esta taza es un recordatorio diario de aprecio y cari\u00f1o. Ya sea para el D\u00eda de la Madre, su cumplea\u00f1os o simplemente porque s\u00ed, esta taza es una forma considerada de decir \u00abTe quiero mucho, mam\u00e1\u00bb.<\/p>\n<p data-start=\"576\" data-end=\"599\"><strong data-start=\"576\" data-end=\"599\">Por qu\u00e9 te encantar\u00e1:<\/strong><\/p>\n<ul data-start=\"601\" data-end=\"896\">\n<li data-start=\"601\" data-end=\"661\">\n<p data-start=\"603\" data-end=\"661\"><strong data-start=\"603\" data-end=\"623\"><span class=\"relative -mx-px my-[-0.2rem] rounded px-px py-[0.2rem] transition-colors duration-100 ease-in-out\">Dise\u00f1o Encantador<\/span><\/strong>: El elegante mensaje \u00abFELIZ D\u00cdA MAM\u00c1 TE QUIERO MUCHO\u00bb es una bella expresi\u00f3n de gratitud.<\/p>\n<\/li>\n<li data-start=\"662\" data-end=\"722\">\n<p data-start=\"664\" data-end=\"722\"><strong data-start=\"664\" data-end=\"684\"><span class=\"relative -mx-px my-[-0.2rem] rounded px-px py-[0.2rem] transition-colors duration-100 ease-in-out\">Calidad Premium:<\/span><\/strong> Fabricada en cer\u00e1mica duradera con un acabado brillante, lo que garantiza que se convierta en un recuerdo cherished.<\/p>\n<\/li>\n<li data-start=\"723\" data-end=\"797\">\n<p data-start=\"725\" data-end=\"797\"><strong data-start=\"725\" data-end=\"757\"><span class=\"relative -mx-px my-[-0.2rem] rounded px-px py-[0.2rem] transition-colors duration-100 ease-in-out\">Apta para Microondas y Lavavajillas:<\/span><\/strong> Dise\u00f1ada para la conveniencia diaria sin comprometer el estilo.<\/p>\n<\/li>\n<li data-start=\"798\" data-end=\"896\">\n<p data-start=\"800\" data-end=\"896\"><strong data-start=\"800\" data-end=\"817\">Regalo Perfecto:<\/strong> Ideal para el D\u00eda de la Madre, cumplea\u00f1os o cualquier ocasi\u00f3n para honrar a las madres asombrosas en nuestras vidas.<\/p>\n<\/li>\n<\/ul>\n<p data-start=\"898\" data-end=\"925\"><strong data-start=\"898\" data-end=\"925\">Especificaciones del Producto:<\/strong><\/p>\n<ul data-start=\"927\" data-end=\"1183\">\n<li data-start=\"927\" data-end=\"982\">\n<p data-start=\"929\" data-end=\"982\"><strong data-start=\"929\" data-end=\"942\"><span class=\"relative -mx-px my-[-0.2rem] rounded px-px py-[0.2rem] transition-colors duration-100 ease-in-out\">Material:<\/span><\/strong> Cer\u00e1mica<\/p>\n<\/li>\n<li data-start=\"983\" data-end=\"1038\">\n<p data-start=\"985\" data-end=\"1038\"><strong data-start=\"985\" data-end=\"998\"><span class=\"relative -mx-px my-[-0.2rem] rounded px-px py-[0.2rem] transition-colors duration-100 ease-in-out\">Capacidad:<\/span><\/strong> 325 ml<\/p>\n<\/li>\n<li data-start=\"1039\" data-end=\"1090\">\n<p data-start=\"1041\" data-end=\"1090\"><strong data-start=\"1041\" data-end=\"1050\">Cuidado:<\/strong> Apta para microondas y lavavajillas<\/p>\n<\/li>\n<li data-start=\"1091\" data-end=\"1183\">\n<p data-start=\"1093\" data-end=\"1183\"><strong data-start=\"1093\" data-end=\"1104\"><span class=\"relative -mx-px my-[-0.2rem] rounded px-px py-[0.2rem] transition-colors duration-100 ease-in-out\">Dise\u00f1o:<\/span><\/strong> Mensaje \u00abFELIZ D\u00cdA MAM\u00c1 TE QUIERO MUCHO\u00bb, con interior y asa rojos.<\/p>\n<\/li>\n<\/ul>\n<p data-start=\"1185\" data-end=\"1212\"><strong data-start=\"1185\" data-end=\"1212\">Celebra a Mam\u00e1 Todos los D\u00edas<\/strong><\/p>\n<p data-start=\"1214\" data-end=\"1332\">Esta taza <span class=\"relative -mx-px my-[-0.2rem] rounded px-px py-[0.2rem] transition-colors duration-100 ease-in-out\"><em data-start=\"5\" data-end=\"39\"><span class=\"relative -mx-px my-[-0.2rem] rounded px-px py-[0.2rem] transition-colors duration-100 ease-in-out\">\u00abFELIZ D\u00cdA MAM\u00c1 TE QUIERO MUCHO\u00bb<\/span><\/em><\/span> no es solo un recipiente para su bebida favorita\u2014es un gesto diario de amor y aprecio. Deja que comience cada d\u00eda con una sonrisa, sabiendo que es querida m\u00e1s all\u00e1 de las palabras.<\/p>\n<p data-start=\"1334\" data-end=\"1352\"><strong data-start=\"1334\" data-end=\"1352\">Fabricado bajo demanda<\/strong><\/p>\n<p data-start=\"1354\" data-end=\"1544\"><span class=\"relative -mx-px my-[-0.2rem] rounded px-px py-[0.2rem] transition-colors duration-100 ease-in-out\">Cada taza est\u00e1 elaborada espec\u00edficamente para ti tras realizar el pedido, reduciendo el exceso de producci\u00f3n y promoviendo elecciones ecol\u00f3gicas.<\/span> Al elegir esta taza, apoyas un movimiento hacia una experiencia de regalo m\u00e1s sostenible y sincera.<\/p>\n","protected":false},"excerpt":{"rendered":"<p>Muestra tu amor y aprecio con la taza \u00abFELIZ D\u00cdA MAM\u00c1 TE QUIERO MUCHO\u00bb\u2014luce un mensaje sincero y vibrantes acentos rojos. El regalo perfecto para la mam\u00e1 incre\u00edble en tu vida.<\/p>\n","protected":false},"featured_media":101106,"comment_status":"open","ping_status":"closed","template":"","meta":[],"product_brand":[],"product_cat":[374],"product_tag":[],"class_list":{"0":"post-101105","1":"product","2":"type-product","3":"status-publish","4":"has-post-thumbnail","6":"product_cat-tazas","7":"product_shipping_class-mugs","9":"first","10":"instock","11":"taxable","12":"shipping-taxable","13":"purchasable","14":"product-type-simple"},"jetpack_sharing_enabled":true,"_links":{"self":[{"href":"https:\/\/latinspirit.eu\/es\/wp-json\/wp\/v2\/product\/101105","targetHints":{"allow":["GET"]}}],"collection":[{"href":"https:\/\/latinspirit.eu\/es\/wp-json\/wp\/v2\/product"}],"about":[{"href":"https:\/\/latinspirit.eu\/es\/wp-json\/wp\/v2\/types\/product"}],"replies":[{"embeddable":true,"href":"https:\/\/latinspirit.eu\/es\/wp-json\/wp\/v2\/comments?post=101105"}],"version-history":[{"count":1,"href":"https:\/\/latinspirit.eu\/es\/wp-json\/wp\/v2\/product\/101105\/revisions"}],"predecessor-version":[{"id":104416,"href":"https:\/\/latinspirit.eu\/es\/wp-json\/wp\/v2\/product\/101105\/revisions\/104416"}],"wp:featuredmedia":[{"embeddable":true,"href":"https:\/\/latinspirit.eu\/es\/wp-json\/wp\/v2\/media\/101106"}],"wp:attachment":[{"href":"https:\/\/latinspirit.eu\/es\/wp-json\/wp\/v2\/media?parent=101105"}],"wp:term":[{"taxonomy":"product_brand","embeddable":true,"href":"https:\/\/latinspirit.eu\/es\/wp-json\/wp\/v2\/product_brand?post=101105"},{"taxonomy":"product_cat","embeddable":true,"href":"https:\/\/latinspirit.eu\/es\/wp-json\/wp\/v2\/product_cat?post=101105"},{"taxonomy":"product_tag","embeddable":true,"href":"https:\/\/latinspirit.eu\/es\/wp-json\/wp\/v2\/product_tag?post=101105"}],"curies":[{"name":"wp","href":"https:\/\/api.w.org\/{rel}","templated":true}]}}