{"id":101114,"date":"2024-04-10T17:12:10","date_gmt":"2024-04-10T15:12:10","guid":{"rendered":"https:\/\/latinspirit.eu\/product\/taza-porque-soy-tu-madre-y-punto-con-interior-rojo\/"},"modified":"2026-01-11T00:25:53","modified_gmt":"2026-01-10T23:25:53","slug":"taza-porque-soy-tu-madre-y-punto-con-interior-rojo","status":"publish","type":"product","link":"https:\/\/latinspirit.eu\/es\/product\/taza-porque-soy-tu-madre-y-punto-con-interior-rojo\/","title":{"rendered":"Taza \u00abPorque Soy Tu Madre Y Punto\u00bb con Interior Rojo"},"content":{"rendered":"<p data-start=\"210\" data-end=\"471\">Para toda mam\u00e1 que sabe que ella es la que manda. Esta taza lo dice alto y claro: \u201cPorque Soy Tu Madre Y Punto\u201d. Con un mensaje sin rodeos y un vibrante interior rojo, esta taza es perfecta para tomar caf\u00e9 o t\u00e9 mientras recuerdas a todos qui\u00e9n est\u00e1 al mando\u2014\u00a1con amor, por supuesto! <\/p>\n<p data-start=\"473\" data-end=\"490\"><strong data-start=\"473\" data-end=\"490\">Caracter\u00edsticas Principales:<\/strong><\/p>\n<ul data-start=\"492\" data-end=\"827\">\n<li data-start=\"492\" data-end=\"577\">\n<p data-start=\"494\" data-end=\"577\">Dise\u00f1o fuerte y divertido: \u201cPorque Soy Tu Madre Y Punto\u201d \u2014 ideal para la mam\u00e1 con confianza y car\u00e1cter.<\/p>\n<\/li>\n<li data-start=\"578\" data-end=\"671\">\n<p data-start=\"580\" data-end=\"671\">Estilo que impacta: El llamativo interior rojo combina con el cl\u00e1sico exterior blanco, logrando un look moderno y con estilo.<\/p>\n<\/li>\n<li data-start=\"672\" data-end=\"747\">\n<p data-start=\"674\" data-end=\"747\">Hecha para durar: Fabricada en cer\u00e1mica resistente, apta para microondas y lavavajillas. Lista para el uso diario.<\/p>\n<\/li>\n<li data-start=\"748\" data-end=\"827\">\n<p data-start=\"750\" data-end=\"827\">Capacidad generosa: Con 325 ml (11 oz) es ideal para todas tus bebidas calientes favoritas.<\/p>\n<\/li>\n<\/ul>\n<p data-start=\"829\" data-end=\"856\"><strong data-start=\"829\" data-end=\"856\">Especificaciones del Producto:<\/strong><\/p>\n<ul data-start=\"858\" data-end=\"1064\">\n<li data-start=\"858\" data-end=\"892\">\n<p data-start=\"860\" data-end=\"892\">Material: Cer\u00e1mica de alta calidad<\/p>\n<\/li>\n<li data-start=\"893\" data-end=\"921\">\n<p data-start=\"895\" data-end=\"921\">Capacidad: 325 ml (11 oz)<\/p>\n<\/li>\n<li data-start=\"922\" data-end=\"965\">\n<p data-start=\"924\" data-end=\"965\">Color: Exterior blanco con interior rojo<\/p>\n<\/li>\n<li data-start=\"966\" data-end=\"999\">\n<p data-start=\"968\" data-end=\"999\">Apta para microondas y lavavajillas<\/p>\n<\/li>\n<li data-start=\"1000\" data-end=\"1064\">\n<p data-start=\"1002\" data-end=\"1064\">Impresa con la ic\u00f3nica frase \u201cPorque Soy Tu Madre Y Punto\u201d<\/p>\n<\/li>\n<\/ul>\n<p data-start=\"1066\" data-end=\"1097\"><strong data-start=\"1066\" data-end=\"1097\">Una Taza que Dice lo que Piensas<\/strong><\/p>\n<p data-start=\"1099\" data-end=\"1301\">Esta taza es el regalo perfecto para el D\u00eda de la Madre, cumplea\u00f1os o cualquier d\u00eda en que quieras celebrar el amor y la autoridad pr\u00e1ctica de mam\u00e1. Es un recordatorio diario de la fuerza y el estilo \u00fanico de esa mam\u00e1 tan especial. <\/p>\n<p data-start=\"1303\" data-end=\"1321\"><strong data-start=\"1303\" data-end=\"1321\">Fabricado bajo demanda<\/strong><\/p>\n<p data-start=\"1323\" data-end=\"1449\">Cada taza se imprime especialmente bajo pedido, reduciendo el desperdicio y garantiz\u00e1ndote un producto de calidad, elaborado con cuidado y con un prop\u00f3sito claro.<\/p>\n","protected":false},"excerpt":{"rendered":"<p>Celebra el esp\u00edritu fuerte de mam\u00e1 con la audaz taza \u00abPorque Soy Tu Madre Y Punto\u00bb y su vibrante interior rojo. El detalle perfecto para toda mam\u00e1 segura de s\u00ed misma.<\/p>\n","protected":false},"featured_media":101115,"comment_status":"open","ping_status":"closed","template":"","meta":[],"product_brand":[],"product_cat":[374],"product_tag":[],"class_list":{"0":"post-101114","1":"product","2":"type-product","3":"status-publish","4":"has-post-thumbnail","6":"product_cat-tazas","7":"product_shipping_class-mugs","9":"first","10":"instock","11":"taxable","12":"shipping-taxable","13":"purchasable","14":"product-type-simple"},"jetpack_sharing_enabled":true,"_links":{"self":[{"href":"https:\/\/latinspirit.eu\/es\/wp-json\/wp\/v2\/product\/101114","targetHints":{"allow":["GET"]}}],"collection":[{"href":"https:\/\/latinspirit.eu\/es\/wp-json\/wp\/v2\/product"}],"about":[{"href":"https:\/\/latinspirit.eu\/es\/wp-json\/wp\/v2\/types\/product"}],"replies":[{"embeddable":true,"href":"https:\/\/latinspirit.eu\/es\/wp-json\/wp\/v2\/comments?post=101114"}],"version-history":[{"count":1,"href":"https:\/\/latinspirit.eu\/es\/wp-json\/wp\/v2\/product\/101114\/revisions"}],"predecessor-version":[{"id":101117,"href":"https:\/\/latinspirit.eu\/es\/wp-json\/wp\/v2\/product\/101114\/revisions\/101117"}],"wp:featuredmedia":[{"embeddable":true,"href":"https:\/\/latinspirit.eu\/es\/wp-json\/wp\/v2\/media\/101115"}],"wp:attachment":[{"href":"https:\/\/latinspirit.eu\/es\/wp-json\/wp\/v2\/media?parent=101114"}],"wp:term":[{"taxonomy":"product_brand","embeddable":true,"href":"https:\/\/latinspirit.eu\/es\/wp-json\/wp\/v2\/product_brand?post=101114"},{"taxonomy":"product_cat","embeddable":true,"href":"https:\/\/latinspirit.eu\/es\/wp-json\/wp\/v2\/product_cat?post=101114"},{"taxonomy":"product_tag","embeddable":true,"href":"https:\/\/latinspirit.eu\/es\/wp-json\/wp\/v2\/product_tag?post=101114"}],"curies":[{"name":"wp","href":"https:\/\/api.w.org\/{rel}","templated":true}]}}