{"id":101188,"date":"2024-04-08T13:39:21","date_gmt":"2024-04-08T11:39:21","guid":{"rendered":"https:\/\/latinspirit.eu\/product\/sudadera-mujer-manana-sera-bonito-abraza-la-belleza-del-manana\/"},"modified":"2025-11-23T22:28:15","modified_gmt":"2025-11-23T21:28:15","slug":"sudadera-mujer-manana-sera-bonito-abraza-la-belleza-del-manana","status":"publish","type":"product","link":"https:\/\/latinspirit.eu\/es\/product\/sudadera-mujer-manana-sera-bonito-abraza-la-belleza-del-manana\/","title":{"rendered":"Sudadera Mujer Ma\u00f1ana Ser\u00e1 Bonito \u2013 Abraza la Belleza del Ma\u00f1ana"},"content":{"rendered":"<p data-start=\"306\" data-end=\"554\">Envu\u00e9lvete en calidez y optimismo con nuestra Sudadera Mujer <em data-start=\"352\" data-end=\"372\">Ma\u00f1ana Ser\u00e1 Bonito<\/em>. Inspirada en el mensaje alentador del ic\u00f3nico \u00e1lbum de Karol G, esta sudadera es m\u00e1s que una prenda\u2014es un recordatorio port\u00e1til de que d\u00edas mejores est\u00e1n por venir. <\/p>\n<p data-start=\"556\" data-end=\"711\">Dise\u00f1ada para quienes llevan la esperanza en el coraz\u00f3n y el amor por la cultura latina en el alma. Esta sudadera combina comodidad, estilo y una actitud positiva.<\/p>\n<p data-start=\"713\" data-end=\"736\"><strong data-start=\"713\" data-end=\"736\">Por qu\u00e9 te encantar\u00e1:<\/strong><\/p>\n<ul data-start=\"738\" data-end=\"1029\">\n<li data-start=\"738\" data-end=\"803\">\n<p data-start=\"740\" data-end=\"803\"><strong data-start=\"740\" data-end=\"765\"><span class=\"relative -mx-px my-[-0.2rem] rounded px-px py-[0.2rem] transition-colors duration-100 ease-in-out\">Dise\u00f1o Inspirador:<\/span><\/strong> Lleva el impreso \u00abMa\u00f1ana Ser\u00e1 Bonito\u00bb, difundiendo positivismo dondequiera que vayas.<\/p>\n<\/li>\n<li data-start=\"804\" data-end=\"864\">\n<p data-start=\"806\" data-end=\"864\"><strong data-start=\"806\" data-end=\"826\"><span class=\"relative -mx-px my-[-0.2rem] rounded px-px py-[0.2rem] transition-colors duration-100 ease-in-out\">Calidad Premium:<\/span><\/strong> Confeccionada en tela suave y transpirable para una comodidad que dura todo el d\u00eda.<\/p>\n<\/li>\n<li data-start=\"865\" data-end=\"923\">\n<p data-start=\"867\" data-end=\"923\"><strong data-start=\"867\" data-end=\"885\"><span class=\"relative -mx-px my-[-0.2rem] rounded px-px py-[0.2rem] transition-colors duration-100 ease-in-out\">Ajuste Vers\u00e1til:<\/span><\/strong> Corte holgado, favorecedor para varios tipos de cuerpo y estilos.<\/p>\n<\/li>\n<li data-start=\"924\" data-end=\"1029\">\n<p data-start=\"926\" data-end=\"1029\"><strong data-start=\"926\" data-end=\"950\"><span class=\"relative -mx-px my-[-0.2rem] rounded px-px py-[0.2rem] transition-colors duration-100 ease-in-out\">Detalles Funcionales:<\/span><\/strong> Incluye una c\u00f3moda capucha y un amplio bolsillo delantero para mayor practicidad.<\/p>\n<\/li>\n<\/ul>\n<p data-start=\"1031\" data-end=\"1058\"><strong data-start=\"1031\" data-end=\"1058\">Especificaciones del Producto:<\/strong><\/p>\n<ul data-start=\"1060\" data-end=\"1382\">\n<li data-start=\"1060\" data-end=\"1115\">\n<p data-start=\"1062\" data-end=\"1115\"><strong data-start=\"1062\" data-end=\"1075\"><span class=\"relative -mx-px my-[-0.2rem] rounded px-px py-[0.2rem] transition-colors duration-100 ease-in-out\">Material:<\/span><\/strong> 100% algod\u00f3n peinado e hilado (los colores jaspeados pueden contener poli\u00e9ster)<\/p>\n<\/li>\n<li data-start=\"1116\" data-end=\"1176\">\n<p data-start=\"1118\" data-end=\"1176\"><strong data-start=\"1118\" data-end=\"1136\">Peso de la tela:<\/strong> 4.2 oz\/y\u00b2 (142 g\/m\u00b2)<\/p>\n<\/li>\n<li data-start=\"1177\" data-end=\"1227\">\n<p data-start=\"1179\" data-end=\"1227\"><strong data-start=\"1179\" data-end=\"1187\"><span class=\"relative -mx-px my-[-0.2rem] rounded px-px py-[0.2rem] transition-colors duration-100 ease-in-out\">Ajuste:<\/span><\/strong> Corte holgado para un silueta c\u00f3moda<\/p>\n<\/li>\n<li data-start=\"1228\" data-end=\"1283\">\n<p data-start=\"1230\" data-end=\"1283\"><strong data-start=\"1230\" data-end=\"1243\">Escote:<\/strong> Cl\u00e1sico cuello redondo<\/p>\n<\/li>\n<li data-start=\"1284\" data-end=\"1382\">\n<p data-start=\"1286\" data-end=\"1382\"><strong data-start=\"1286\" data-end=\"1303\"><span class=\"relative -mx-px my-[-0.2rem] rounded px-px py-[0.2rem] transition-colors duration-100 ease-in-out\">Construcci\u00f3n:<\/span><\/strong> Costuras laterales y tela preencogida para mantener la forma<\/p>\n<\/li>\n<\/ul>\n<p data-start=\"1384\" data-end=\"1410\"><strong data-start=\"1384\" data-end=\"1410\">Un Toque de Positivismo<\/strong><\/p>\n<p data-start=\"1412\" data-end=\"1490\"><span class=\"relative -mx-px my-[-0.2rem] rounded px-px py-[0.2rem] transition-colors duration-100 ease-in-out\">\u00bfLista para a\u00f1adir una dosis de optimismo a tu armario? Esta sudadera no es solo moda\u2014se trata de abrazar la mentalidad de que \u00abma\u00f1ana ser\u00e1 bonito\u00bb. Perfecta para regalarte a ti misma o a alguien especial que irradie positivismo.  <\/span><\/p>\n<p data-start=\"1492\" data-end=\"1511\"><strong data-start=\"1492\" data-end=\"1511\">Confeccionada bajo Demanda:<\/strong><\/p>\n<p data-start=\"1513\" data-end=\"1591\"><span class=\"relative -mx-px my-[-0.2rem] rounded px-px py-[0.2rem] transition-colors duration-100 ease-in-out\">Cada sudadera se imprime especialmente para ti, asegurando un producto \u00fanico y ayudando a reducir el exceso de producci\u00f3n. Tu compra apoya la moda sostenible, haci\u00e9ndote parte de un movimiento hacia un futuro m\u00e1s consciente y con estilo. <\/span><\/p>\n","protected":false},"excerpt":{"rendered":"<p>Mantente c\u00f3moda e inspirada con esta sudadera holgada Ma\u00f1ana Ser\u00e1 Bonito. Combina comodidad, estilo y un mensaje alentador, todo elaborado de forma sostenible solo para ti.<\/p>\n","protected":false},"featured_media":60154,"comment_status":"open","ping_status":"closed","template":"","meta":[],"product_brand":[],"product_cat":[390],"product_tag":[],"class_list":{"0":"post-101188","1":"product","2":"type-product","3":"status-publish","4":"has-post-thumbnail","6":"product_cat-sudaderas-con-capucha","8":"first","9":"instock","10":"taxable","11":"shipping-taxable","12":"purchasable","13":"product-type-variable"},"jetpack_sharing_enabled":true,"_links":{"self":[{"href":"https:\/\/latinspirit.eu\/es\/wp-json\/wp\/v2\/product\/101188","targetHints":{"allow":["GET"]}}],"collection":[{"href":"https:\/\/latinspirit.eu\/es\/wp-json\/wp\/v2\/product"}],"about":[{"href":"https:\/\/latinspirit.eu\/es\/wp-json\/wp\/v2\/types\/product"}],"replies":[{"embeddable":true,"href":"https:\/\/latinspirit.eu\/es\/wp-json\/wp\/v2\/comments?post=101188"}],"version-history":[{"count":1,"href":"https:\/\/latinspirit.eu\/es\/wp-json\/wp\/v2\/product\/101188\/revisions"}],"predecessor-version":[{"id":101249,"href":"https:\/\/latinspirit.eu\/es\/wp-json\/wp\/v2\/product\/101188\/revisions\/101249"}],"wp:featuredmedia":[{"embeddable":true,"href":"https:\/\/latinspirit.eu\/es\/wp-json\/wp\/v2\/media\/60154"}],"wp:attachment":[{"href":"https:\/\/latinspirit.eu\/es\/wp-json\/wp\/v2\/media?parent=101188"}],"wp:term":[{"taxonomy":"product_brand","embeddable":true,"href":"https:\/\/latinspirit.eu\/es\/wp-json\/wp\/v2\/product_brand?post=101188"},{"taxonomy":"product_cat","embeddable":true,"href":"https:\/\/latinspirit.eu\/es\/wp-json\/wp\/v2\/product_cat?post=101188"},{"taxonomy":"product_tag","embeddable":true,"href":"https:\/\/latinspirit.eu\/es\/wp-json\/wp\/v2\/product_tag?post=101188"}],"curies":[{"name":"wp","href":"https:\/\/api.w.org\/{rel}","templated":true}]}}