{"id":101251,"date":"2024-04-05T16:54:16","date_gmt":"2024-04-05T14:54:16","guid":{"rendered":"https:\/\/latinspirit.eu\/product\/bachata-made-in-dominican-republic-bolsa-ecologica\/"},"modified":"2026-01-11T00:29:31","modified_gmt":"2026-01-10T23:29:31","slug":"bachata-made-in-dominican-republic-bolsa-ecologica","status":"publish","type":"product","link":"https:\/\/latinspirit.eu\/es\/product\/bachata-made-in-dominican-republic-bolsa-ecologica\/","title":{"rendered":"Bachata \u2013 Made in Dominican Republic Bolsa Ecol\u00f3gica"},"content":{"rendered":"<p data-start=\"264\" data-end=\"476\">Ya sea que est\u00e9s bailando por la calle o yendo al mercado, esta bolsa ecol\u00f3gica lo dice todo: <em data-start=\"356\" data-end=\"394\">Bachata \u2013 Made in Dominican Republic<\/em>. Es m\u00e1s que una bolsa\u2014es un ritmo, una bandera y toda una actitud que llevas contigo. <\/p>\n<p data-start=\"478\" data-end=\"723\">Dise\u00f1ada para bachateras y bachateros que llevan sus ra\u00edces con orgullo. Esta bolsa espaciosa y resistente es tu compa\u00f1era ideal para las aventuras diarias. Ligera, duradera y ecol\u00f3gica, combina a la perfecci\u00f3n con tu amor por la cultura y la vida consciente. <\/p>\n<p data-start=\"730\" data-end=\"753\"><strong data-start=\"730\" data-end=\"753\">Por qu\u00e9 te encantar\u00e1:<\/strong><\/p>\n<ul data-start=\"755\" data-end=\"1158\">\n<li data-start=\"755\" data-end=\"867\">\n<p data-start=\"757\" data-end=\"867\"><strong data-start=\"757\" data-end=\"810\">Impreso \u00abBachata \u2013 Made in Dominican Republic\u00bb:<\/strong> Celebra la m\u00fasica y la isla que le dio vida.<\/p>\n<\/li>\n<li data-start=\"868\" data-end=\"933\">\n<p data-start=\"870\" data-end=\"933\"><strong data-start=\"870\" data-end=\"896\">Ecol\u00f3gica y con estilo:<\/strong> Elaborada con 100% algod\u00f3n org\u00e1nico.<\/p>\n<\/li>\n<li data-start=\"934\" data-end=\"1027\">\n<p data-start=\"936\" data-end=\"1027\"><strong data-start=\"936\" data-end=\"956\">Espaciosa y confiable:<\/strong> Ideal para las compras, d\u00edas de playa, clases de baile o lo esencial del d\u00eda a d\u00eda.<\/p>\n<\/li>\n<li data-start=\"1028\" data-end=\"1085\">\n<p data-start=\"1030\" data-end=\"1085\"><strong data-start=\"1030\" data-end=\"1047\">F\u00e1cil de llevar:<\/strong> Asas largas para mayor comodidad en el hombro.<\/p>\n<\/li>\n<li data-start=\"1086\" data-end=\"1158\">\n<p data-start=\"1088\" data-end=\"1158\"><strong data-start=\"1088\" data-end=\"1115\">Minimalista y significativa:<\/strong> Un mensaje poderoso sin decir una palabra.<\/p>\n<\/li>\n<\/ul>\n<p data-start=\"1165\" data-end=\"1192\"><strong data-start=\"1165\" data-end=\"1192\">Especificaciones del Producto:<\/strong><\/p>\n<ul data-start=\"1194\" data-end=\"1388\">\n<li data-start=\"1194\" data-end=\"1224\">\n<p data-start=\"1196\" data-end=\"1224\">Lona de 100% algod\u00f3n org\u00e1nico<\/p>\n<\/li>\n<li data-start=\"1225\" data-end=\"1265\">\n<p data-start=\"1227\" data-end=\"1265\">Dimensiones: 15\u2033 \u00d7 16\u2033 (38 \u00d7 40.6 cm)<\/p>\n<\/li>\n<li data-start=\"1266\" data-end=\"1298\">\n<p data-start=\"1268\" data-end=\"1298\">Largo de las asas: 20\u2033 (50.8 cm)<\/p>\n<\/li>\n<li data-start=\"1299\" data-end=\"1333\">\n<p data-start=\"1301\" data-end=\"1333\">Capacidad de peso: 30 lbs (13.6 kg)<\/p>\n<\/li>\n<li data-start=\"1334\" data-end=\"1359\">\n<p data-start=\"1336\" data-end=\"1359\">Compartimento principal abierto<\/p>\n<\/li>\n<li data-start=\"1360\" data-end=\"1388\">\n<p data-start=\"1362\" data-end=\"1388\">Ligera y plegable<\/p>\n<\/li>\n<\/ul>\n<p data-start=\"1395\" data-end=\"1429\"><strong data-start=\"1395\" data-end=\"1429\">Lleva la Bachata a Todas Partes<\/strong><\/p>\n<p data-start=\"1431\" data-end=\"1589\">Esto es m\u00e1s que una simple bolsa\u2014es tu cultura en movimiento. Ll\u00e9vala con confianza, reg\u00e1lala con cari\u00f1o y que el mundo sepa de d\u00f3nde viene tu ritmo. <\/p>\n<p data-start=\"1596\" data-end=\"1628\"><strong data-start=\"1596\" data-end=\"1628\">Hecha bajo Demanda, Solo para Ti<\/strong><\/p>\n<p data-start=\"1630\" data-end=\"1816\">Esta bolsa se imprime solo cuando la solicitas, lo que ayuda a reducir el exceso de producci\u00f3n y los residuos. Al elegir la producci\u00f3n bajo demanda, apoyas una moda consciente que respeta el planeta y tus valores. <\/p>\n","protected":false},"excerpt":{"rendered":"<p>Celebra tus ra\u00edces y tu ritmo con esta bolsa ecol\u00f3gica \u201cBachata \u2013 Made in Dominican Republic\u201d. Con estilo, sostenible y llena de orgullo. <\/p>\n","protected":false},"featured_media":60134,"comment_status":"open","ping_status":"closed","template":"","meta":[],"product_brand":[],"product_cat":[368,392],"product_tag":[],"class_list":{"0":"post-101251","1":"product","2":"type-product","3":"status-publish","4":"has-post-thumbnail","6":"product_cat-accesorios","7":"product_cat-zapatos-y-bolsos","8":"product_shipping_class-bags","10":"first","11":"instock","12":"taxable","13":"shipping-taxable","14":"purchasable","15":"product-type-simple"},"jetpack_sharing_enabled":true,"_links":{"self":[{"href":"https:\/\/latinspirit.eu\/es\/wp-json\/wp\/v2\/product\/101251","targetHints":{"allow":["GET"]}}],"collection":[{"href":"https:\/\/latinspirit.eu\/es\/wp-json\/wp\/v2\/product"}],"about":[{"href":"https:\/\/latinspirit.eu\/es\/wp-json\/wp\/v2\/types\/product"}],"replies":[{"embeddable":true,"href":"https:\/\/latinspirit.eu\/es\/wp-json\/wp\/v2\/comments?post=101251"}],"version-history":[{"count":1,"href":"https:\/\/latinspirit.eu\/es\/wp-json\/wp\/v2\/product\/101251\/revisions"}],"predecessor-version":[{"id":104428,"href":"https:\/\/latinspirit.eu\/es\/wp-json\/wp\/v2\/product\/101251\/revisions\/104428"}],"wp:featuredmedia":[{"embeddable":true,"href":"https:\/\/latinspirit.eu\/es\/wp-json\/wp\/v2\/media\/60134"}],"wp:attachment":[{"href":"https:\/\/latinspirit.eu\/es\/wp-json\/wp\/v2\/media?parent=101251"}],"wp:term":[{"taxonomy":"product_brand","embeddable":true,"href":"https:\/\/latinspirit.eu\/es\/wp-json\/wp\/v2\/product_brand?post=101251"},{"taxonomy":"product_cat","embeddable":true,"href":"https:\/\/latinspirit.eu\/es\/wp-json\/wp\/v2\/product_cat?post=101251"},{"taxonomy":"product_tag","embeddable":true,"href":"https:\/\/latinspirit.eu\/es\/wp-json\/wp\/v2\/product_tag?post=101251"}],"curies":[{"name":"wp","href":"https:\/\/api.w.org\/{rel}","templated":true}]}}