{"id":101326,"date":"2024-04-05T14:47:31","date_gmt":"2024-04-05T12:47:31","guid":{"rendered":"https:\/\/latinspirit.eu\/product\/bichota-hoodie-potencia-tu-estilo\/"},"modified":"2025-11-23T22:44:13","modified_gmt":"2025-11-23T21:44:13","slug":"bichota-hoodie-potencia-tu-estilo","status":"publish","type":"product","link":"https:\/\/latinspirit.eu\/es\/product\/bichota-hoodie-potencia-tu-estilo\/","title":{"rendered":"Bichota Hoodie \u2013 Potencia tu Estilo"},"content":{"rendered":"<p data-start=\"256\" data-end=\"562\">Entra en tu poder con la Bichota Hoodie, inspirada en la feroz energ\u00eda de la cultura latina y la ic\u00f3nica Karol G. Esta sudadera no es solo para abrigarse\u2014es para marcar una postura. Dise\u00f1ada para quienes abrazan su fuerza e individualidad, es la combinaci\u00f3n perfecta de comodidad y confianza. <\/p>\n<p data-start=\"564\" data-end=\"700\">Ya sea que vayas a un concierto, salgas a bailar toda la noche o simplemente expreses tu <em data-start=\"657\" data-end=\"666\">bichota<\/em> interior, esta sudadera te tiene cubierta.<\/p>\n<p data-start=\"702\" data-end=\"725\"><strong data-start=\"702\" data-end=\"725\">Por qu\u00e9 te encantar\u00e1:<\/strong><\/p>\n<ul data-start=\"727\" data-end=\"1009\">\n<li data-start=\"727\" data-end=\"783\">\n<p data-start=\"729\" data-end=\"783\"><strong data-start=\"729\" data-end=\"745\"><span class=\"relative -mx-px my-[-0.2rem] rounded px-px py-[0.2rem] transition-colors duration-100 ease-in-out\">Dise\u00f1o Atrevido:<\/span><\/strong> Lleva el impresionante gr\u00e1fico \u00abBichota\u00bb, celebrando el empoderamiento y la autoexpresi\u00f3n.<\/p>\n<\/li>\n<li data-start=\"784\" data-end=\"844\">\n<p data-start=\"786\" data-end=\"844\"><strong data-start=\"786\" data-end=\"806\"><span class=\"relative -mx-px my-[-0.2rem] rounded px-px py-[0.2rem] transition-colors duration-100 ease-in-out\">Calidad Premium:<\/span><\/strong> Confeccionada en tela suave y transpirable para una comodidad que dura todo el d\u00eda.<\/p>\n<\/li>\n<li data-start=\"845\" data-end=\"903\">\n<p data-start=\"847\" data-end=\"903\"><strong data-start=\"847\" data-end=\"865\"><span class=\"relative -mx-px my-[-0.2rem] rounded px-px py-[0.2rem] transition-colors duration-100 ease-in-out\">Ajuste Vers\u00e1til:<\/span><\/strong> Corte holgado, favorecedor para varios tipos de cuerpo y estilos.<\/p>\n<\/li>\n<li data-start=\"904\" data-end=\"1009\">\n<p data-start=\"906\" data-end=\"1009\"><strong data-start=\"906\" data-end=\"930\"><span class=\"relative -mx-px my-[-0.2rem] rounded px-px py-[0.2rem] transition-colors duration-100 ease-in-out\">Detalles Funcionales:<\/span><\/strong> Incluye una c\u00f3moda capucha y un amplio bolsillo delantero para mayor practicidad.<\/p>\n<\/li>\n<\/ul>\n<p data-start=\"1011\" data-end=\"1038\"><strong data-start=\"1011\" data-end=\"1038\">Especificaciones del Producto:<\/strong><\/p>\n<ul data-start=\"1040\" data-end=\"1362\">\n<li data-start=\"1040\" data-end=\"1095\">\n<p data-start=\"1042\" data-end=\"1095\"><strong data-start=\"1042\" data-end=\"1055\"><span class=\"relative -mx-px my-[-0.2rem] rounded px-px py-[0.2rem] transition-colors duration-100 ease-in-out\">Material:<\/span><\/strong> 100% algod\u00f3n peinado e hilado (los colores jaspeados pueden contener poli\u00e9ster)<\/p>\n<\/li>\n<li data-start=\"1096\" data-end=\"1156\">\n<p data-start=\"1098\" data-end=\"1156\"><strong data-start=\"1098\" data-end=\"1116\">Peso de la tela:<\/strong> 4.2 oz\/y\u00b2 (142 g\/m\u00b2)<\/p>\n<\/li>\n<li data-start=\"1157\" data-end=\"1207\">\n<p data-start=\"1159\" data-end=\"1207\"><strong data-start=\"1159\" data-end=\"1167\"><span class=\"relative -mx-px my-[-0.2rem] rounded px-px py-[0.2rem] transition-colors duration-100 ease-in-out\">Ajuste:<\/span><\/strong> Corte holgado para un silueta c\u00f3moda<\/p>\n<\/li>\n<li data-start=\"1208\" data-end=\"1263\">\n<p data-start=\"1210\" data-end=\"1263\"><strong data-start=\"1210\" data-end=\"1223\">Escote:<\/strong> Cl\u00e1sico cuello redondo<\/p>\n<\/li>\n<li data-start=\"1264\" data-end=\"1362\">\n<p data-start=\"1266\" data-end=\"1362\"><strong data-start=\"1266\" data-end=\"1283\"><span class=\"relative -mx-px my-[-0.2rem] rounded px-px py-[0.2rem] transition-colors duration-100 ease-in-out\">Construcci\u00f3n:<\/span><\/strong> Costuras laterales y tela preencogida para mantener la forma<\/p>\n<\/li>\n<\/ul>\n<p data-start=\"1364\" data-end=\"1382\"><strong data-start=\"1364\" data-end=\"1382\">Hazla Tuya<\/strong><\/p>\n<p data-start=\"1384\" data-end=\"1462\"><span class=\"relative -mx-px my-[-0.2rem] rounded px-px py-[0.2rem] transition-colors duration-100 ease-in-out\">\u00bfLista para mostrar tu fuerza interior y estilo? La Bichota Hoodie es m\u00e1s que una prenda\u2014es una celebraci\u00f3n de la confianza y el orgullo cultural. Consi\u00e9ntete o reg\u00e1lasela a alguien que encarne el esp\u00edritu <em data-start=\"203\" data-end=\"212\">bichota<\/em>.  <\/span><\/p>\n<p data-start=\"1464\" data-end=\"1483\"><strong data-start=\"1464\" data-end=\"1483\">Confeccionada bajo Demanda:<\/strong><\/p>\n<p data-start=\"1485\" data-end=\"1563\"><span class=\"relative -mx-px my-[-0.2rem] rounded px-px py-[0.2rem] transition-colors duration-100 ease-in-out\">Cada sudadera se imprime especialmente para ti, asegurando un producto \u00fanico y ayudando a reducir el exceso de producci\u00f3n. Tu compra apoya la moda sostenible, haci\u00e9ndote parte de un movimiento hacia un futuro m\u00e1s consciente y con estilo. <\/span><\/p>\n","protected":false},"excerpt":{"rendered":"<p>Abraza a tu bichota interior con esta sudadera holgada. Combina un dise\u00f1o audaz, comodidad y producci\u00f3n ecol\u00f3gica para una declaraci\u00f3n de moda poderosa.<\/p>\n","protected":false},"featured_media":60100,"comment_status":"open","ping_status":"closed","template":"","meta":[],"product_brand":[],"product_cat":[390],"product_tag":[],"class_list":{"0":"post-101326","1":"product","2":"type-product","3":"status-publish","4":"has-post-thumbnail","6":"product_cat-sudaderas-con-capucha","8":"first","9":"instock","10":"taxable","11":"shipping-taxable","12":"purchasable","13":"product-type-variable"},"jetpack_sharing_enabled":true,"_links":{"self":[{"href":"https:\/\/latinspirit.eu\/es\/wp-json\/wp\/v2\/product\/101326","targetHints":{"allow":["GET"]}}],"collection":[{"href":"https:\/\/latinspirit.eu\/es\/wp-json\/wp\/v2\/product"}],"about":[{"href":"https:\/\/latinspirit.eu\/es\/wp-json\/wp\/v2\/types\/product"}],"replies":[{"embeddable":true,"href":"https:\/\/latinspirit.eu\/es\/wp-json\/wp\/v2\/comments?post=101326"}],"version-history":[{"count":1,"href":"https:\/\/latinspirit.eu\/es\/wp-json\/wp\/v2\/product\/101326\/revisions"}],"predecessor-version":[{"id":101399,"href":"https:\/\/latinspirit.eu\/es\/wp-json\/wp\/v2\/product\/101326\/revisions\/101399"}],"wp:featuredmedia":[{"embeddable":true,"href":"https:\/\/latinspirit.eu\/es\/wp-json\/wp\/v2\/media\/60100"}],"wp:attachment":[{"href":"https:\/\/latinspirit.eu\/es\/wp-json\/wp\/v2\/media?parent=101326"}],"wp:term":[{"taxonomy":"product_brand","embeddable":true,"href":"https:\/\/latinspirit.eu\/es\/wp-json\/wp\/v2\/product_brand?post=101326"},{"taxonomy":"product_cat","embeddable":true,"href":"https:\/\/latinspirit.eu\/es\/wp-json\/wp\/v2\/product_cat?post=101326"},{"taxonomy":"product_tag","embeddable":true,"href":"https:\/\/latinspirit.eu\/es\/wp-json\/wp\/v2\/product_tag?post=101326"}],"curies":[{"name":"wp","href":"https:\/\/api.w.org\/{rel}","templated":true}]}}