{"id":101459,"date":"2024-04-05T12:27:01","date_gmt":"2024-04-05T10:27:01","guid":{"rendered":"https:\/\/latinspirit.eu\/product\/camiseta-manana-sera-bonito-viste-tu-optimismo\/"},"modified":"2026-01-11T00:27:02","modified_gmt":"2026-01-10T23:27:02","slug":"camiseta-manana-sera-bonito-viste-tu-optimismo","status":"publish","type":"product","link":"https:\/\/latinspirit.eu\/es\/product\/camiseta-manana-sera-bonito-viste-tu-optimismo\/","title":{"rendered":"Camiseta Ma\u00f1ana Ser\u00e1 Bonito \u2013 Viste tu Optimismo"},"content":{"rendered":"<p data-start=\"242\" data-end=\"475\">Abraza la energ\u00eda vibrante de la cultura latina con nuestra camiseta \u00abMa\u00f1ana Ser\u00e1 Bonito\u00bb. Inspirada en el mensaje alentador del \u00e1lbum de Karol G, esta playera es m\u00e1s que ropa\u2014es un recordatorio de que el ma\u00f1ana tiene posibilidades infinitas. <\/p>\n<p data-start=\"477\" data-end=\"632\">Confeccionada para quienes creen en la belleza del futuro. Esta camiseta combina estilo con una actitud positiva, por lo que es un complemento perfecto para cualquier guardarropa.<\/p>\n<ul data-start=\"659\" data-end=\"1031\">\n<li data-start=\"659\" data-end=\"768\">\n<p data-start=\"661\" data-end=\"768\"><strong data-start=\"661\" data-end=\"680\">Dise\u00f1o Vibrante:<\/strong> Lleva el colorido impreso \u00abMa\u00f1ana Ser\u00e1 Bonito\u00bb, difundiendo positivismo dondequiera que vayas.<\/p>\n<\/li>\n<li data-start=\"769\" data-end=\"846\">\n<p data-start=\"771\" data-end=\"846\"><strong data-start=\"771\" data-end=\"791\">Calidad Premium:<\/strong> Hecha de algod\u00f3n suave y transpirable para una comodidad que dura todo el d\u00eda.<\/p>\n<\/li>\n<li data-start=\"847\" data-end=\"933\">\n<p data-start=\"849\" data-end=\"933\"><strong data-start=\"849\" data-end=\"869\">Estilo Vers\u00e1til:<\/strong> Ideal para salidas informales, conciertos o simplemente relajarse en casa.<\/p>\n<\/li>\n<li data-start=\"934\" data-end=\"1031\">\n<p data-start=\"936\" data-end=\"1031\"><strong data-start=\"936\" data-end=\"964\">Producci\u00f3n Ecol\u00f3gica:<\/strong> Impresa bajo demanda para reducir desperdicios y apoyar la moda sostenible.<\/p>\n<\/li>\n<\/ul>\n<p data-start=\"1033\" data-end=\"1060\"><strong data-start=\"1033\" data-end=\"1060\">Especificaciones del Producto:<\/strong><\/p>\n<ul data-start=\"1062\" data-end=\"1350\">\n<li data-start=\"1062\" data-end=\"1149\">\n<p data-start=\"1064\" data-end=\"1149\">Material: 100% algod\u00f3n peinado e hilado (los colores jaspeados pueden contener poli\u00e9ster)<\/p>\n<\/li>\n<li data-start=\"1150\" data-end=\"1191\">\n<p data-start=\"1152\" data-end=\"1191\">Peso de la tela: 4.2 oz\/y\u00b2 (142 g\/m\u00b2)<\/p>\n<\/li>\n<li data-start=\"1192\" data-end=\"1243\">\n<p data-start=\"1194\" data-end=\"1243\">Ajuste: Corte holgado para un silueta c\u00f3moda<\/p>\n<\/li>\n<li data-start=\"1244\" data-end=\"1277\">\n<p data-start=\"1246\" data-end=\"1277\">Escote: Cl\u00e1sico cuello redondo<\/p>\n<\/li>\n<li data-start=\"1278\" data-end=\"1350\">\n<p data-start=\"1280\" data-end=\"1350\">Construcci\u00f3n: Costuras laterales y tela preencogida para mantener la forma<\/p>\n<\/li>\n<\/ul>\n<p data-start=\"1376\" data-end=\"1599\">\u00bfListo para a\u00f1adir una dosis de optimismo a tu armario? Esta playera no es solo moda\u2014se trata de abrazar la mentalidad de que \u00abma\u00f1ana ser\u00e1 bonito\u00bb. Perfecta para regalarte a ti mismo o a alguien especial que irradie positivismo.  <\/p>\n<p data-start=\"1622\" data-end=\"1852\">Cada camiseta se imprime especialmente para ti, asegurando un producto \u00fanico y ayudando a reducir el exceso de producci\u00f3n. Tu compra apoya la moda sostenible, haci\u00e9ndote parte de un movimiento hacia un futuro m\u00e1s consciente y con estilo. <\/p>\n","protected":false},"excerpt":{"rendered":"<p>Mantente positivo y con estilo con esta camiseta holgada \u201cMa\u00f1ana Ser\u00e1 Bonito\u201d\u2014suave, transpirable y hecha bajo demanda para una comodidad ecol\u00f3gica.<\/p>\n","protected":false},"featured_media":60024,"comment_status":"open","ping_status":"closed","template":"","meta":[],"product_brand":[],"product_cat":[362],"product_tag":[],"class_list":{"0":"post-101459","1":"product","2":"type-product","3":"status-publish","4":"has-post-thumbnail","6":"product_cat-camisetas","7":"product_shipping_class-shirts","9":"first","10":"instock","11":"taxable","12":"shipping-taxable","13":"purchasable","14":"product-type-variable"},"jetpack_sharing_enabled":true,"_links":{"self":[{"href":"https:\/\/latinspirit.eu\/es\/wp-json\/wp\/v2\/product\/101459","targetHints":{"allow":["GET"]}}],"collection":[{"href":"https:\/\/latinspirit.eu\/es\/wp-json\/wp\/v2\/product"}],"about":[{"href":"https:\/\/latinspirit.eu\/es\/wp-json\/wp\/v2\/types\/product"}],"replies":[{"embeddable":true,"href":"https:\/\/latinspirit.eu\/es\/wp-json\/wp\/v2\/comments?post=101459"}],"version-history":[{"count":1,"href":"https:\/\/latinspirit.eu\/es\/wp-json\/wp\/v2\/product\/101459\/revisions"}],"predecessor-version":[{"id":101515,"href":"https:\/\/latinspirit.eu\/es\/wp-json\/wp\/v2\/product\/101459\/revisions\/101515"}],"wp:featuredmedia":[{"embeddable":true,"href":"https:\/\/latinspirit.eu\/es\/wp-json\/wp\/v2\/media\/60024"}],"wp:attachment":[{"href":"https:\/\/latinspirit.eu\/es\/wp-json\/wp\/v2\/media?parent=101459"}],"wp:term":[{"taxonomy":"product_brand","embeddable":true,"href":"https:\/\/latinspirit.eu\/es\/wp-json\/wp\/v2\/product_brand?post=101459"},{"taxonomy":"product_cat","embeddable":true,"href":"https:\/\/latinspirit.eu\/es\/wp-json\/wp\/v2\/product_cat?post=101459"},{"taxonomy":"product_tag","embeddable":true,"href":"https:\/\/latinspirit.eu\/es\/wp-json\/wp\/v2\/product_tag?post=101459"}],"curies":[{"name":"wp","href":"https:\/\/api.w.org\/{rel}","templated":true}]}}