{"id":101565,"date":"2024-04-04T18:43:48","date_gmt":"2024-04-04T16:43:48","guid":{"rendered":"https:\/\/latinspirit.eu\/product\/sudadera-bachata-made-in-dominican-republic\/"},"modified":"2026-01-11T00:28:24","modified_gmt":"2026-01-10T23:28:24","slug":"sudadera-bachata-made-in-dominican-republic","status":"publish","type":"product","link":"https:\/\/latinspirit.eu\/es\/product\/sudadera-bachata-made-in-dominican-republic\/","title":{"rendered":"Sudadera Bachata Made in Dominican Republic"},"content":{"rendered":"<p>\u00a1Sudadera \u00abBachata Made in Dominican Republic\u00bb!<br \/>\nDest\u00e1cate entre la multitud y muestra con orgullo tu amor por la Bachata. Ya sea que est\u00e9s en la pista de baile o simplemente paseando por la ciudad, hazle saber al mundo que llevas la Bachata en las venas. <\/p>\n<p>Caracter\u00edsticas:<\/p>\n<p>Dise\u00f1o Aut\u00e9ntico: Lucie un dise\u00f1o cautivador que rinde homenaje a la cuna de la Bachata. Esta sudadera es una verdadera celebraci\u00f3n de la cultura y herencia dominicana.<br \/>\nCalidad Premium: Confeccionada con los mejores materiales para ofrecer una comodidad y durabilidad inigualables, asegurando que te sientas fabuloso y c\u00f3modo cada vez que la usas.<\/p>\n<p>Aviso importante: Esta sudadera queda peque\u00f1a. Para un ajuste perfecto, te recomendamos pedir una talla m\u00e1s grande de tu talla habitual. <\/p>\n<p data-start=\"1031\" data-end=\"1058\"><strong data-start=\"1031\" data-end=\"1058\">Especificaciones del Producto:<\/strong><\/p>\n<ul data-start=\"1060\" data-end=\"1382\">\n<li data-start=\"1060\" data-end=\"1115\">\n<p data-start=\"1062\" data-end=\"1115\"><strong data-start=\"1062\" data-end=\"1075\"><span class=\"relative -mx-px my-[-0.2rem] rounded px-px py-[0.2rem] transition-colors duration-100 ease-in-out\">Material:<\/span><\/strong> 100% algod\u00f3n peinado e hilado (los colores jaspeados pueden contener poli\u00e9ster)<\/p>\n<\/li>\n<li data-start=\"1116\" data-end=\"1176\">\n<p data-start=\"1118\" data-end=\"1176\"><strong data-start=\"1118\" data-end=\"1136\">Peso de la tela:<\/strong> 4.2 oz\/y\u00b2 (142 g\/m\u00b2)<\/p>\n<\/li>\n<li data-start=\"1177\" data-end=\"1227\">\n<p data-start=\"1179\" data-end=\"1227\"><strong data-start=\"1179\" data-end=\"1187\"><span class=\"relative -mx-px my-[-0.2rem] rounded px-px py-[0.2rem] transition-colors duration-100 ease-in-out\">Ajuste:<\/span><\/strong> Corte holgado para un silueta c\u00f3moda<\/p>\n<\/li>\n<li data-start=\"1228\" data-end=\"1283\">\n<p data-start=\"1230\" data-end=\"1283\"><strong data-start=\"1230\" data-end=\"1243\">Escote:<\/strong> Cl\u00e1sico cuello redondo<\/p>\n<\/li>\n<li data-start=\"1284\" data-end=\"1382\">\n<p data-start=\"1286\" data-end=\"1382\"><strong data-start=\"1286\" data-end=\"1303\"><span class=\"relative -mx-px my-[-0.2rem] rounded px-px py-[0.2rem] transition-colors duration-100 ease-in-out\">Construcci\u00f3n:<\/span><\/strong> Costuras laterales y tela preencogida para mantener la forma<\/p>\n<\/li>\n<\/ul>\n<p data-start=\"1492\" data-end=\"1511\"><strong data-start=\"1492\" data-end=\"1511\">Hecha para ti:<\/strong><\/p>\n<p data-start=\"1513\" data-end=\"1591\"><span class=\"relative -mx-px my-[-0.2rem] rounded px-px py-[0.2rem] transition-colors duration-100 ease-in-out\">Este producto se fabrica especialmente para ti tan pronto como realizas un pedido, por lo que tardamos un poco m\u00e1s en entreg\u00e1rtelo. Fabricar productos bajo demanda en lugar de forma masiva ayuda a reducir el exceso de producci\u00f3n. \u00a1Gracias por tomar decisiones de compra m\u00e1s conscientes! <\/span><\/p>\n","protected":false},"excerpt":{"rendered":"<p>\u00a1Demuestra tu pasi\u00f3n con la Sudadera \u00abBachata Made in Dominican Republic\u00bb! Esta sudadera premium luce un dise\u00f1o cautivador que honra las aut\u00e9nticas ra\u00edces de la Bachata. <\/p>\n","protected":false},"featured_media":59980,"comment_status":"open","ping_status":"closed","template":"","meta":[],"product_brand":[],"product_cat":[383],"product_tag":[],"class_list":{"0":"post-101565","1":"product","2":"type-product","3":"status-publish","4":"has-post-thumbnail","6":"product_cat-sudaderas-con-capucha","7":"product_shipping_class-hoodies","9":"first","10":"instock","11":"taxable","12":"shipping-taxable","13":"purchasable","14":"product-type-variable"},"jetpack_sharing_enabled":true,"_links":{"self":[{"href":"https:\/\/latinspirit.eu\/es\/wp-json\/wp\/v2\/product\/101565","targetHints":{"allow":["GET"]}}],"collection":[{"href":"https:\/\/latinspirit.eu\/es\/wp-json\/wp\/v2\/product"}],"about":[{"href":"https:\/\/latinspirit.eu\/es\/wp-json\/wp\/v2\/types\/product"}],"replies":[{"embeddable":true,"href":"https:\/\/latinspirit.eu\/es\/wp-json\/wp\/v2\/comments?post=101565"}],"version-history":[{"count":2,"href":"https:\/\/latinspirit.eu\/es\/wp-json\/wp\/v2\/product\/101565\/revisions"}],"predecessor-version":[{"id":104411,"href":"https:\/\/latinspirit.eu\/es\/wp-json\/wp\/v2\/product\/101565\/revisions\/104411"}],"wp:featuredmedia":[{"embeddable":true,"href":"https:\/\/latinspirit.eu\/es\/wp-json\/wp\/v2\/media\/59980"}],"wp:attachment":[{"href":"https:\/\/latinspirit.eu\/es\/wp-json\/wp\/v2\/media?parent=101565"}],"wp:term":[{"taxonomy":"product_brand","embeddable":true,"href":"https:\/\/latinspirit.eu\/es\/wp-json\/wp\/v2\/product_brand?post=101565"},{"taxonomy":"product_cat","embeddable":true,"href":"https:\/\/latinspirit.eu\/es\/wp-json\/wp\/v2\/product_cat?post=101565"},{"taxonomy":"product_tag","embeddable":true,"href":"https:\/\/latinspirit.eu\/es\/wp-json\/wp\/v2\/product_tag?post=101565"}],"curies":[{"name":"wp","href":"https:\/\/api.w.org\/{rel}","templated":true}]}}