{"id":101789,"date":"2024-03-25T12:12:10","date_gmt":"2024-03-25T11:12:10","guid":{"rendered":"https:\/\/latinspirit.eu\/product\/tarjeta-regalo-latin-spirit-el-regalo-perfecto-para-toda-ocasion\/"},"modified":"2025-11-24T00:00:47","modified_gmt":"2025-11-23T23:00:47","slug":"tarjeta-regalo-latin-spirit-el-regalo-perfecto-para-toda-ocasion","status":"publish","type":"product","link":"https:\/\/latinspirit.eu\/es\/product\/tarjeta-regalo-latin-spirit-el-regalo-perfecto-para-toda-ocasion\/","title":{"rendered":"Tarjeta Regalo Latin Spirit \u2013 El Regalo Perfecto para Toda Ocasi\u00f3n"},"content":{"rendered":"<p class=\"ds-markdown-paragraph\">\u00a1Regala estilo y cultura con una Tarjeta Regalo de Latin Spirit! La elecci\u00f3n perfecta para cumplea\u00f1os, d\u00edas festivos o simplemente porque s\u00ed. Permite que tus amigos, familia o esa persona especial elijan su dise\u00f1o favorito de nuestra exclusiva colecci\u00f3n de ropa y accesorios con inspiraci\u00f3n latina. Ya sea que amen la bachata, el reggaeton o simplemente expresar su orgullo, nuestra tarjeta regalo desbloquea un mundo de moda vibrante y mensajes con significado.   <\/p>\n<p class=\"ds-markdown-paragraph\"><strong>Caracter\u00edsticas Principales:<\/strong><\/p>\n<ul>\n<li>\n<p class=\"ds-markdown-paragraph\"><strong>Flexible y Considerado:<\/strong> Ellos eligen lo que m\u00e1s les gusta.<\/p>\n<\/li>\n<li>\n<p class=\"ds-markdown-paragraph\"><strong>Entrega Instant\u00e1nea:<\/strong> Enviada por correo electr\u00f3nico para regalos de \u00faltima hora.<\/p>\n<\/li>\n<li>\n<p class=\"ds-markdown-paragraph\"><strong>Sin Fecha de Caducidad:<\/strong> Pueden usarla cuando est\u00e9n listos.<\/p>\n<\/li>\n<li>\n<p class=\"ds-markdown-paragraph\"><strong>V\u00e1lida para Todo:<\/strong> V\u00e1lida en todos los productos de nuestra tienda.<\/p>\n<\/li>\n<\/ul>\n<p class=\"ds-markdown-paragraph\"><strong>Perfecta Para:<\/strong><\/p>\n<ul>\n<li>\n<p class=\"ds-markdown-paragraph\">Regalos de Cumplea\u00f1os | Regalos Navide\u00f1os | D\u00eda de la Madre | D\u00eda del Padre | Amantes del Baile | Entusiastas de la Cultura<\/p>\n<\/li>\n<\/ul>\n","protected":false},"excerpt":{"rendered":"<p>La Tarjeta Regalo Electr\u00f3nica de Latin Spirit se entrega de forma electr\u00f3nica al correo del destinatario. \u00c9l o ella puede introducir el c\u00f3digo \u00fanico en el proceso de pago para canjear su valor. \u00a1Es la forma f\u00e1cil, r\u00e1pida y perfecta de regalar estilo latino!  <\/p>\n","protected":false},"featured_media":59716,"comment_status":"open","ping_status":"closed","template":"","meta":[],"product_brand":[],"product_cat":[369],"product_tag":[],"class_list":{"0":"post-101789","1":"product","2":"type-product","3":"status-publish","4":"has-post-thumbnail","6":"product_cat-tarjeta-de-regalo","8":"first","9":"instock","10":"taxable","11":"shipping-taxable","12":"purchasable","13":"product-type-simple"},"jetpack_sharing_enabled":true,"_links":{"self":[{"href":"https:\/\/latinspirit.eu\/es\/wp-json\/wp\/v2\/product\/101789","targetHints":{"allow":["GET"]}}],"collection":[{"href":"https:\/\/latinspirit.eu\/es\/wp-json\/wp\/v2\/product"}],"about":[{"href":"https:\/\/latinspirit.eu\/es\/wp-json\/wp\/v2\/types\/product"}],"replies":[{"embeddable":true,"href":"https:\/\/latinspirit.eu\/es\/wp-json\/wp\/v2\/comments?post=101789"}],"version-history":[{"count":1,"href":"https:\/\/latinspirit.eu\/es\/wp-json\/wp\/v2\/product\/101789\/revisions"}],"predecessor-version":[{"id":101790,"href":"https:\/\/latinspirit.eu\/es\/wp-json\/wp\/v2\/product\/101789\/revisions\/101790"}],"wp:featuredmedia":[{"embeddable":true,"href":"https:\/\/latinspirit.eu\/es\/wp-json\/wp\/v2\/media\/59716"}],"wp:attachment":[{"href":"https:\/\/latinspirit.eu\/es\/wp-json\/wp\/v2\/media?parent=101789"}],"wp:term":[{"taxonomy":"product_brand","embeddable":true,"href":"https:\/\/latinspirit.eu\/es\/wp-json\/wp\/v2\/product_brand?post=101789"},{"taxonomy":"product_cat","embeddable":true,"href":"https:\/\/latinspirit.eu\/es\/wp-json\/wp\/v2\/product_cat?post=101789"},{"taxonomy":"product_tag","embeddable":true,"href":"https:\/\/latinspirit.eu\/es\/wp-json\/wp\/v2\/product_tag?post=101789"}],"curies":[{"name":"wp","href":"https:\/\/api.w.org\/{rel}","templated":true}]}}