{"id":101795,"date":"2024-03-05T18:48:51","date_gmt":"2024-03-05T17:48:51","guid":{"rendered":"https:\/\/latinspirit.eu\/product\/bolsa-bachata-lleva-tu-estilo-y-pasion-a-todas-partes\/"},"modified":"2026-01-11T00:29:32","modified_gmt":"2026-01-10T23:29:32","slug":"bolsa-bachata-lleva-tu-estilo-y-pasion-a-todas-partes","status":"publish","type":"product","link":"https:\/\/latinspirit.eu\/es\/product\/bolsa-bachata-lleva-tu-estilo-y-pasion-a-todas-partes\/","title":{"rendered":"Bolsa Bachata \u2013 Lleva tu Estilo y Pasi\u00f3n a Todas Partes"},"content":{"rendered":"<p data-start=\"262\" data-end=\"412\">Celebra tu pasi\u00f3n por la bachata con nuestra <span class=\"relative -mx-px my-[-0.2rem] rounded px-px py-[0.2rem] transition-colors duration-100 ease-in-out\"><em data-start=\"67\" data-end=\"80\"><span class=\"relative -mx-px my-[-0.2rem] rounded px-px py-[0.2rem] transition-colors duration-100 ease-in-out\"><span class=\"relative -mx-px my-[-0.2rem] rounded px-px py-[0.2rem] transition-colors duration-100 ease-in-out\">Bolsa Bachata<\/span><\/span><\/em><\/span>, elegante y funcional. Dise\u00f1ada tanto para bailarines como para entusiastas, este totes es perfecto para llevar tus esenciales a clases de baile, sociales o salidas cotidianas. Su dise\u00f1o audaz muestra tu amor por el baile latino, convirti\u00e9ndolo en un accesorio imprescindible para cualquier bachatera.<\/p>\n<p data-start=\"414\" data-end=\"437\"><strong data-start=\"414\" data-end=\"437\">Por qu\u00e9 te encantar\u00e1:<\/strong><\/p>\n<ul data-start=\"439\" data-end=\"739\">\n<li data-start=\"439\" data-end=\"503\">\n<p data-start=\"441\" data-end=\"503\"><strong data-start=\"441\" data-end=\"463\"><span class=\"relative -mx-px my-[-0.2rem] rounded px-px py-[0.2rem] transition-colors duration-100 ease-in-out\">Dise\u00f1o Expresivo:<\/span><\/strong> Lleva un vibrante impreso \u00abBachata\u00bb que muestra con orgullo tu entusiasmo por el baile.<\/p>\n<\/li>\n<li data-start=\"504\" data-end=\"571\">\n<p data-start=\"506\" data-end=\"571\"><strong data-start=\"506\" data-end=\"531\"><span class=\"relative -mx-px my-[-0.2rem] rounded px-px py-[0.2rem] transition-colors duration-100 ease-in-out\">Espaciosa y Pr\u00e1ctica: <\/span><\/strong>Amplio espacio para llevar zapatos de baile, botellas de agua y art\u00edculos personales.<\/p>\n<\/li>\n<li data-start=\"572\" data-end=\"635\">\n<p data-start=\"574\" data-end=\"635\"><strong data-start=\"574\" data-end=\"595\">Material Duradero:<\/strong> Hecha de resistente lona de algod\u00f3n para soportar el uso diario.<\/p>\n<\/li>\n<li data-start=\"636\" data-end=\"739\">\n<p data-start=\"638\" data-end=\"739\"><strong data-start=\"638\" data-end=\"660\"><span class=\"relative -mx-px my-[-0.2rem] rounded px-px py-[0.2rem] transition-colors duration-100 ease-in-out\">Transporte C\u00f3modo:<\/span><\/strong> Equipada con asas reforzadas para un transporte f\u00e1cil y c\u00f3modo.<\/p>\n<\/li>\n<\/ul>\n<p data-start=\"741\" data-end=\"768\"><strong data-start=\"741\" data-end=\"768\">Especificaciones del Producto:<\/strong><\/p>\n<ul data-start=\"770\" data-end=\"1108\">\n<li data-start=\"770\" data-end=\"825\">\n<p data-start=\"772\" data-end=\"825\"><strong data-start=\"772\" data-end=\"785\"><span class=\"relative -mx-px my-[-0.2rem] rounded px-px py-[0.2rem] transition-colors duration-100 ease-in-out\">Material: <\/span><\/strong>Lona de 100% algod\u00f3n<\/p>\n<\/li>\n<li data-start=\"826\" data-end=\"883\">\n<p data-start=\"828\" data-end=\"883\"><strong data-start=\"828\" data-end=\"843\">Dimensiones:<\/strong> 15&#8243; x 16&#8243; (38 cm x 40.6 cm)<\/p>\n<\/li>\n<li data-start=\"884\" data-end=\"944\">\n<p data-start=\"886\" data-end=\"944\"><strong data-start=\"886\" data-end=\"904\">Largo de las asas:<\/strong> 20&#8243; (50.8 cm)<\/p>\n<\/li>\n<li data-start=\"945\" data-end=\"1004\">\n<p data-start=\"947\" data-end=\"1004\"><strong data-start=\"947\" data-end=\"964\"><span class=\"relative -mx-px my-[-0.2rem] rounded px-px py-[0.2rem] transition-colors duration-100 ease-in-out\">Construcci\u00f3n:<\/span><\/strong> Esquinas planas para un look pulcro<\/p>\n<\/li>\n<li data-start=\"1005\" data-end=\"1108\">\n<p data-start=\"1007\" data-end=\"1108\"><strong data-start=\"1007\" data-end=\"1029\">Instrucciones de cuidado:<\/strong> Limpiar localmente seg\u00fan sea necesario; secar al aire<\/p>\n<\/li>\n<\/ul>\n<p data-start=\"1110\" data-end=\"1133\"><strong data-start=\"1110\" data-end=\"1133\">Lleva Tu Pasi\u00f3n:<\/strong><\/p>\n<p data-start=\"1135\" data-end=\"1253\"><span class=\"relative -mx-px my-[-0.2rem] rounded px-px py-[0.2rem] transition-colors duration-100 ease-in-out\">\u00bfLista para llevar tu amor por la bachata a todas partes? La<em data-start=\"57\" data-end=\"70\"> Bolsa Bachata<\/em> es m\u00e1s que un totes\u2014es una declaraci\u00f3n de tu dedicaci\u00f3n al baile. <\/span> <span class=\"relative -mx-px my-[-0.2rem] rounded px-px py-[0.2rem] transition-colors duration-100 ease-in-out\">Ya sea que vayas a un taller o a hacer mandados, esta bolsa mantiene tus esenciales cerca y tu pasi\u00f3n a\u00fan m\u00e1s.<\/span><\/p>\n<p data-start=\"1255\" data-end=\"1274\"><strong data-start=\"1255\" data-end=\"1274\">Confeccionada bajo Demanda:<\/strong><\/p>\n<p data-start=\"1276\" data-end=\"1394\"><span class=\"relative -mx-px my-[-0.2rem] rounded px-px py-[0.2rem] transition-colors duration-100 ease-in-out\">Cada bolsa se imprime especialmente para ti, asegurando un producto \u00fanico y ayudando a reducir el exceso de producci\u00f3n.<\/span> <span class=\"relative -mx-px my-[-0.2rem] rounded px-px py-[0.2rem] transition-colors duration-100 ease-in-out\">Tu compra apoya la moda sostenible, haci\u00e9ndote parte de un movimiento hacia un futuro m\u00e1s consciente y con estilo.<\/span><\/p>\n","protected":false},"excerpt":{"rendered":"<p>Presume tu orgullo bachatero con esta bolsa resistente y espaciosa\u2014perfecta para bailarines en movimiento y elaborada de forma sostenible solo para ti.<\/p>\n","protected":false},"featured_media":59922,"comment_status":"open","ping_status":"closed","template":"","meta":[],"product_brand":[],"product_cat":[368,392],"product_tag":[],"class_list":{"0":"post-101795","1":"product","2":"type-product","3":"status-publish","4":"has-post-thumbnail","6":"product_cat-accesorios","7":"product_cat-zapatos-y-bolsos","8":"product_shipping_class-bags","10":"first","11":"instock","12":"taxable","13":"shipping-taxable","14":"purchasable","15":"product-type-variable"},"jetpack_sharing_enabled":true,"_links":{"self":[{"href":"https:\/\/latinspirit.eu\/es\/wp-json\/wp\/v2\/product\/101795","targetHints":{"allow":["GET"]}}],"collection":[{"href":"https:\/\/latinspirit.eu\/es\/wp-json\/wp\/v2\/product"}],"about":[{"href":"https:\/\/latinspirit.eu\/es\/wp-json\/wp\/v2\/types\/product"}],"replies":[{"embeddable":true,"href":"https:\/\/latinspirit.eu\/es\/wp-json\/wp\/v2\/comments?post=101795"}],"version-history":[{"count":1,"href":"https:\/\/latinspirit.eu\/es\/wp-json\/wp\/v2\/product\/101795\/revisions"}],"predecessor-version":[{"id":101798,"href":"https:\/\/latinspirit.eu\/es\/wp-json\/wp\/v2\/product\/101795\/revisions\/101798"}],"wp:featuredmedia":[{"embeddable":true,"href":"https:\/\/latinspirit.eu\/es\/wp-json\/wp\/v2\/media\/59922"}],"wp:attachment":[{"href":"https:\/\/latinspirit.eu\/es\/wp-json\/wp\/v2\/media?parent=101795"}],"wp:term":[{"taxonomy":"product_brand","embeddable":true,"href":"https:\/\/latinspirit.eu\/es\/wp-json\/wp\/v2\/product_brand?post=101795"},{"taxonomy":"product_cat","embeddable":true,"href":"https:\/\/latinspirit.eu\/es\/wp-json\/wp\/v2\/product_cat?post=101795"},{"taxonomy":"product_tag","embeddable":true,"href":"https:\/\/latinspirit.eu\/es\/wp-json\/wp\/v2\/product_tag?post=101795"}],"curies":[{"name":"wp","href":"https:\/\/api.w.org\/{rel}","templated":true}]}}