{"id":102007,"date":"2024-02-29T16:16:01","date_gmt":"2024-02-29T15:16:01","guid":{"rendered":"https:\/\/latinspirit.eu\/product\/camiseta-educacion-fisica-mueve-tu-estilo-con-orgullo\/"},"modified":"2026-01-11T00:21:20","modified_gmt":"2026-01-10T23:21:20","slug":"camiseta-educacion-fisica-mueve-tu-estilo-con-orgullo","status":"publish","type":"product","link":"https:\/\/latinspirit.eu\/es\/product\/camiseta-educacion-fisica-mueve-tu-estilo-con-orgullo\/","title":{"rendered":"Camiseta Educaci\u00f3n F\u00edsica \u2013 Mueve tu Estilo con Orgullo"},"content":{"rendered":"<p data-start=\"168\" data-end=\"523\">Porque la educaci\u00f3n f\u00edsica es m\u00e1s que solo ejercicio\u2014es pasi\u00f3n, cultura e identidad. Esta camiseta Educaci\u00f3n F\u00edsica es el tributo perfecto para todos los que viven y respiran el deporte y la vida activa con un alma latina. Con un dise\u00f1o \u00fanico inspirado en la educaci\u00f3n f\u00edsica, es ideal para profesores, estudiantes, entrenadores y cualquier amante del movimiento.  <\/p>\n<p data-start=\"525\" data-end=\"548\"><strong data-start=\"525\" data-end=\"548\">Por qu\u00e9 te va a encantar:<\/strong><\/p>\n<ul data-start=\"550\" data-end=\"837\">\n<li data-start=\"550\" data-end=\"626\">\n<p data-start=\"552\" data-end=\"626\">Dise\u00f1o \u00fanico: Celebra la educaci\u00f3n f\u00edsica con un toque cultural latino.<\/p>\n<\/li>\n<li data-start=\"627\" data-end=\"694\">\n<p data-start=\"629\" data-end=\"694\">Ultra suave: 100% algod\u00f3n peinado e hilado para comodidad todo el d\u00eda.<\/p>\n<\/li>\n<li data-start=\"695\" data-end=\"763\">\n<p data-start=\"697\" data-end=\"763\">Ajuste holgado: Perfecto para clases, entrenamientos o d\u00edas informales.<\/p>\n<\/li>\n<li data-start=\"764\" data-end=\"837\">\n<p data-start=\"766\" data-end=\"837\">Estilo vers\u00e1til: Se combina f\u00e1cilmente con jeans, shorts o looks deportivos.<\/p>\n<\/li>\n<\/ul>\n<p data-start=\"839\" data-end=\"866\"><strong data-start=\"839\" data-end=\"866\">Especificaciones del Producto:<\/strong><\/p>\n<ul data-start=\"868\" data-end=\"1061\">\n<li data-start=\"868\" data-end=\"939\">\n<p data-start=\"870\" data-end=\"939\">100% algod\u00f3n peinado e hilado (Los colores Heather incluyen poli\u00e9ster)<\/p>\n<\/li>\n<li data-start=\"940\" data-end=\"980\">\n<p data-start=\"942\" data-end=\"980\">Peso de la tela: 4.2 oz\/yd\u00b2 (142 g\/m\u00b2)<\/p>\n<\/li>\n<li data-start=\"981\" data-end=\"996\">\n<p data-start=\"983\" data-end=\"996\">Corte holgado<\/p>\n<\/li>\n<li data-start=\"997\" data-end=\"1018\">\n<p data-start=\"999\" data-end=\"1018\">Tela preencogida<\/p>\n<\/li>\n<li data-start=\"1019\" data-end=\"1047\">\n<p data-start=\"1021\" data-end=\"1047\">Costuras laterales<\/p>\n<\/li>\n<li data-start=\"1048\" data-end=\"1061\">\n<p data-start=\"1050\" data-end=\"1061\">Cuello redondo<\/p>\n<\/li>\n<\/ul>\n<p data-start=\"1063\" data-end=\"1092\"><strong data-start=\"1063\" data-end=\"1092\">Mu\u00e9vete con Orgullo y Estilo<\/strong><\/p>\n<p data-start=\"1094\" data-end=\"1338\">Esta camiseta <em data-start=\"1099\" data-end=\"1117\">Educaci\u00f3n F\u00edsica<\/em> es m\u00e1s que una prenda\u2014es una celebraci\u00f3n del movimiento, la salud y la cultura latina. \u00dasala para mostrar tu amor por el deporte y el esp\u00edritu vibrante que lo acompa\u00f1a. \u00bfListo para a\u00f1adir energ\u00eda latina a tu armario?  <\/p>\n<p data-start=\"1340\" data-end=\"1358\"><strong data-start=\"1340\" data-end=\"1358\">Fabricado bajo demanda<\/strong><\/p>\n<p data-start=\"1360\" data-end=\"1555\">Cada camiseta se imprime especialmente para ti tras realizar tu pedido, reduciendo desperdicios y apoyando la moda ecol\u00f3gica. Elegir esta playera significa apoyar un estilo sostenible hecho con cuidado. <\/p>\n","protected":false},"excerpt":{"rendered":"<p>Celebra el deporte y la cultura latina con esta c\u00f3moda camiseta <em data-start=\"1646\" data-end=\"1664\">Educaci\u00f3n F\u00edsica<\/em>\u2014dise\u00f1ada para el movimiento y el estilo.<\/p>\n","protected":false},"featured_media":59760,"comment_status":"open","ping_status":"closed","template":"","meta":[],"product_brand":[],"product_cat":[387],"product_tag":[],"class_list":{"0":"post-102007","1":"product","2":"type-product","3":"status-publish","4":"has-post-thumbnail","6":"product_cat-camisetas-caballeros","7":"product_shipping_class-shirts","9":"first","10":"instock","11":"taxable","12":"shipping-taxable","13":"purchasable","14":"product-type-variable"},"jetpack_sharing_enabled":true,"_links":{"self":[{"href":"https:\/\/latinspirit.eu\/es\/wp-json\/wp\/v2\/product\/102007","targetHints":{"allow":["GET"]}}],"collection":[{"href":"https:\/\/latinspirit.eu\/es\/wp-json\/wp\/v2\/product"}],"about":[{"href":"https:\/\/latinspirit.eu\/es\/wp-json\/wp\/v2\/types\/product"}],"replies":[{"embeddable":true,"href":"https:\/\/latinspirit.eu\/es\/wp-json\/wp\/v2\/comments?post=102007"}],"version-history":[{"count":1,"href":"https:\/\/latinspirit.eu\/es\/wp-json\/wp\/v2\/product\/102007\/revisions"}],"predecessor-version":[{"id":102065,"href":"https:\/\/latinspirit.eu\/es\/wp-json\/wp\/v2\/product\/102007\/revisions\/102065"}],"wp:featuredmedia":[{"embeddable":true,"href":"https:\/\/latinspirit.eu\/es\/wp-json\/wp\/v2\/media\/59760"}],"wp:attachment":[{"href":"https:\/\/latinspirit.eu\/es\/wp-json\/wp\/v2\/media?parent=102007"}],"wp:term":[{"taxonomy":"product_brand","embeddable":true,"href":"https:\/\/latinspirit.eu\/es\/wp-json\/wp\/v2\/product_brand?post=102007"},{"taxonomy":"product_cat","embeddable":true,"href":"https:\/\/latinspirit.eu\/es\/wp-json\/wp\/v2\/product_cat?post=102007"},{"taxonomy":"product_tag","embeddable":true,"href":"https:\/\/latinspirit.eu\/es\/wp-json\/wp\/v2\/product_tag?post=102007"}],"curies":[{"name":"wp","href":"https:\/\/api.w.org\/{rel}","templated":true}]}}