{"id":102209,"date":"2024-02-29T15:00:32","date_gmt":"2024-02-29T14:00:32","guid":{"rendered":"https:\/\/latinspirit.eu\/product\/sudadera-clasica-de-mexico-celebra-tu-orgullo-maxima-comodidad\/"},"modified":"2026-01-11T00:28:24","modified_gmt":"2026-01-10T23:28:24","slug":"sudadera-clasica-de-mexico-celebra-tu-orgullo-maxima-comodidad","status":"publish","type":"product","link":"https:\/\/latinspirit.eu\/es\/product\/sudadera-clasica-de-mexico-celebra-tu-orgullo-maxima-comodidad\/","title":{"rendered":"Sudadera cl\u00e1sica de M\u00e9xico: celebra tu orgullo &amp; m\u00e1xima comodidad."},"content":{"rendered":"<p class=\"ds-markdown-paragraph\">\u00a1Demuestra tu orgullo con estilo con nuestra Mexico Classic Hoodie! Dise\u00f1ada para ofrecer m\u00e1ximo confort y uso diario, esta sudadera premium cuenta con un dise\u00f1o limpio y atemporal que celebra tu herencia. Confeccionada en tela suave y transpirable y con un corte holgado, es perfecta para tardes frescas, salidas informales o mostrar tu esp\u00edritu en d\u00edas de partido. Ya sea que lleves tus ra\u00edces con honor o simplemente te encante su look ic\u00f3nico, esta sudadera es un imprescindible para los amantes de la cultura mexicana.   <\/p>\n<p class=\"ds-markdown-paragraph\"><strong>Por qu\u00e9 te encantar\u00e1:<\/strong><\/p>\n<ul>\n<li>\n<p class=\"ds-markdown-paragraph\"><strong>Dise\u00f1o Patri\u00f3tico:<\/strong> Estilo cl\u00e1sico y limpio que muestra tu orgullo.<\/p>\n<\/li>\n<li>\n<p class=\"ds-markdown-paragraph\"><strong>Confort Premium:<\/strong> Hecha de tela suave y de alta calidad para una comodidad que dura todo el d\u00eda.<\/p>\n<\/li>\n<li>\n<p class=\"ds-markdown-paragraph\"><strong>Uso Vers\u00e1til:<\/strong> Ideal para capas, momentos de relax o salidas.<\/p>\n<\/li>\n<li>\n<p class=\"ds-markdown-paragraph\"><strong>Duradera y Bien Hecha:<\/strong> Costuras reforzadas y tela preencogida garantizan una calidad duradera.<\/p>\n<\/li>\n<\/ul>\n<p class=\"ds-markdown-paragraph\"><strong>Especificaciones del Producto:<\/strong><\/p>\n<ul>\n<li>\n<p class=\"ds-markdown-paragraph\">Material: 100% algod\u00f3n premium (Los colores Heather pueden contener poli\u00e9ster)<\/p>\n<\/li>\n<li>\n<p class=\"ds-markdown-paragraph\">Ajuste: Corte holgado para facilitar el movimiento<\/p>\n<\/li>\n<li>\n<p class=\"ds-markdown-paragraph\">Caracter\u00edsticas: Bolsillo delantero, capucha con cord\u00f3n ajustable, pu\u00f1os y dobladillo acanalados<\/p>\n<\/li>\n<li>\n<p class=\"ds-markdown-paragraph\">Cuidado: Lavable a m\u00e1quina, mantiene la forma despu\u00e9s del lavado<\/p>\n<\/li>\n<\/ul>\n<p class=\"ds-markdown-paragraph\"><strong>Respeta tu herencia, respeta el planeta.<\/strong><br \/>\nEsta no es solo una sudadera con capucha; es una declaraci\u00f3n de intenciones. Al elegir esta sudadera cl\u00e1sica de M\u00e9xico, no solo celebras tus ra\u00edces, sino que tambi\u00e9n tomas una decisi\u00f3n responsable. Nuestro modelo de impresi\u00f3n bajo demanda significa que cada pieza se fabrica solo cuando la pides, eliminando la sobreproducci\u00f3n y ayudando a proteger nuestro planeta.   <\/p>\n","protected":false},"excerpt":{"rendered":"<p>Consigue tu sudadera cl\u00e1sica de M\u00e9xico \u2013 la combinaci\u00f3n perfecta de comodidad, estilo y orgullo nacional. Ideal para hombres que valoran la calidad y la cultura. Lavable a m\u00e1quina, fabricada para durar.  <\/p>\n","protected":false},"featured_media":59290,"comment_status":"open","ping_status":"closed","template":"","meta":[],"product_brand":[],"product_cat":[383],"product_tag":[],"class_list":{"0":"post-102209","1":"product","2":"type-product","3":"status-publish","4":"has-post-thumbnail","6":"product_cat-sudaderas-con-capucha","7":"product_shipping_class-hoodies","9":"first","10":"instock","11":"taxable","12":"shipping-taxable","13":"purchasable","14":"product-type-variable"},"jetpack_sharing_enabled":true,"_links":{"self":[{"href":"https:\/\/latinspirit.eu\/es\/wp-json\/wp\/v2\/product\/102209","targetHints":{"allow":["GET"]}}],"collection":[{"href":"https:\/\/latinspirit.eu\/es\/wp-json\/wp\/v2\/product"}],"about":[{"href":"https:\/\/latinspirit.eu\/es\/wp-json\/wp\/v2\/types\/product"}],"replies":[{"embeddable":true,"href":"https:\/\/latinspirit.eu\/es\/wp-json\/wp\/v2\/comments?post=102209"}],"version-history":[{"count":1,"href":"https:\/\/latinspirit.eu\/es\/wp-json\/wp\/v2\/product\/102209\/revisions"}],"predecessor-version":[{"id":104420,"href":"https:\/\/latinspirit.eu\/es\/wp-json\/wp\/v2\/product\/102209\/revisions\/104420"}],"wp:featuredmedia":[{"embeddable":true,"href":"https:\/\/latinspirit.eu\/es\/wp-json\/wp\/v2\/media\/59290"}],"wp:attachment":[{"href":"https:\/\/latinspirit.eu\/es\/wp-json\/wp\/v2\/media?parent=102209"}],"wp:term":[{"taxonomy":"product_brand","embeddable":true,"href":"https:\/\/latinspirit.eu\/es\/wp-json\/wp\/v2\/product_brand?post=102209"},{"taxonomy":"product_cat","embeddable":true,"href":"https:\/\/latinspirit.eu\/es\/wp-json\/wp\/v2\/product_cat?post=102209"},{"taxonomy":"product_tag","embeddable":true,"href":"https:\/\/latinspirit.eu\/es\/wp-json\/wp\/v2\/product_tag?post=102209"}],"curies":[{"name":"wp","href":"https:\/\/api.w.org\/{rel}","templated":true}]}}