{"id":102333,"date":"2024-02-29T14:51:22","date_gmt":"2024-02-29T13:51:22","guid":{"rendered":"https:\/\/latinspirit.eu\/product\/camiseta-hecho-en-mexico-lleva-tu-orgullo-mexicano\/"},"modified":"2026-01-11T00:21:24","modified_gmt":"2026-01-10T23:21:24","slug":"camiseta-hecho-en-mexico-lleva-tu-orgullo-mexicano","status":"publish","type":"product","link":"https:\/\/latinspirit.eu\/es\/product\/camiseta-hecho-en-mexico-lleva-tu-orgullo-mexicano\/","title":{"rendered":"Camiseta Hecho en M\u00e9xico \u2013 Lleva tu Orgullo Mexicano"},"content":{"rendered":"<p data-start=\"211\" data-end=\"526\">Ya seas mexicano por nacimiento, coraz\u00f3n o esp\u00edritu, esta camiseta <em data-start=\"267\" data-end=\"284\">Hecho en M\u00e9xico<\/em> es tu forma perfecta de mostrar ese orgullo vibrante. Es m\u00e1s que una playera: es una declaraci\u00f3n de cultura, herencia y ese inconfundible fuego mexicano. Perfecta para d\u00edas informales, fiestas o simplemente para esparrir buenas vibras dondequiera que vayas.  <\/p>\n<p data-start=\"528\" data-end=\"553\"><strong data-start=\"528\" data-end=\"551\">Por qu\u00e9 te va a encantar:<\/strong><\/p>\n<ul data-start=\"554\" data-end=\"834\">\n<li data-start=\"554\" data-end=\"616\">\n<p data-start=\"556\" data-end=\"616\">Impreso <em data-start=\"561\" data-end=\"578\">&#8216;Hecho en M\u00e9xico<\/em>&#8216;: Celebra tus ra\u00edces mexicanas con este dise\u00f1o de impacto.<\/p>\n<\/li>\n<li data-start=\"617\" data-end=\"684\">\n<p data-start=\"619\" data-end=\"684\">Comodidad ultra suave: 100% algod\u00f3n peinado e hilado para comodidad todo el d\u00eda.<\/p>\n<\/li>\n<li data-start=\"685\" data-end=\"754\">\n<p data-start=\"687\" data-end=\"754\">Ajuste holgado: Dise\u00f1ado para un estilo sin esfuerzo y libertad de movimiento.<\/p>\n<\/li>\n<li data-start=\"755\" data-end=\"834\">\n<p data-start=\"757\" data-end=\"834\">Vers\u00e1til: Se combina f\u00e1cilmente con jeans, shorts o tus accesorios favoritos.<\/p>\n<\/li>\n<\/ul>\n<p data-start=\"836\" data-end=\"865\"><strong data-start=\"836\" data-end=\"863\">Especificaciones del Producto:<\/strong><\/p>\n<ul data-start=\"866\" data-end=\"1059\">\n<li data-start=\"866\" data-end=\"937\">\n<p data-start=\"868\" data-end=\"937\">100% algod\u00f3n peinado e hilado (Los colores Heather contienen poli\u00e9ster)<\/p>\n<\/li>\n<li data-start=\"938\" data-end=\"978\">\n<p data-start=\"940\" data-end=\"978\">Peso de la tela: 4.2 oz\/yd\u00b2 (142 g\/m\u00b2)<\/p>\n<\/li>\n<li data-start=\"979\" data-end=\"994\">\n<p data-start=\"981\" data-end=\"994\">Corte holgado<\/p>\n<\/li>\n<li data-start=\"995\" data-end=\"1016\">\n<p data-start=\"997\" data-end=\"1016\">Tela preencogida<\/p>\n<\/li>\n<li data-start=\"1017\" data-end=\"1045\">\n<p data-start=\"1019\" data-end=\"1045\">Costuras laterales<\/p>\n<\/li>\n<li data-start=\"1046\" data-end=\"1059\">\n<p data-start=\"1048\" data-end=\"1059\">Cuello redondo<\/p>\n<\/li>\n<\/ul>\n<p data-start=\"1061\" data-end=\"1095\"><strong data-start=\"1061\" data-end=\"1095\">Usa tu orgullo a los cuatro vientos<\/strong><\/p>\n<p data-start=\"1097\" data-end=\"1357\">Celebra tu herencia con esta camiseta <em data-start=\"1131\" data-end=\"1148\">Hecho en M\u00e9xico<\/em> que une cultura y confort en perfecta armon\u00eda. Ya sea en una reuni\u00f3n familiar, paseando por la ciudad o simplemente gozando tu m\u00fasica favorita, esta playera te respalda \u2014 literalmente. <\/p>\n<p data-start=\"1359\" data-end=\"1377\"><strong data-start=\"1359\" data-end=\"1377\">Fabricado bajo demanda<\/strong><\/p>\n<p data-start=\"1379\" data-end=\"1576\">Cada camiseta se imprime especialmente para ti tras realizar tu pedido, reduciendo desperdicios y apoyando la moda sostenible. Cuando eliges esta playera, tomas una decisi\u00f3n consciente por el planeta y tu estilo. <\/p>\n","protected":false},"excerpt":{"rendered":"<p>Camiseta <em data-start=\"1634\" data-end=\"1651\">Hecho en M\u00e9xico<\/em>, potente y c\u00f3moda, que celebra el orgullo y la herencia mexicana en cada uso.<\/p>\n","protected":false},"featured_media":104880,"comment_status":"open","ping_status":"closed","template":"","meta":[],"product_brand":[],"product_cat":[387],"product_tag":[],"class_list":{"0":"post-102333","1":"product","2":"type-product","3":"status-publish","4":"has-post-thumbnail","6":"product_cat-camisetas-caballeros","7":"product_shipping_class-shirts","9":"first","10":"instock","11":"taxable","12":"shipping-taxable","13":"purchasable","14":"product-type-variable"},"jetpack_sharing_enabled":true,"_links":{"self":[{"href":"https:\/\/latinspirit.eu\/es\/wp-json\/wp\/v2\/product\/102333","targetHints":{"allow":["GET"]}}],"collection":[{"href":"https:\/\/latinspirit.eu\/es\/wp-json\/wp\/v2\/product"}],"about":[{"href":"https:\/\/latinspirit.eu\/es\/wp-json\/wp\/v2\/types\/product"}],"replies":[{"embeddable":true,"href":"https:\/\/latinspirit.eu\/es\/wp-json\/wp\/v2\/comments?post=102333"}],"version-history":[{"count":1,"href":"https:\/\/latinspirit.eu\/es\/wp-json\/wp\/v2\/product\/102333\/revisions"}],"predecessor-version":[{"id":104399,"href":"https:\/\/latinspirit.eu\/es\/wp-json\/wp\/v2\/product\/102333\/revisions\/104399"}],"wp:featuredmedia":[{"embeddable":true,"href":"https:\/\/latinspirit.eu\/es\/wp-json\/wp\/v2\/media\/104880"}],"wp:attachment":[{"href":"https:\/\/latinspirit.eu\/es\/wp-json\/wp\/v2\/media?parent=102333"}],"wp:term":[{"taxonomy":"product_brand","embeddable":true,"href":"https:\/\/latinspirit.eu\/es\/wp-json\/wp\/v2\/product_brand?post=102333"},{"taxonomy":"product_cat","embeddable":true,"href":"https:\/\/latinspirit.eu\/es\/wp-json\/wp\/v2\/product_cat?post=102333"},{"taxonomy":"product_tag","embeddable":true,"href":"https:\/\/latinspirit.eu\/es\/wp-json\/wp\/v2\/product_tag?post=102333"}],"curies":[{"name":"wp","href":"https:\/\/api.w.org\/{rel}","templated":true}]}}