{"id":102588,"date":"2024-02-29T14:18:01","date_gmt":"2024-02-29T13:18:01","guid":{"rendered":"https:\/\/latinspirit.eu\/product\/camiseta-venezuela-tu-orgullo-venezolano-con-estilo\/"},"modified":"2026-01-11T00:21:26","modified_gmt":"2026-01-10T23:21:26","slug":"camiseta-venezuela-tu-orgullo-venezolano-con-estilo","status":"publish","type":"product","link":"https:\/\/latinspirit.eu\/es\/product\/camiseta-venezuela-tu-orgullo-venezolano-con-estilo\/","title":{"rendered":"Camiseta Venezuela \u2013 Tu Orgullo Venezolano con Estilo"},"content":{"rendered":"<p data-start=\"205\" data-end=\"492\">Presume tu amor por Venezuela con la <em data-start=\"248\" data-end=\"267\">Camiseta Venezuela<\/em>. Ya seas de Venezuela, la hayas visitado o simplemente admires su rica cultura, esta playera te permite llevar tu orgullo alto y claro. Perfecta para salidas informales, eventos culturales o para a\u00f1adir un toque de Venezuela a tu d\u00eda.  <\/p>\n<p data-start=\"494\" data-end=\"517\"><strong data-start=\"494\" data-end=\"517\">Por qu\u00e9 te encantar\u00e1:<\/strong><\/p>\n<ul data-start=\"519\" data-end=\"795\">\n<li data-start=\"519\" data-end=\"575\">\n<p data-start=\"521\" data-end=\"575\"><strong data-start=\"521\" data-end=\"537\">Dise\u00f1o Potente:<\/strong> Luce un \u00fanico impreso \u00abVenezuela\u00bb que celebra la herencia venezolana.<\/p>\n<\/li>\n<li data-start=\"576\" data-end=\"636\">\n<p data-start=\"578\" data-end=\"636\">Confort Premium: Hecha de 100% algod\u00f3n peinado e hilado para una sensaci\u00f3n suave y transpirable.<\/p>\n<\/li>\n<li data-start=\"637\" data-end=\"693\">\n<p data-start=\"639\" data-end=\"693\"><strong data-start=\"639\" data-end=\"655\">Ajuste Relajado:<\/strong> ideal para el d\u00eda a d\u00eda, con un corte que te permite moverte con total libertad.<\/p>\n<\/li>\n<li data-start=\"694\" data-end=\"795\">\n<p data-start=\"696\" data-end=\"795\"><strong data-start=\"696\" data-end=\"716\"><span class=\"relative -mx-px my-[-0.2rem] rounded px-px py-[0.2rem] transition-colors duration-100 ease-in-out\">Estilo Vers\u00e1til:<\/span><\/strong> comb\u00ednala con jeans, shorts o debajo de una chaqueta. \u00a1Un b\u00e1sico que no falla!<\/p>\n<\/li>\n<\/ul>\n<p data-start=\"797\" data-end=\"824\"><strong data-start=\"797\" data-end=\"824\">Especificaciones del Producto:<\/strong><\/p>\n<ul data-start=\"826\" data-end=\"1092\">\n<li data-start=\"826\" data-end=\"881\">\n<p data-start=\"828\" data-end=\"881\">Material: 100% algod\u00f3n peinado e hilado (Los colores Heather incluyen poli\u00e9ster)<\/p>\n<\/li>\n<li data-start=\"882\" data-end=\"942\">\n<p data-start=\"884\" data-end=\"942\"><strong data-start=\"884\" data-end=\"902\"><span class=\"relative -mx-px my-[-0.2rem] rounded px-px py-[0.2rem] transition-colors duration-100 ease-in-out\">Peso de la tela:<\/span><\/strong> 4.2 oz\/yd\u00b2 (142 g\/m\u00b2)<\/p>\n<\/li>\n<li data-start=\"943\" data-end=\"993\">\n<p data-start=\"945\" data-end=\"993\"><span class=\"relative -mx-px my-[-0.2rem] rounded px-px py-[0.2rem] transition-colors duration-100 ease-in-out\"><strong data-start=\"945\" data-end=\"953\">Ajuste:<\/strong><\/span> Relaxed Fit<\/p>\n<\/li>\n<li data-start=\"994\" data-end=\"1092\">\n<p data-start=\"996\" data-end=\"1092\"><strong data-start=\"996\" data-end=\"1013\"><span class=\"relative -mx-px my-[-0.2rem] rounded px-px py-[0.2rem] transition-colors duration-100 ease-in-out\">Construcci\u00f3n:<\/span><\/strong> tela preencogida, costuras laterales, cuello redondo<\/p>\n<\/li>\n<\/ul>\n<p data-start=\"1094\" data-end=\"1130\"><strong data-start=\"1094\" data-end=\"1130\">Celebra tu Esp\u00edritu Venezolano<\/strong><\/p>\n<p data-start=\"1132\" data-end=\"1350\">\u00bfListo para mostrar tu amor por Venezuela? La <em data-start=\"1179\" data-end=\"1198\">Camiseta Venezuela<\/em> no es solo una prenda\u2014es una celebraci\u00f3n de una naci\u00f3n que cautiva corazones en todo el mundo. \u00dasala con orgullo y hazle saber al mundo a d\u00f3nde pertenece tu coraz\u00f3n.  <\/p>\n<p data-start=\"1352\" data-end=\"1370\"><strong data-start=\"1352\" data-end=\"1370\">Fabricado bajo demanda<\/strong><\/p>\n<p data-start=\"1372\" data-end=\"1593\">Cada camiseta se produce especialmente para ti despu\u00e9s de tu pedido, reduciendo el desperdicio y apoyando una moda m\u00e1s consciente. Al elegirla, te sumas a un futuro con m\u00e1s estilo y menos impacto. <\/p>\n","protected":false},"excerpt":{"rendered":"<p>Celebra el orgullo y la cultura venezolana con esta <em data-start=\"1677\" data-end=\"1688\">camiseta Venezuela<\/em>\u2014con dise\u00f1o audaz, confort premium y confecci\u00f3n sostenible.<\/p>\n","protected":false},"featured_media":59110,"comment_status":"open","ping_status":"closed","template":"","meta":[],"product_brand":[],"product_cat":[387],"product_tag":[],"class_list":{"0":"post-102588","1":"product","2":"type-product","3":"status-publish","4":"has-post-thumbnail","6":"product_cat-camisetas-caballeros","7":"product_shipping_class-shirts","9":"first","10":"instock","11":"taxable","12":"shipping-taxable","13":"purchasable","14":"product-type-variable"},"jetpack_sharing_enabled":true,"_links":{"self":[{"href":"https:\/\/latinspirit.eu\/es\/wp-json\/wp\/v2\/product\/102588","targetHints":{"allow":["GET"]}}],"collection":[{"href":"https:\/\/latinspirit.eu\/es\/wp-json\/wp\/v2\/product"}],"about":[{"href":"https:\/\/latinspirit.eu\/es\/wp-json\/wp\/v2\/types\/product"}],"replies":[{"embeddable":true,"href":"https:\/\/latinspirit.eu\/es\/wp-json\/wp\/v2\/comments?post=102588"}],"version-history":[{"count":1,"href":"https:\/\/latinspirit.eu\/es\/wp-json\/wp\/v2\/product\/102588\/revisions"}],"predecessor-version":[{"id":104401,"href":"https:\/\/latinspirit.eu\/es\/wp-json\/wp\/v2\/product\/102588\/revisions\/104401"}],"wp:featuredmedia":[{"embeddable":true,"href":"https:\/\/latinspirit.eu\/es\/wp-json\/wp\/v2\/media\/59110"}],"wp:attachment":[{"href":"https:\/\/latinspirit.eu\/es\/wp-json\/wp\/v2\/media?parent=102588"}],"wp:term":[{"taxonomy":"product_brand","embeddable":true,"href":"https:\/\/latinspirit.eu\/es\/wp-json\/wp\/v2\/product_brand?post=102588"},{"taxonomy":"product_cat","embeddable":true,"href":"https:\/\/latinspirit.eu\/es\/wp-json\/wp\/v2\/product_cat?post=102588"},{"taxonomy":"product_tag","embeddable":true,"href":"https:\/\/latinspirit.eu\/es\/wp-json\/wp\/v2\/product_tag?post=102588"}],"curies":[{"name":"wp","href":"https:\/\/api.w.org\/{rel}","templated":true}]}}