{"id":102789,"date":"2024-02-28T16:48:14","date_gmt":"2024-02-28T15:48:14","guid":{"rendered":"https:\/\/latinspirit.eu\/product\/sudadera-clasica-colombia\/"},"modified":"2026-01-11T00:28:25","modified_gmt":"2026-01-10T23:28:25","slug":"sudadera-clasica-colombia","status":"publish","type":"product","link":"https:\/\/latinspirit.eu\/es\/product\/sudadera-clasica-colombia\/","title":{"rendered":"Sudadera Cl\u00e1sica Colombia"},"content":{"rendered":"<p class=\"ds-markdown-paragraph\">\u00a1Abraza y muestra tu herencia colombiana con nuestra Colombia Classic Hoodie! Dise\u00f1ada para el confort diario y un estilo sin esfuerzo, esta sudadera premium luce un aspecto limpio y atemporal inspirado en la identidad colombiana. Confeccionada en tela suave y transpirable con un corte holgado, es tu compa\u00f1era perfecta para tardes frescas, encuentros informales o simplemente para representar tu cultura con orgullo. Ya sea que sientas una conexi\u00f3n profunda con tus ra\u00edces o simplemente admires el esp\u00edritu vibrante de Colombia, esta sudadera es un b\u00e1sico vers\u00e1til para tu guardarropa.   <\/p>\n<p class=\"ds-markdown-paragraph\"><strong>Por qu\u00e9 te encantar\u00e1:<\/strong><\/p>\n<ul>\n<li>\n<p class=\"ds-markdown-paragraph\"><strong>Dise\u00f1o Cultural:<\/strong> Un estilo cl\u00e1sico y refinado que honra tu herencia colombiana<\/p>\n<\/li>\n<li>\n<p class=\"ds-markdown-paragraph\"><strong>Confort Todo el D\u00eda:<\/strong> Hecha de tela suave y de alta calidad para una comodidad duradera<\/p>\n<\/li>\n<li>\n<p class=\"ds-markdown-paragraph\"><strong>F\u00e1cil de Combinar:<\/strong> Ideal para capas, momentos de relax o salidas diarias<\/p>\n<\/li>\n<li>\n<p class=\"ds-markdown-paragraph\"><strong>Hecha para Durar:<\/strong> Costuras reforzadas y tela preencogida para mayor durabilidad<\/p>\n<\/li>\n<\/ul>\n<p class=\"ds-markdown-paragraph\"><strong>Especificaciones del Producto:<\/strong><\/p>\n<ul>\n<li>\n<p class=\"ds-markdown-paragraph\">Material: 100% algod\u00f3n premium (Los colores Heather pueden contener poli\u00e9ster)<\/p>\n<\/li>\n<li>\n<p class=\"ds-markdown-paragraph\">Ajuste: Corte holgado para facilitar el movimiento<\/p>\n<\/li>\n<li>\n<p class=\"ds-markdown-paragraph\">Caracter\u00edsticas: Bolsillo delantero, capucha con cord\u00f3n ajustable, pu\u00f1os y dobladillo acanalados<\/p>\n<\/li>\n<li>\n<p class=\"ds-markdown-paragraph\">Cuidado: Lavable a m\u00e1quina, mantiene la forma despu\u00e9s del lavado<\/p>\n<\/li>\n<\/ul>\n<p class=\"ds-markdown-paragraph\"><strong>Usa tus Ra\u00edces con Orgullo:<\/strong><br \/>\nCelebra lo que hace \u00fanico a Colombia: su calidez, diversidad y cultura rica. La Colombia Classic Hoodie es m\u00e1s que una prenda; es una expresi\u00f3n vestible de orgullo y conexi\u00f3n. <\/p>\n<p class=\"ds-markdown-paragraph\"><strong>Hecho bajo Demanda:<\/strong><br \/>\nCada sudadera se imprime solo al realizar tu pedido, ayudando a reducir el exceso de producci\u00f3n y apoyando la moda sostenible. Al elegir esta sudadera, optas por un estilo consciente con una huella m\u00e1s ligera. <\/p>\n","protected":false},"excerpt":{"rendered":"<p>La Colombia Classic Hoodie combina comodidad, estilo y orgullo cultural en una prenda vers\u00e1til. Elaborada con materiales premium y producida bajo demanda para apoyar la sostenibilidad. Perfecta para quienes llevan su herencia con alegr\u00eda y confianza.  <\/p>\n","protected":false},"featured_media":58990,"comment_status":"open","ping_status":"closed","template":"","meta":[],"product_brand":[],"product_cat":[383],"product_tag":[],"class_list":{"0":"post-102789","1":"product","2":"type-product","3":"status-publish","4":"has-post-thumbnail","6":"product_cat-sudaderas-con-capucha","7":"product_shipping_class-hoodies","9":"first","10":"instock","11":"taxable","12":"shipping-taxable","13":"purchasable","14":"product-type-variable"},"jetpack_sharing_enabled":true,"_links":{"self":[{"href":"https:\/\/latinspirit.eu\/es\/wp-json\/wp\/v2\/product\/102789","targetHints":{"allow":["GET"]}}],"collection":[{"href":"https:\/\/latinspirit.eu\/es\/wp-json\/wp\/v2\/product"}],"about":[{"href":"https:\/\/latinspirit.eu\/es\/wp-json\/wp\/v2\/types\/product"}],"replies":[{"embeddable":true,"href":"https:\/\/latinspirit.eu\/es\/wp-json\/wp\/v2\/comments?post=102789"}],"version-history":[{"count":1,"href":"https:\/\/latinspirit.eu\/es\/wp-json\/wp\/v2\/product\/102789\/revisions"}],"predecessor-version":[{"id":104422,"href":"https:\/\/latinspirit.eu\/es\/wp-json\/wp\/v2\/product\/102789\/revisions\/104422"}],"wp:featuredmedia":[{"embeddable":true,"href":"https:\/\/latinspirit.eu\/es\/wp-json\/wp\/v2\/media\/58990"}],"wp:attachment":[{"href":"https:\/\/latinspirit.eu\/es\/wp-json\/wp\/v2\/media?parent=102789"}],"wp:term":[{"taxonomy":"product_brand","embeddable":true,"href":"https:\/\/latinspirit.eu\/es\/wp-json\/wp\/v2\/product_brand?post=102789"},{"taxonomy":"product_cat","embeddable":true,"href":"https:\/\/latinspirit.eu\/es\/wp-json\/wp\/v2\/product_cat?post=102789"},{"taxonomy":"product_tag","embeddable":true,"href":"https:\/\/latinspirit.eu\/es\/wp-json\/wp\/v2\/product_tag?post=102789"}],"curies":[{"name":"wp","href":"https:\/\/api.w.org\/{rel}","templated":true}]}}