{"id":102977,"date":"2024-02-28T15:59:00","date_gmt":"2024-02-28T14:59:00","guid":{"rendered":"https:\/\/latinspirit.eu\/product\/camiseta-ecuador\/"},"modified":"2026-01-11T00:21:26","modified_gmt":"2026-01-10T23:21:26","slug":"camiseta-ecuador","status":"publish","type":"product","link":"https:\/\/latinspirit.eu\/es\/product\/camiseta-ecuador\/","title":{"rendered":"Camiseta Ecuador"},"content":{"rendered":"<p data-start=\"236\" data-end=\"510\">Ya seas de la sierra, la Amazon\u00eda o la costa, esta Camiseta Ecuador te permite mostrar tu amor por el Ecuador con estilo. Con los ic\u00f3nicos colores amarillo, azul y rojo de la bandera ecuatoriana, es m\u00e1s que una prenda\u2014es una declaraci\u00f3n de identidad, calidez y ritmo. <\/p>\n<p data-start=\"512\" data-end=\"535\"><strong data-start=\"512\" data-end=\"535\">Por qu\u00e9 te encantar\u00e1:<\/strong><\/p>\n<ul data-start=\"537\" data-end=\"907\">\n<li data-start=\"537\" data-end=\"651\">\n<p data-start=\"539\" data-end=\"651\"><strong data-start=\"539\" data-end=\"558\">Orgullo Cultural:<\/strong> Luce el dise\u00f1o fuerte y vibrante de la bandera ecuatoriana, celebrando la herencia nacional.<\/p>\n<\/li>\n<li data-start=\"652\" data-end=\"747\">\n<p data-start=\"654\" data-end=\"747\">Calidad Premium: confeccionada en 100% algod\u00f3n peinado y anillado, suave al tacto y c\u00f3moda desde el primer uso.<\/p>\n<\/li>\n<li data-start=\"748\" data-end=\"818\">\n<p data-start=\"750\" data-end=\"818\"><strong data-start=\"750\" data-end=\"766\">Ajuste Relajado:<\/strong> ideal para el d\u00eda a d\u00eda, con un corte que te permite moverte con total libertad.<\/p>\n<\/li>\n<li data-start=\"819\" data-end=\"907\">\n<p data-start=\"821\" data-end=\"907\"><strong data-start=\"821\" data-end=\"841\">Estilo Vers\u00e1til: <\/strong>comb\u00ednala con jeans, shorts o debajo de una chaqueta. \u00a1Un b\u00e1sico que no falla!<\/p>\n<\/li>\n<\/ul>\n<p data-start=\"909\" data-end=\"936\"><strong data-start=\"909\" data-end=\"936\">Especificaciones del Producto:<\/strong><\/p>\n<ul data-start=\"938\" data-end=\"1162\">\n<li data-start=\"938\" data-end=\"1021\">\n<p data-start=\"940\" data-end=\"1021\">Material: 100% algod\u00f3n peinado y anillado (los colores heather incluyen poli\u00e9ster)<\/p>\n<\/li>\n<li data-start=\"1022\" data-end=\"1064\">\n<p data-start=\"1024\" data-end=\"1064\"><strong data-start=\"1024\" data-end=\"1042\">Peso de la tela: <\/strong>4.2 oz\/yd\u00b2 (142 g\/m\u00b2)<\/p>\n<\/li>\n<li data-start=\"1065\" data-end=\"1087\">\n<p data-start=\"1067\" data-end=\"1087\"><strong data-start=\"1067\" data-end=\"1075\">Ajuste:<\/strong> Relaxed Fit<\/p>\n<\/li>\n<li data-start=\"1088\" data-end=\"1162\">\n<p data-start=\"1090\" data-end=\"1162\"><strong data-start=\"1090\" data-end=\"1107\">Construcci\u00f3n:<\/strong> tela preencogida, costuras laterales, cuello redondo<\/p>\n<\/li>\n<\/ul>\n<p data-start=\"1164\" data-end=\"1198\"><strong data-start=\"1164\" data-end=\"1198\">Abraza el Esp\u00edritu Ecuatoriano:<\/strong><\/p>\n<p data-start=\"1200\" data-end=\"1419\">\u00bfListo para mostrar tu conexi\u00f3n con Ecuador? La Camiseta Ecuador no es solo una prenda\u2014es una celebraci\u00f3n de una naci\u00f3n que cautiva corazones en todo el mundo. \u00dasala con orgullo y hazle saber al mundo a d\u00f3nde pertenece tu coraz\u00f3n.  <\/p>\n<p data-start=\"1421\" data-end=\"1440\"><strong data-start=\"1421\" data-end=\"1440\">Confeccionada bajo Demanda:<\/strong><\/p>\n<p data-start=\"1442\" data-end=\"1663\">Cada camiseta se produce especialmente para ti despu\u00e9s de tu pedido, reduciendo el desperdicio y apoyando una moda m\u00e1s consciente. Al elegirla, te sumas a un futuro con m\u00e1s estilo y menos impacto. <\/p>\n","protected":false},"excerpt":{"rendered":"<p>Celebra el orgullo y la cultura ecuatoriana con esta cl\u00e1sica camiseta\u2014con dise\u00f1o ic\u00f3nico de bandera, confort premium y confecci\u00f3n sostenible.<\/p>\n","protected":false},"featured_media":58916,"comment_status":"open","ping_status":"closed","template":"","meta":[],"product_brand":[],"product_cat":[387],"product_tag":[],"class_list":{"0":"post-102977","1":"product","2":"type-product","3":"status-publish","4":"has-post-thumbnail","6":"product_cat-camisetas-caballeros","7":"product_shipping_class-shirts","9":"first","10":"instock","11":"taxable","12":"shipping-taxable","13":"purchasable","14":"product-type-variable"},"jetpack_sharing_enabled":true,"_links":{"self":[{"href":"https:\/\/latinspirit.eu\/es\/wp-json\/wp\/v2\/product\/102977","targetHints":{"allow":["GET"]}}],"collection":[{"href":"https:\/\/latinspirit.eu\/es\/wp-json\/wp\/v2\/product"}],"about":[{"href":"https:\/\/latinspirit.eu\/es\/wp-json\/wp\/v2\/types\/product"}],"replies":[{"embeddable":true,"href":"https:\/\/latinspirit.eu\/es\/wp-json\/wp\/v2\/comments?post=102977"}],"version-history":[{"count":1,"href":"https:\/\/latinspirit.eu\/es\/wp-json\/wp\/v2\/product\/102977\/revisions"}],"predecessor-version":[{"id":104402,"href":"https:\/\/latinspirit.eu\/es\/wp-json\/wp\/v2\/product\/102977\/revisions\/104402"}],"wp:featuredmedia":[{"embeddable":true,"href":"https:\/\/latinspirit.eu\/es\/wp-json\/wp\/v2\/media\/58916"}],"wp:attachment":[{"href":"https:\/\/latinspirit.eu\/es\/wp-json\/wp\/v2\/media?parent=102977"}],"wp:term":[{"taxonomy":"product_brand","embeddable":true,"href":"https:\/\/latinspirit.eu\/es\/wp-json\/wp\/v2\/product_brand?post=102977"},{"taxonomy":"product_cat","embeddable":true,"href":"https:\/\/latinspirit.eu\/es\/wp-json\/wp\/v2\/product_cat?post=102977"},{"taxonomy":"product_tag","embeddable":true,"href":"https:\/\/latinspirit.eu\/es\/wp-json\/wp\/v2\/product_tag?post=102977"}],"curies":[{"name":"wp","href":"https:\/\/api.w.org\/{rel}","templated":true}]}}