{"id":103169,"date":"2024-02-28T14:09:07","date_gmt":"2024-02-28T13:09:07","guid":{"rendered":"https:\/\/latinspirit.eu\/product\/camiseta-peru\/"},"modified":"2026-01-11T00:21:27","modified_gmt":"2026-01-10T23:21:27","slug":"camiseta-peru","status":"publish","type":"product","link":"https:\/\/latinspirit.eu\/es\/product\/camiseta-peru\/","title":{"rendered":"Camiseta Per\u00fa"},"content":{"rendered":"<p data-start=\"211\" data-end=\"478\">Presume tu amor por Per\u00fa con la <em data-start=\"249\" data-end=\"263\">Camiseta Per\u00fa<\/em>. Ya seas de Per\u00fa, la hayas visitado o simplemente admires su rica cultura, esta playera te permite llevar tu orgullo alto y claro. Perfecta para salidas informales, eventos culturales o para a\u00f1adir un toque de Per\u00fa a tu d\u00eda.  <\/p>\n<p data-start=\"480\" data-end=\"503\"><strong data-start=\"480\" data-end=\"503\">Por qu\u00e9 te encantar\u00e1:<\/strong><\/p>\n<ul data-start=\"505\" data-end=\"844\">\n<li data-start=\"505\" data-end=\"589\">\n<p data-start=\"507\" data-end=\"589\"><strong data-start=\"507\" data-end=\"523\">Dise\u00f1o Potente:<\/strong> Luce un \u00fanico impreso \u00abPer\u00fa\u00bb que celebra la herencia peruana.<\/p>\n<\/li>\n<li data-start=\"590\" data-end=\"684\">\n<p data-start=\"592\" data-end=\"684\"><strong data-start=\"592\" data-end=\"612\">Confort Premium:<\/strong> Hecha de 100% algod\u00f3n peinado e hilado para una sensaci\u00f3n suave y transpirable.<\/p>\n<\/li>\n<li data-start=\"685\" data-end=\"755\">\n<p data-start=\"687\" data-end=\"755\"><strong data-start=\"687\" data-end=\"703\">Ajuste Relajado: <\/strong>ideal para el d\u00eda a d\u00eda, con un corte que te permite moverte con total libertad.<\/p>\n<\/li>\n<li data-start=\"756\" data-end=\"844\">\n<p data-start=\"758\" data-end=\"844\"><strong data-start=\"758\" data-end=\"778\">Estilo Vers\u00e1til: <\/strong>comb\u00ednala con jeans, shorts o debajo de una chaqueta. \u00a1Un b\u00e1sico que no falla!<\/p>\n<\/li>\n<\/ul>\n<p data-start=\"846\" data-end=\"873\"><strong data-start=\"846\" data-end=\"873\">Especificaciones del Producto:<\/strong><\/p>\n<ul data-start=\"875\" data-end=\"1099\">\n<li data-start=\"875\" data-end=\"958\">\n<p data-start=\"877\" data-end=\"958\"><strong data-start=\"877\" data-end=\"890\">Material:<\/strong> 100% algod\u00f3n peinado e hilado (Los colores Heather incluyen poli\u00e9ster)<\/p>\n<\/li>\n<li data-start=\"959\" data-end=\"1001\">\n<p data-start=\"961\" data-end=\"1001\"><strong data-start=\"961\" data-end=\"979\">Peso de la tela: <\/strong>4.2 oz\/yd\u00b2 (142 g\/m\u00b2)<\/p>\n<\/li>\n<li data-start=\"1002\" data-end=\"1024\">\n<p data-start=\"1004\" data-end=\"1024\"><strong data-start=\"1004\" data-end=\"1012\">Ajuste:<\/strong> Relaxed Fit<\/p>\n<\/li>\n<li data-start=\"1025\" data-end=\"1099\">\n<p data-start=\"1027\" data-end=\"1099\"><strong data-start=\"1027\" data-end=\"1044\">Construcci\u00f3n:<\/strong> tela preencogida, costuras laterales, cuello redondo<\/p>\n<\/li>\n<\/ul>\n<p data-start=\"1101\" data-end=\"1135\"><strong data-start=\"1101\" data-end=\"1135\">Celebra tu Esp\u00edritu Peruano<\/strong><\/p>\n<p data-start=\"1137\" data-end=\"1345\">\u00bfListo para mostrar tu amor por Per\u00fa? La <em data-start=\"1179\" data-end=\"1193\">Camiseta Per\u00fa<\/em> no es solo una prenda\u2014es una celebraci\u00f3n de una naci\u00f3n que cautiva corazones en todo el mundo. \u00dasala con orgullo y hazle saber al mundo a d\u00f3nde pertenece tu coraz\u00f3n.  <\/p>\n<p data-start=\"1347\" data-end=\"1365\"><strong data-start=\"1347\" data-end=\"1365\">Fabricado bajo demanda<\/strong><\/p>\n<p data-start=\"1367\" data-end=\"1588\">Cada camiseta se produce especialmente para ti despu\u00e9s de tu pedido, reduciendo el desperdicio y apoyando una moda m\u00e1s consciente. Al elegirla, te sumas a un futuro con m\u00e1s estilo y menos impacto. <\/p>\n","protected":false},"excerpt":{"rendered":"<p>Celebra el orgullo y la cultura peruana con esta camiseta Per\u00fa\u2014con dise\u00f1o audaz, confort premium y confecci\u00f3n sostenible.<\/p>\n","protected":false},"featured_media":58806,"comment_status":"open","ping_status":"closed","template":"","meta":[],"product_brand":[],"product_cat":[387],"product_tag":[],"class_list":{"0":"post-103169","1":"product","2":"type-product","3":"status-publish","4":"has-post-thumbnail","6":"product_cat-camisetas-caballeros","7":"product_shipping_class-shirts","9":"first","10":"instock","11":"taxable","12":"shipping-taxable","13":"purchasable","14":"product-type-variable","15":"has-default-attributes"},"jetpack_sharing_enabled":true,"_links":{"self":[{"href":"https:\/\/latinspirit.eu\/es\/wp-json\/wp\/v2\/product\/103169","targetHints":{"allow":["GET"]}}],"collection":[{"href":"https:\/\/latinspirit.eu\/es\/wp-json\/wp\/v2\/product"}],"about":[{"href":"https:\/\/latinspirit.eu\/es\/wp-json\/wp\/v2\/types\/product"}],"replies":[{"embeddable":true,"href":"https:\/\/latinspirit.eu\/es\/wp-json\/wp\/v2\/comments?post=103169"}],"version-history":[{"count":1,"href":"https:\/\/latinspirit.eu\/es\/wp-json\/wp\/v2\/product\/103169\/revisions"}],"predecessor-version":[{"id":104404,"href":"https:\/\/latinspirit.eu\/es\/wp-json\/wp\/v2\/product\/103169\/revisions\/104404"}],"wp:featuredmedia":[{"embeddable":true,"href":"https:\/\/latinspirit.eu\/es\/wp-json\/wp\/v2\/media\/58806"}],"wp:attachment":[{"href":"https:\/\/latinspirit.eu\/es\/wp-json\/wp\/v2\/media?parent=103169"}],"wp:term":[{"taxonomy":"product_brand","embeddable":true,"href":"https:\/\/latinspirit.eu\/es\/wp-json\/wp\/v2\/product_brand?post=103169"},{"taxonomy":"product_cat","embeddable":true,"href":"https:\/\/latinspirit.eu\/es\/wp-json\/wp\/v2\/product_cat?post=103169"},{"taxonomy":"product_tag","embeddable":true,"href":"https:\/\/latinspirit.eu\/es\/wp-json\/wp\/v2\/product_tag?post=103169"}],"curies":[{"name":"wp","href":"https:\/\/api.w.org\/{rel}","templated":true}]}}