{"id":103291,"date":"2024-02-28T13:56:00","date_gmt":"2024-02-28T12:56:00","guid":{"rendered":"https:\/\/latinspirit.eu\/product\/sudadera-clasica-peru\/"},"modified":"2026-01-11T00:28:26","modified_gmt":"2026-01-10T23:28:26","slug":"sudadera-clasica-peru","status":"publish","type":"product","link":"https:\/\/latinspirit.eu\/es\/product\/sudadera-clasica-peru\/","title":{"rendered":"Sudadera Cl\u00e1sica Per\u00fa"},"content":{"rendered":"<p class=\"ds-markdown-paragraph\">\u00a1Abraza tu herencia peruana con nuestra sudadera cl\u00e1sica Per\u00fa. Dise\u00f1ada para el confort diario y un estilo a temporal, esta sudadera premium luce un dise\u00f1o elegante y discreto que honra la rica cultura de Per\u00fa. Confeccionada en tela suave y transpirable con un corte holgado, es perfecta para las frescas tardes serranas, reuniones informales o simplemente para mostrar tu conexi\u00f3n con este hermoso pa\u00eds. Ya seas de Per\u00fa o lo lleves en el coraz\u00f3n, esta sudadera te permite llevar tu orgullo con comodidad y estilo.   <\/p>\n<p class=\"ds-markdown-paragraph\"><strong>Por qu\u00e9 te encantar\u00e1:<\/strong><\/p>\n<ul>\n<li>\n<p class=\"ds-markdown-paragraph\"><strong>Dise\u00f1o Significativo:<\/strong> Un tributo sutil pero poderoso a la identidad peruana<\/p>\n<\/li>\n<li>\n<p class=\"ds-markdown-paragraph\"><strong>Confort Duradero:<\/strong> Hecha de algod\u00f3n premium para una suavidad que perdura<\/p>\n<\/li>\n<li>\n<p class=\"ds-markdown-paragraph\"><strong>Uso Vers\u00e1til:<\/strong> Ideal para usar en capas o por s\u00ed sola<\/p>\n<\/li>\n<li>\n<p class=\"ds-markdown-paragraph\"><strong>Construcci\u00f3n Duradera:<\/strong> Costuras reforzadas y tela preencogida aseguran uso prolongado<\/p>\n<\/li>\n<\/ul>\n<p class=\"ds-markdown-paragraph\"><strong>Especificaciones del Producto:<\/strong><\/p>\n<ul>\n<li>\n<p class=\"ds-markdown-paragraph\">Material: 100% algod\u00f3n premium (Los colores Heather pueden contener poli\u00e9ster)<\/p>\n<\/li>\n<li>\n<p class=\"ds-markdown-paragraph\">Ajuste: Corte holgado para facilitar el movimiento<\/p>\n<\/li>\n<li>\n<p class=\"ds-markdown-paragraph\">Caracter\u00edsticas: Bolsillo delantero, capucha con cord\u00f3n ajustable, pu\u00f1os y dobladillo acanalados<\/p>\n<\/li>\n<li>\n<p class=\"ds-markdown-paragraph\">Cuidado: Lavable a m\u00e1quina, mantiene la forma despu\u00e9s del lavado<\/p>\n<\/li>\n<\/ul>\n<p class=\"ds-markdown-paragraph\"><strong>Lleva tu Herencia:<\/strong><br \/>\nLa Peru Classic Hoodie es m\u00e1s que una prenda\u2014es una forma de mantenerte conectado a tus ra\u00edces y compartir tu amor por los diversos paisajes y la c\u00e1lida cultura de Per\u00fa.<\/p>\n<p class=\"ds-markdown-paragraph\"><strong>Hecho bajo Demanda:<\/strong><br \/>\nCada sudadera se imprime solo al realizar tu pedido, reduciendo el desperdicio textil y apoyando la producci\u00f3n ecol\u00f3gica. Tu elecci\u00f3n promueve la moda sostenible mientras celebra el orgullo cultural. <\/p>\n","protected":false},"excerpt":{"rendered":"<p>La Peru Classic Hoodie combina comodidad, calidad y conexi\u00f3n cultural. Elaborada con materiales premium y producida bajo demanda para un menor impacto ambiental. Usa tu orgullo peruano en cada d\u00eda c\u00f3modo y con estilo.  <\/p>\n","protected":false},"featured_media":58766,"comment_status":"closed","ping_status":"closed","template":"","meta":[],"product_brand":[],"product_cat":[383],"product_tag":[],"class_list":{"0":"post-103291","1":"product","2":"type-product","3":"status-publish","4":"has-post-thumbnail","6":"product_cat-sudaderas-con-capucha","7":"product_shipping_class-hoodies","9":"first","10":"instock","11":"taxable","12":"shipping-taxable","13":"purchasable","14":"product-type-variable"},"jetpack_sharing_enabled":true,"_links":{"self":[{"href":"https:\/\/latinspirit.eu\/es\/wp-json\/wp\/v2\/product\/103291","targetHints":{"allow":["GET"]}}],"collection":[{"href":"https:\/\/latinspirit.eu\/es\/wp-json\/wp\/v2\/product"}],"about":[{"href":"https:\/\/latinspirit.eu\/es\/wp-json\/wp\/v2\/types\/product"}],"replies":[{"embeddable":true,"href":"https:\/\/latinspirit.eu\/es\/wp-json\/wp\/v2\/comments?post=103291"}],"version-history":[{"count":1,"href":"https:\/\/latinspirit.eu\/es\/wp-json\/wp\/v2\/product\/103291\/revisions"}],"predecessor-version":[{"id":104424,"href":"https:\/\/latinspirit.eu\/es\/wp-json\/wp\/v2\/product\/103291\/revisions\/104424"}],"wp:featuredmedia":[{"embeddable":true,"href":"https:\/\/latinspirit.eu\/es\/wp-json\/wp\/v2\/media\/58766"}],"wp:attachment":[{"href":"https:\/\/latinspirit.eu\/es\/wp-json\/wp\/v2\/media?parent=103291"}],"wp:term":[{"taxonomy":"product_brand","embeddable":true,"href":"https:\/\/latinspirit.eu\/es\/wp-json\/wp\/v2\/product_brand?post=103291"},{"taxonomy":"product_cat","embeddable":true,"href":"https:\/\/latinspirit.eu\/es\/wp-json\/wp\/v2\/product_cat?post=103291"},{"taxonomy":"product_tag","embeddable":true,"href":"https:\/\/latinspirit.eu\/es\/wp-json\/wp\/v2\/product_tag?post=103291"}],"curies":[{"name":"wp","href":"https:\/\/api.w.org\/{rel}","templated":true}]}}