{"id":103415,"date":"2024-02-28T12:37:41","date_gmt":"2024-02-28T11:37:41","guid":{"rendered":"https:\/\/latinspirit.eu\/product\/camiseta-chile\/"},"modified":"2026-01-11T00:21:28","modified_gmt":"2026-01-10T23:21:28","slug":"camiseta-chile","status":"publish","type":"product","link":"https:\/\/latinspirit.eu\/es\/product\/camiseta-chile\/","title":{"rendered":"Camiseta Chile"},"content":{"rendered":"<p data-start=\"264\" data-end=\"376\">Ya seas un chileno orgulloso o alguien que valora la rica cultura, los impresionantes paisajes y las vibrantes tradiciones de Chile, esta <span class=\"relative -mx-px my-[-0.2rem] rounded px-px py-[0.2rem] transition-colors duration-100 ease-in-out\"><em data-start=\"137\" data-end=\"152\"><span class=\"relative -mx-px my-[-0.2rem] rounded px-px py-[0.2rem] transition-colors duration-100 ease-in-out\">Camiseta Chile<\/span><\/em><\/span> es tu complemento perfecto. Con el ic\u00f3nico dise\u00f1o de la bandera chilena, encarna el esp\u00edritu de una naci\u00f3n conocida por su resiliencia, pasi\u00f3n y calidez.<\/p>\n<p data-start=\"378\" data-end=\"401\"><strong data-start=\"378\" data-end=\"401\">Por qu\u00e9 te encantar\u00e1:<\/strong><\/p>\n<ul data-start=\"403\" data-end=\"686\">\n<li data-start=\"403\" data-end=\"462\">\n<p data-start=\"405\" data-end=\"462\"><strong data-start=\"405\" data-end=\"424\"><span class=\"relative -mx-px my-[-0.2rem] rounded px-px py-[0.2rem] transition-colors duration-100 ease-in-out\">Orgullo Cultural:<\/span><\/strong> Luce el dise\u00f1o fuerte y vibrante de la bandera chilena, celebrando la herencia nacional.<\/p>\n<\/li>\n<li data-start=\"463\" data-end=\"525\">\n<p data-start=\"465\" data-end=\"525\"><strong data-start=\"465\" data-end=\"485\"><span class=\"relative -mx-px my-[-0.2rem] rounded px-px py-[0.2rem] transition-colors duration-100 ease-in-out\">Calidad Premium:<\/span><\/strong> confeccionada en 100% algod\u00f3n peinado y anillado, suave al tacto y c\u00f3moda desde el primer uso.<\/p>\n<\/li>\n<li data-start=\"526\" data-end=\"584\">\n<p data-start=\"528\" data-end=\"584\"><strong data-start=\"528\" data-end=\"544\">Ajuste Relajado:<\/strong> ideal para el d\u00eda a d\u00eda, con un corte que te permite moverte con total libertad.<\/p>\n<\/li>\n<li data-start=\"585\" data-end=\"686\">\n<p data-start=\"587\" data-end=\"686\"><strong data-start=\"587\" data-end=\"607\"><span class=\"relative -mx-px my-[-0.2rem] rounded px-px py-[0.2rem] transition-colors duration-100 ease-in-out\">Estilo Vers\u00e1til:<\/span><\/strong> Se combina f\u00e1cilmente con jeans, shorts o como capa bajo una chaqueta.<\/p>\n<\/li>\n<\/ul>\n<p data-start=\"688\" data-end=\"715\"><strong data-start=\"688\" data-end=\"715\">Especificaciones del Producto:<\/strong><\/p>\n<ul data-start=\"717\" data-end=\"983\">\n<li data-start=\"717\" data-end=\"772\">\n<p data-start=\"719\" data-end=\"772\"><strong data-start=\"719\" data-end=\"732\">Material:<\/strong> 100% algod\u00f3n peinado y anillado (los colores heather incluyen poli\u00e9ster)<\/p>\n<\/li>\n<li data-start=\"773\" data-end=\"833\">\n<p data-start=\"775\" data-end=\"833\"><strong data-start=\"775\" data-end=\"793\"><span class=\"relative -mx-px my-[-0.2rem] rounded px-px py-[0.2rem] transition-colors duration-100 ease-in-out\">Peso de la tela:<\/span><\/strong> 4.2 oz\/yd\u00b2 (142 g\/m\u00b2)<\/p>\n<\/li>\n<li data-start=\"834\" data-end=\"884\">\n<p data-start=\"836\" data-end=\"884\"><span class=\"relative -mx-px my-[-0.2rem] rounded px-px py-[0.2rem] transition-colors duration-100 ease-in-out\"><strong data-start=\"836\" data-end=\"844\">Ajuste:<\/strong><\/span> Relaxed Fit<\/p>\n<\/li>\n<li data-start=\"885\" data-end=\"983\">\n<p data-start=\"887\" data-end=\"983\"><strong data-start=\"887\" data-end=\"904\"><span class=\"relative -mx-px my-[-0.2rem] rounded px-px py-[0.2rem] transition-colors duration-100 ease-in-out\">Construcci\u00f3n:<\/span><\/strong> tela preencogida, costuras laterales, cuello redondo<\/p>\n<\/li>\n<\/ul>\n<p data-start=\"985\" data-end=\"1016\"><strong data-start=\"985\" data-end=\"1016\">Abraza el Esp\u00edritu Chileno:<\/strong><\/p>\n<p data-start=\"1018\" data-end=\"1136\"><span class=\"relative -mx-px my-[-0.2rem] rounded px-px py-[0.2rem] transition-colors duration-100 ease-in-out\">\u00bfListo para mostrar tu conexi\u00f3n con Chile? La <em data-start=\"48\" data-end=\"63\">Camiseta Chile<\/em> no es solo una prenda\u2014es una celebraci\u00f3n de una naci\u00f3n que cautiva corazones en todo el mundo. <\/span> <span class=\"relative -mx-px my-[-0.2rem] rounded px-px py-[0.2rem] transition-colors duration-100 ease-in-out\">\u00dasala con orgullo y hazle saber al mundo a d\u00f3nde pertenece tu coraz\u00f3n.<\/span><\/p>\n<p data-start=\"1138\" data-end=\"1157\"><strong data-start=\"1138\" data-end=\"1157\">Confeccionada bajo Demanda:<\/strong><\/p>\n<p data-start=\"1159\" data-end=\"1277\"><span class=\"relative -mx-px my-[-0.2rem] rounded px-px py-[0.2rem] transition-colors duration-100 ease-in-out\">Cada camiseta se produce especialmente para ti despu\u00e9s de tu pedido, reduciendo el desperdicio y apoyando una moda m\u00e1s consciente.<\/span> <span class=\"relative -mx-px my-[-0.2rem] rounded px-px py-[0.2rem] transition-colors duration-100 ease-in-out\">Al elegirla, te sumas a un futuro con m\u00e1s estilo y menos impacto.<\/span><\/p>\n","protected":false},"excerpt":{"rendered":"<p>Celebra el orgullo y la cultura chilena con esta cl\u00e1sica camiseta\u2014con dise\u00f1o ic\u00f3nico de bandera, confort premium y confecci\u00f3n sostenible.<\/p>\n","protected":false},"featured_media":58636,"comment_status":"closed","ping_status":"closed","template":"","meta":[],"product_brand":[],"product_cat":[387],"product_tag":[],"class_list":{"0":"post-103415","1":"product","2":"type-product","3":"status-publish","4":"has-post-thumbnail","6":"product_cat-camisetas-caballeros","7":"product_shipping_class-shirts","9":"first","10":"instock","11":"taxable","12":"shipping-taxable","13":"purchasable","14":"product-type-variable"},"jetpack_sharing_enabled":true,"_links":{"self":[{"href":"https:\/\/latinspirit.eu\/es\/wp-json\/wp\/v2\/product\/103415","targetHints":{"allow":["GET"]}}],"collection":[{"href":"https:\/\/latinspirit.eu\/es\/wp-json\/wp\/v2\/product"}],"about":[{"href":"https:\/\/latinspirit.eu\/es\/wp-json\/wp\/v2\/types\/product"}],"replies":[{"embeddable":true,"href":"https:\/\/latinspirit.eu\/es\/wp-json\/wp\/v2\/comments?post=103415"}],"version-history":[{"count":1,"href":"https:\/\/latinspirit.eu\/es\/wp-json\/wp\/v2\/product\/103415\/revisions"}],"predecessor-version":[{"id":104405,"href":"https:\/\/latinspirit.eu\/es\/wp-json\/wp\/v2\/product\/103415\/revisions\/104405"}],"wp:featuredmedia":[{"embeddable":true,"href":"https:\/\/latinspirit.eu\/es\/wp-json\/wp\/v2\/media\/58636"}],"wp:attachment":[{"href":"https:\/\/latinspirit.eu\/es\/wp-json\/wp\/v2\/media?parent=103415"}],"wp:term":[{"taxonomy":"product_brand","embeddable":true,"href":"https:\/\/latinspirit.eu\/es\/wp-json\/wp\/v2\/product_brand?post=103415"},{"taxonomy":"product_cat","embeddable":true,"href":"https:\/\/latinspirit.eu\/es\/wp-json\/wp\/v2\/product_cat?post=103415"},{"taxonomy":"product_tag","embeddable":true,"href":"https:\/\/latinspirit.eu\/es\/wp-json\/wp\/v2\/product_tag?post=103415"}],"curies":[{"name":"wp","href":"https:\/\/api.w.org\/{rel}","templated":true}]}}