{"id":103449,"date":"2024-02-28T11:48:48","date_gmt":"2024-02-28T10:48:48","guid":{"rendered":"https:\/\/latinspirit.eu\/product\/sudadera-clasica-argentina\/"},"modified":"2026-01-11T00:28:26","modified_gmt":"2026-01-10T23:28:26","slug":"sudadera-clasica-argentina","status":"publish","type":"product","link":"https:\/\/latinspirit.eu\/es\/product\/sudadera-clasica-argentina\/","title":{"rendered":"Sudadera Cl\u00e1sica Argentina"},"content":{"rendered":"<p class=\"ds-markdown-paragraph\">\u00a1Celebra tu herencia argentina con nuestra Argentina Classic Hoodie! Dise\u00f1ada para el confort diario y un estilo perdurable, esta sudadera premium luce un dise\u00f1o elegante que honra la rica cultura y el esp\u00edritu apasionado de Argentina. Confeccionada en tela suave y transpirable con un corte holgado, es perfecta para frescas tardes, reuniones informales o mostrar tu amor por esta vibrante naci\u00f3n. Ya seas de Argentina o sientas una conexi\u00f3n profunda con su cultura, esta sudadera te permite llevar tu orgullo con comodidad y estilo.   <\/p>\n<p class=\"ds-markdown-paragraph\"><strong>Por qu\u00e9 te encantar\u00e1:<\/strong><\/p>\n<ul>\n<li>\n<p class=\"ds-markdown-paragraph\"><strong>Dise\u00f1o Cultural:<\/strong> Un tributo sofisticado a la identidad y pasi\u00f3n argentina<\/p>\n<\/li>\n<li>\n<p class=\"ds-markdown-paragraph\"><strong>Confort Duradero:<\/strong> Hecha de algod\u00f3n premium para una suavidad que perdura<\/p>\n<\/li>\n<li>\n<p class=\"ds-markdown-paragraph\"><strong>Estilo Vers\u00e1til:<\/strong> Ideal para usar en capas en distintas estaciones y ocasiones<\/p>\n<\/li>\n<li>\n<p class=\"ds-markdown-paragraph\"><strong>Calidad Duradera:<\/strong> Costuras reforzadas y tela preencogida aseguran uso prolongado<\/p>\n<\/li>\n<\/ul>\n<p class=\"ds-markdown-paragraph\"><strong>Especificaciones del Producto:<\/strong><\/p>\n<ul>\n<li>\n<p class=\"ds-markdown-paragraph\">Material: 100% algod\u00f3n premium (Los colores Heather pueden contener poli\u00e9ster)<\/p>\n<\/li>\n<li>\n<p class=\"ds-markdown-paragraph\">Ajuste: Corte holgado para facilitar el movimiento<\/p>\n<\/li>\n<li>\n<p class=\"ds-markdown-paragraph\">Caracter\u00edsticas: Bolsillo delantero, capucha con cord\u00f3n ajustable, pu\u00f1os y dobladillo acanalados<\/p>\n<\/li>\n<li>\n<p class=\"ds-markdown-paragraph\">Cuidado: Lavable a m\u00e1quina, mantiene la forma despu\u00e9s del lavado<\/p>\n<\/li>\n<\/ul>\n<p class=\"ds-markdown-paragraph\"><strong>Lleva tu Pasi\u00f3n Argentina:<\/strong><br \/>\nLa Argentina Classic Hoodie es m\u00e1s que una prenda\u2014es una forma de llevar contigo el amor por las ricas tradiciones, ciudades vibrantes y c\u00e1lida cultura argentina dondequiera que vayas.<\/p>\n<p class=\"ds-markdown-paragraph\"><strong>Hecho bajo Demanda:<\/strong><br \/>\nCada sudadera se imprime solo al realizar tu pedido, reduciendo el desperdicio textil y apoyando la producci\u00f3n sostenible. Tu elecci\u00f3n promueve la moda ecol\u00f3gica mientras celebra el orgullo cultural. <\/p>\n","protected":false},"excerpt":{"rendered":"<p>La Argentina Classic Hoodie combina comodidad, calidad y conexi\u00f3n cultural. Elaborada con materiales premium y producida bajo demanda para un impacto ambiental m\u00ednimo. Usa tu pasi\u00f3n argentina con estilo y confort.  <\/p>\n","protected":false},"featured_media":58598,"comment_status":"closed","ping_status":"closed","template":"","meta":[],"product_brand":[],"product_cat":[383],"product_tag":[],"class_list":{"0":"post-103449","1":"product","2":"type-product","3":"status-publish","4":"has-post-thumbnail","6":"product_cat-sudaderas-con-capucha","7":"product_shipping_class-hoodies","9":"first","10":"instock","11":"taxable","12":"shipping-taxable","13":"purchasable","14":"product-type-variable"},"jetpack_sharing_enabled":true,"_links":{"self":[{"href":"https:\/\/latinspirit.eu\/es\/wp-json\/wp\/v2\/product\/103449","targetHints":{"allow":["GET"]}}],"collection":[{"href":"https:\/\/latinspirit.eu\/es\/wp-json\/wp\/v2\/product"}],"about":[{"href":"https:\/\/latinspirit.eu\/es\/wp-json\/wp\/v2\/types\/product"}],"replies":[{"embeddable":true,"href":"https:\/\/latinspirit.eu\/es\/wp-json\/wp\/v2\/comments?post=103449"}],"version-history":[{"count":1,"href":"https:\/\/latinspirit.eu\/es\/wp-json\/wp\/v2\/product\/103449\/revisions"}],"predecessor-version":[{"id":104426,"href":"https:\/\/latinspirit.eu\/es\/wp-json\/wp\/v2\/product\/103449\/revisions\/104426"}],"wp:featuredmedia":[{"embeddable":true,"href":"https:\/\/latinspirit.eu\/es\/wp-json\/wp\/v2\/media\/58598"}],"wp:attachment":[{"href":"https:\/\/latinspirit.eu\/es\/wp-json\/wp\/v2\/media?parent=103449"}],"wp:term":[{"taxonomy":"product_brand","embeddable":true,"href":"https:\/\/latinspirit.eu\/es\/wp-json\/wp\/v2\/product_brand?post=103449"},{"taxonomy":"product_cat","embeddable":true,"href":"https:\/\/latinspirit.eu\/es\/wp-json\/wp\/v2\/product_cat?post=103449"},{"taxonomy":"product_tag","embeddable":true,"href":"https:\/\/latinspirit.eu\/es\/wp-json\/wp\/v2\/product_tag?post=103449"}],"curies":[{"name":"wp","href":"https:\/\/api.w.org\/{rel}","templated":true}]}}