{"id":103493,"date":"2024-02-28T11:11:39","date_gmt":"2024-02-28T10:11:39","guid":{"rendered":"https:\/\/latinspirit.eu\/product\/camiseta-argentina\/"},"modified":"2026-01-11T00:21:28","modified_gmt":"2026-01-10T23:21:28","slug":"camiseta-argentina","status":"publish","type":"product","link":"https:\/\/latinspirit.eu\/es\/product\/camiseta-argentina\/","title":{"rendered":"Camiseta Argentina"},"content":{"rendered":"<p data-start=\"311\" data-end=\"637\">Ya hayas nacido y crecido en Buenos Aires, bailado tango en San Telmo, o simplemente te enamoraste de las empanadas y el f\u00fatbol durante tu viaje\u2014esta camiseta es para ti. Con su corte cl\u00e1sico y paleta de colores ic\u00f3nica, te envuelve en confort mientras tu coraz\u00f3n grita \u201c\u00a1Vamos Argentina!\u201d (aunque lo susurres en tu alma). <\/p>\n<p data-start=\"639\" data-end=\"775\">Suave, f\u00e1cil de llevar y llena de personalidad. Es la camiseta ideal para quien lleve un pedacito de Argentina a donde quiera que vaya.<\/p>\n<p data-start=\"777\" data-end=\"800\"><strong data-start=\"777\" data-end=\"800\">Por qu\u00e9 te encantar\u00e1:<\/strong><\/p>\n<ul data-start=\"801\" data-end=\"1059\">\n<li data-start=\"801\" data-end=\"862\">\n<p data-start=\"803\" data-end=\"862\">Dise\u00f1o atemporal: Inspirado en Argentina y seguro que inicia conversaciones<\/p>\n<\/li>\n<li data-start=\"863\" data-end=\"943\">\n<p data-start=\"865\" data-end=\"943\">S\u00faper suave: 100% algod\u00f3n peinado e hilado (los colores heather incluyen poli\u00e9ster)<\/p>\n<\/li>\n<li data-start=\"944\" data-end=\"1006\">\n<p data-start=\"946\" data-end=\"1006\">Confort todo el d\u00eda: Corte holgado, desde asados hasta paseos por la ciudad<\/p>\n<\/li>\n<li data-start=\"1007\" data-end=\"1059\">\n<p data-start=\"1009\" data-end=\"1059\">F\u00e1cil de combinar: Ideal con jeans, shorts o looks con capas<\/p>\n<\/li>\n<\/ul>\n<p data-start=\"1061\" data-end=\"1342\">Especificaciones del Producto:<br \/>\n\u2022 100% algod\u00f3n peinado e hilado<br data-start=\"1114\" data-end=\"1117\">\u2022 Athletic heather: 90% algod\u00f3n, 10% poli\u00e9ster<br data-start=\"1164\" data-end=\"1167\">\u2022 Otros colores heather: 52% algod\u00f3n, 48% poli\u00e9ster<br data-start=\"1219\" data-end=\"1222\">\u2022 Peso de la tela: 4.2 oz\/y\u00b2 (142 g\/m\u00b2)<br data-start=\"1259\" data-end=\"1262\">\u2022 Corte holgado<br data-start=\"1275\" data-end=\"1278\">\u2022 Tela preencogida<br data-start=\"1297\" data-end=\"1300\">\u2022 Costuras laterales<br data-start=\"1326\" data-end=\"1329\">\u2022 Cuello redondo<\/p>\n<p data-start=\"1344\" data-end=\"1550\"><strong data-start=\"1344\" data-end=\"1381\">\u00bfListo para llevar a Argentina contigo?<\/strong><br data-start=\"1381\" data-end=\"1384\">Ya sean tus ra\u00edces, tu segunda casa o tu lugar de vacaciones favorito, esta camiseta te permite llevar la energ\u00eda de Argentina\u2014fuerte, orgullosa y con mucho estilo.<\/p>\n<p data-start=\"1552\" data-end=\"1774\"><strong data-start=\"1552\" data-end=\"1585\">Hecho bajo demanda = hecho para ti<\/strong><br data-start=\"1585\" data-end=\"1588\">Imprimimos cada camiseta especialmente para ti al realizar tu pedido\u2014sin producci\u00f3n en masa, sin desperdicio. Significa elecciones de moda m\u00e1s inteligentes y menos impacto ambiental. Para que te sientas bien, por dentro y por fuera.  <\/p>\n","protected":false},"excerpt":{"rendered":"<p>Una camiseta c\u00f3moda y cl\u00e1sica para los amantes de Argentina\u2014ya seas local, fan o viajero. Con estilo, suave y hecha solo para ti bajo demanda. <\/p>\n","protected":false},"featured_media":58580,"comment_status":"closed","ping_status":"closed","template":"","meta":[],"product_brand":[],"product_cat":[387],"product_tag":[],"class_list":{"0":"post-103493","1":"product","2":"type-product","3":"status-publish","4":"has-post-thumbnail","6":"product_cat-camisetas-caballeros","7":"product_shipping_class-shirts","9":"first","10":"instock","11":"taxable","12":"shipping-taxable","13":"purchasable","14":"product-type-variable"},"jetpack_sharing_enabled":true,"_links":{"self":[{"href":"https:\/\/latinspirit.eu\/es\/wp-json\/wp\/v2\/product\/103493","targetHints":{"allow":["GET"]}}],"collection":[{"href":"https:\/\/latinspirit.eu\/es\/wp-json\/wp\/v2\/product"}],"about":[{"href":"https:\/\/latinspirit.eu\/es\/wp-json\/wp\/v2\/types\/product"}],"replies":[{"embeddable":true,"href":"https:\/\/latinspirit.eu\/es\/wp-json\/wp\/v2\/comments?post=103493"}],"version-history":[{"count":1,"href":"https:\/\/latinspirit.eu\/es\/wp-json\/wp\/v2\/product\/103493\/revisions"}],"predecessor-version":[{"id":104406,"href":"https:\/\/latinspirit.eu\/es\/wp-json\/wp\/v2\/product\/103493\/revisions\/104406"}],"wp:featuredmedia":[{"embeddable":true,"href":"https:\/\/latinspirit.eu\/es\/wp-json\/wp\/v2\/media\/58580"}],"wp:attachment":[{"href":"https:\/\/latinspirit.eu\/es\/wp-json\/wp\/v2\/media?parent=103493"}],"wp:term":[{"taxonomy":"product_brand","embeddable":true,"href":"https:\/\/latinspirit.eu\/es\/wp-json\/wp\/v2\/product_brand?post=103493"},{"taxonomy":"product_cat","embeddable":true,"href":"https:\/\/latinspirit.eu\/es\/wp-json\/wp\/v2\/product_cat?post=103493"},{"taxonomy":"product_tag","embeddable":true,"href":"https:\/\/latinspirit.eu\/es\/wp-json\/wp\/v2\/product_tag?post=103493"}],"curies":[{"name":"wp","href":"https:\/\/api.w.org\/{rel}","templated":true}]}}