{"id":103523,"date":"2024-02-19T13:30:15","date_gmt":"2024-02-19T12:30:15","guid":{"rendered":"https:\/\/latinspirit.eu\/product\/taza-a-mal-tiempo-buen-cafe-sabiduria-latina-en-cada-sorbo\/"},"modified":"2026-01-11T00:25:54","modified_gmt":"2026-01-10T23:25:54","slug":"taza-a-mal-tiempo-buen-cafe-sabiduria-latina-en-cada-sorbo","status":"publish","type":"product","link":"https:\/\/latinspirit.eu\/es\/product\/taza-a-mal-tiempo-buen-cafe-sabiduria-latina-en-cada-sorbo\/","title":{"rendered":"Taza \u201cA mal tiempo, buen caf\u00e9\u201d \u2013 Sabidur\u00eda Latina en Cada Sorbo"},"content":{"rendered":"<p data-start=\"250\" data-end=\"577\">\u00bfMa\u00f1ana lluviosa? \u00bfMelancol\u00eda de lunes? No te preocupes\u2014<strong data-start=\"290\" data-end=\"319\">\u00abA mal tiempo, buen caf\u00e9\u00bb<\/strong> es el lema que necesitas. Esta taza de cer\u00e1mica brillante ofrece consuelo, cultura y un gui\u00f1o de humor latino con cada serving. Ya sea que est\u00e9s empezando tu d\u00eda o tomando un merecido descanso, es tu recordatorio diario de que el caf\u00e9 (y la actitud) pueden cambiar cualquier cosa.    <\/p>\n<p data-start=\"579\" data-end=\"676\">Hecha para verdaderos amantes del caf\u00e9 que creen en las buenas vibras, los caf\u00e9s cargados y vivir la vida al estilo latino.<\/p>\n<p data-start=\"678\" data-end=\"701\"><strong data-start=\"678\" data-end=\"701\">Por qu\u00e9 te encantar\u00e1:<\/strong><\/p>\n<ul data-start=\"703\" data-end=\"967\">\n<li data-start=\"703\" data-end=\"779\">\n<p data-start=\"705\" data-end=\"779\">Dise\u00f1o elegante: Cer\u00e1mica con acabado de alto brillo, tan sofisticado como tu rutina ma\u00f1anera<\/p>\n<\/li>\n<li data-start=\"780\" data-end=\"846\">\n<p data-start=\"782\" data-end=\"846\">Frase poderosa: Luce la frase audaz y ocurrente \u201cA mal tiempo, buen caf\u00e9\u201d<\/p>\n<\/li>\n<li data-start=\"847\" data-end=\"904\">\n<p data-start=\"849\" data-end=\"904\">Pr\u00e1ctica: Apta para lavavajillas y microondas\u2014ideal para d\u00edas ajetreados<\/p>\n<\/li>\n<li data-start=\"905\" data-end=\"967\">\n<p data-start=\"907\" data-end=\"967\">Tama\u00f1o perfecto: Ideal para un cafecito, t\u00e9 o lo que te despierte<\/p>\n<\/li>\n<\/ul>\n<p data-start=\"969\" data-end=\"987\"><strong data-start=\"969\" data-end=\"987\">Especificaciones del Producto:<\/strong><\/p>\n<ul data-start=\"989\" data-end=\"1185\">\n<li data-start=\"989\" data-end=\"1010\">\n<p data-start=\"991\" data-end=\"1010\">Material: Cer\u00e1mica<\/p>\n<\/li>\n<li data-start=\"1011\" data-end=\"1035\">\n<p data-start=\"1013\" data-end=\"1035\">Acabado: Blanco brillante<\/p>\n<\/li>\n<li data-start=\"1036\" data-end=\"1111\">\n<p data-start=\"1038\" data-end=\"1111\">Dise\u00f1o: Impresa por ambas caras con la frase \u201cA mal tiempo, buen caf\u00e9\u201d<\/p>\n<\/li>\n<li data-start=\"1112\" data-end=\"1151\">\n<p data-start=\"1114\" data-end=\"1151\">Cuidado: Apta para lavavajillas y microondas<\/p>\n<\/li>\n<li data-start=\"1152\" data-end=\"1185\">\n<p data-start=\"1154\" data-end=\"1185\">Capacidad: 11 oz (tama\u00f1o est\u00e1ndar)<\/p>\n<\/li>\n<\/ul>\n<p data-start=\"1187\" data-end=\"1212\"><strong data-start=\"1187\" data-end=\"1212\">Llena de Alegr\u00eda tu Momento Caf\u00e9<\/strong><\/p>\n<p data-start=\"1214\" data-end=\"1415\">Esto no es solo una taza\u2014es tu animadora personal en los d\u00edas grises. Es un regalo excelente para amantes del caf\u00e9, fans de la cultura latina o cualquiera que crea en el poder de la energ\u00eda positiva y una bebida caliente. <\/p>\n<p data-start=\"1417\" data-end=\"1435\"><strong data-start=\"1417\" data-end=\"1435\">Fabricado bajo demanda<\/strong><\/p>\n<p data-start=\"1437\" data-end=\"1647\">Cada taza se crea especialmente para ti una vez que realizas tu pedido. Este m\u00e9todo de producci\u00f3n bajo demanda ayuda a reducir el exceso de producci\u00f3n y los desperdicios\u2014as\u00ed que tu taza no solo se siente bien en tus manos, tambi\u00e9n hace el bien por el planeta. <\/p>\n","protected":false},"excerpt":{"rendered":"<p>Transforma los d\u00edas malos con la taza \u201cA mal tiempo, buen caf\u00e9\u201d\u2014una favorita de cer\u00e1mica brillante, llena de encanto y consuelo latino.<\/p>\n","protected":false},"featured_media":58526,"comment_status":"open","ping_status":"closed","template":"","meta":[],"product_brand":[],"product_cat":[374],"product_tag":[],"class_list":{"0":"post-103523","1":"product","2":"type-product","3":"status-publish","4":"has-post-thumbnail","6":"product_cat-tazas","7":"product_shipping_class-mugs","9":"first","10":"instock","11":"taxable","12":"shipping-taxable","13":"purchasable","14":"product-type-variable"},"jetpack_sharing_enabled":true,"_links":{"self":[{"href":"https:\/\/latinspirit.eu\/es\/wp-json\/wp\/v2\/product\/103523","targetHints":{"allow":["GET"]}}],"collection":[{"href":"https:\/\/latinspirit.eu\/es\/wp-json\/wp\/v2\/product"}],"about":[{"href":"https:\/\/latinspirit.eu\/es\/wp-json\/wp\/v2\/types\/product"}],"replies":[{"embeddable":true,"href":"https:\/\/latinspirit.eu\/es\/wp-json\/wp\/v2\/comments?post=103523"}],"version-history":[{"count":1,"href":"https:\/\/latinspirit.eu\/es\/wp-json\/wp\/v2\/product\/103523\/revisions"}],"predecessor-version":[{"id":104418,"href":"https:\/\/latinspirit.eu\/es\/wp-json\/wp\/v2\/product\/103523\/revisions\/104418"}],"wp:featuredmedia":[{"embeddable":true,"href":"https:\/\/latinspirit.eu\/es\/wp-json\/wp\/v2\/media\/58526"}],"wp:attachment":[{"href":"https:\/\/latinspirit.eu\/es\/wp-json\/wp\/v2\/media?parent=103523"}],"wp:term":[{"taxonomy":"product_brand","embeddable":true,"href":"https:\/\/latinspirit.eu\/es\/wp-json\/wp\/v2\/product_brand?post=103523"},{"taxonomy":"product_cat","embeddable":true,"href":"https:\/\/latinspirit.eu\/es\/wp-json\/wp\/v2\/product_cat?post=103523"},{"taxonomy":"product_tag","embeddable":true,"href":"https:\/\/latinspirit.eu\/es\/wp-json\/wp\/v2\/product_tag?post=103523"}],"curies":[{"name":"wp","href":"https:\/\/api.w.org\/{rel}","templated":true}]}}