{"id":103531,"date":"2024-02-19T13:24:24","date_gmt":"2024-02-19T12:24:24","guid":{"rendered":"https:\/\/latinspirit.eu\/product\/taza-pero-primero-cafecito-primero-el-cafe\/"},"modified":"2026-01-11T00:25:54","modified_gmt":"2026-01-10T23:25:54","slug":"taza-pero-primero-cafecito-primero-el-cafe","status":"publish","type":"product","link":"https:\/\/latinspirit.eu\/es\/product\/taza-pero-primero-cafecito-primero-el-cafe\/","title":{"rendered":"Taza \u201cPero Primero Cafecito\u201d \u2013 \u00a1Primero el Caf\u00e9!"},"content":{"rendered":"<p data-start=\"198\" data-end=\"448\">Comienza tu d\u00eda de la manera correcta con esta encantadora taza que lo dice todo: \u201cPero Primero Cafecito.\u201d Ya sea tu caf\u00e9 de la ma\u00f1ana, un levante por la tarde o un antojo nocturno, esta taza aporta un toque de color y mucha personalidad a cada sorbo. <\/p>\n<p data-start=\"450\" data-end=\"467\"><strong data-start=\"450\" data-end=\"467\">Caracter\u00edsticas Principales:<\/strong><\/p>\n<ul data-start=\"469\" data-end=\"809\">\n<li data-start=\"469\" data-end=\"546\">\n<p data-start=\"471\" data-end=\"546\">Dise\u00f1o juguet\u00f3n: Impreso \u201cPero Primero Cafecito\u201d\u2014porque el caf\u00e9 siempre va primero<\/p>\n<\/li>\n<li data-start=\"547\" data-end=\"641\">\n<p data-start=\"549\" data-end=\"641\">Contraste vibrante: El brillante interior rojo contrasta hermosamente con el limpio exterior blanco, logrando un look muy elegante.<\/p>\n<\/li>\n<li data-start=\"642\" data-end=\"728\">\n<p data-start=\"644\" data-end=\"728\">Pr\u00e1ctica y resistente: Cer\u00e1mica robusta, apta para microondas y lavavajillas<\/p>\n<\/li>\n<li data-start=\"729\" data-end=\"809\">\n<p data-start=\"731\" data-end=\"809\">Tama\u00f1o perfecto: 325 ml (11 oz) ideal para tu caf\u00e9, t\u00e9 o bebida c\u00e1lida favorita<\/p>\n<\/li>\n<\/ul>\n<p data-start=\"811\" data-end=\"838\"><strong data-start=\"811\" data-end=\"838\">Especificaciones del Producto:<\/strong><\/p>\n<ul data-start=\"840\" data-end=\"1041\">\n<li data-start=\"840\" data-end=\"869\">\n<p data-start=\"842\" data-end=\"869\">Material: Cer\u00e1mica duradera<\/p>\n<\/li>\n<li data-start=\"870\" data-end=\"898\">\n<p data-start=\"872\" data-end=\"898\">Capacidad: 325 ml (11 oz)<\/p>\n<\/li>\n<li data-start=\"899\" data-end=\"942\">\n<p data-start=\"901\" data-end=\"942\">Color: Exterior blanco con interior rojo<\/p>\n<\/li>\n<li data-start=\"943\" data-end=\"976\">\n<p data-start=\"945\" data-end=\"976\">Apta para microondas y lavavajillas<\/p>\n<\/li>\n<li data-start=\"977\" data-end=\"1041\">\n<p data-start=\"979\" data-end=\"1041\">Dise\u00f1o: Impresa con el dise\u00f1o divertido y audaz \u201cPero Primero Cafecito\u201d<\/p>\n<\/li>\n<\/ul>\n<p data-start=\"1043\" data-end=\"1073\"><strong data-start=\"1043\" data-end=\"1073\">Una Taza para Alegrar tu D\u00eda<\/strong><\/p>\n<p data-start=\"1075\" data-end=\"1288\">Esta taza es el regalo perfecto para los amantes del caf\u00e9 que conocen la importancia de esa primera taza deliciosa. A\u00f1ade un poco de esp\u00edritu latino a tu rutina o comp\u00e1rtela con amigos y familiares que no pueden empezar sin su cafecito. <\/p>\n<p data-start=\"1290\" data-end=\"1308\"><strong data-start=\"1290\" data-end=\"1308\">Fabricado bajo demanda<\/strong><\/p>\n<p data-start=\"1310\" data-end=\"1439\">Impresa especialmente para ti bajo pedido. Esta taza apoya la moda sostenible reduciendo el desperdicio y entregando calidad elaborada con cuidado.<\/p>\n","protected":false},"excerpt":{"rendered":"<p>Comienza tu d\u00eda con la divertida taza \u201cPero Primero Cafecito\u201d\u2014con un vibrante interior rojo, la compa\u00f1era perfecta para tu ritual del caf\u00e9 matutino.<\/p>\n","protected":false},"featured_media":59430,"comment_status":"open","ping_status":"closed","template":"","meta":[],"product_brand":[],"product_cat":[374],"product_tag":[],"class_list":{"0":"post-103531","1":"product","2":"type-product","3":"status-publish","4":"has-post-thumbnail","6":"product_cat-tazas","7":"product_shipping_class-mugs","9":"first","10":"instock","11":"taxable","12":"shipping-taxable","13":"purchasable","14":"product-type-variable"},"jetpack_sharing_enabled":true,"_links":{"self":[{"href":"https:\/\/latinspirit.eu\/es\/wp-json\/wp\/v2\/product\/103531","targetHints":{"allow":["GET"]}}],"collection":[{"href":"https:\/\/latinspirit.eu\/es\/wp-json\/wp\/v2\/product"}],"about":[{"href":"https:\/\/latinspirit.eu\/es\/wp-json\/wp\/v2\/types\/product"}],"replies":[{"embeddable":true,"href":"https:\/\/latinspirit.eu\/es\/wp-json\/wp\/v2\/comments?post=103531"}],"version-history":[{"count":1,"href":"https:\/\/latinspirit.eu\/es\/wp-json\/wp\/v2\/product\/103531\/revisions"}],"predecessor-version":[{"id":104419,"href":"https:\/\/latinspirit.eu\/es\/wp-json\/wp\/v2\/product\/103531\/revisions\/104419"}],"wp:featuredmedia":[{"embeddable":true,"href":"https:\/\/latinspirit.eu\/es\/wp-json\/wp\/v2\/media\/59430"}],"wp:attachment":[{"href":"https:\/\/latinspirit.eu\/es\/wp-json\/wp\/v2\/media?parent=103531"}],"wp:term":[{"taxonomy":"product_brand","embeddable":true,"href":"https:\/\/latinspirit.eu\/es\/wp-json\/wp\/v2\/product_brand?post=103531"},{"taxonomy":"product_cat","embeddable":true,"href":"https:\/\/latinspirit.eu\/es\/wp-json\/wp\/v2\/product_cat?post=103531"},{"taxonomy":"product_tag","embeddable":true,"href":"https:\/\/latinspirit.eu\/es\/wp-json\/wp\/v2\/product_tag?post=103531"}],"curies":[{"name":"wp","href":"https:\/\/api.w.org\/{rel}","templated":true}]}}