{"id":103548,"date":"2023-11-20T18:23:03","date_gmt":"2023-11-20T17:23:03","guid":{"rendered":"https:\/\/latinspirit.eu\/product\/camiseta-el-cantante-salsa-lleva-el-alma-de-la-salsa\/"},"modified":"2026-01-11T00:21:29","modified_gmt":"2026-01-10T23:21:29","slug":"camiseta-el-cantante-salsa-lleva-el-alma-de-la-salsa","status":"publish","type":"product","link":"https:\/\/latinspirit.eu\/es\/product\/camiseta-el-cantante-salsa-lleva-el-alma-de-la-salsa\/","title":{"rendered":"Camiseta El Cantante &#8211; Salsa \u2013 Lleva el Alma de la Salsa"},"content":{"rendered":"<p data-start=\"240\" data-end=\"518\">Ad\u00e9ntrate en el mundo de la salsa con la <em data-start=\"278\" data-end=\"305\"><span class=\"relative -mx-px my-[-0.2rem] rounded px-px py-[0.2rem] transition-colors duration-100 ease-in-out\">Camiseta Salsa El Cantante<\/span><\/em>. Inspirada en el legendario H\u00e9ctor Lavoe, conocido como <em data-start=\"49\" data-end=\"79\"><span class=\"\" data-state=\"closed\">El Cantante de los Cantantes<\/span><\/em>, esta playera encarna el alma de la m\u00fasica salsa. Ya seas bailar\u00edn, amante de la m\u00fasica o alguien que aprecia la herencia latina, esta camiseta te permite llevar el ritmo a donde quiera que vayas.<\/p>\n<p data-start=\"520\" data-end=\"543\"><strong data-start=\"520\" data-end=\"543\">Por qu\u00e9 te encantar\u00e1:<\/strong><\/p>\n<ul data-start=\"545\" data-end=\"826\">\n<li data-start=\"545\" data-end=\"604\">\n<p data-start=\"547\" data-end=\"604\"><strong data-start=\"547\" data-end=\"566\"><span class=\"relative -mx-px my-[-0.2rem] rounded px-px py-[0.2rem] transition-colors duration-100 ease-in-out\">Homenaje Ic\u00f3nico:<\/span><\/strong> Luce el impreso audaz \u00abEl Cantante\u00bb, honrando a la leyenda de la salsa.<\/p>\n<\/li>\n<li data-start=\"605\" data-end=\"665\">\n<p data-start=\"607\" data-end=\"665\"><strong data-start=\"607\" data-end=\"627\"><span class=\"relative -mx-px my-[-0.2rem] rounded px-px py-[0.2rem] transition-colors duration-100 ease-in-out\">Confort Premium:<\/span><\/strong> Elaborada con 100% algod\u00f3n peinado e hilado para una sensaci\u00f3n suave y transpirable.<\/p>\n<\/li>\n<li data-start=\"666\" data-end=\"724\">\n<p data-start=\"668\" data-end=\"724\"><strong data-start=\"668\" data-end=\"684\">Ajuste Relajado:<\/strong> ideal para el d\u00eda a d\u00eda, con un corte que te permite moverte con total libertad.<\/p>\n<\/li>\n<li data-start=\"725\" data-end=\"826\">\n<p data-start=\"727\" data-end=\"826\"><strong data-start=\"727\" data-end=\"747\"><span class=\"relative -mx-px my-[-0.2rem] rounded px-px py-[0.2rem] transition-colors duration-100 ease-in-out\">Estilo Vers\u00e1til: <\/span><\/strong>Perfecta para noches de baile, salidas informales o para a\u00f1adir un toque de sabor latino a tu guardarropa.<\/p>\n<\/li>\n<\/ul>\n<p data-start=\"828\" data-end=\"855\"><strong data-start=\"828\" data-end=\"855\">Especificaciones del Producto:<\/strong><\/p>\n<ul data-start=\"857\" data-end=\"1123\">\n<li data-start=\"857\" data-end=\"912\">\n<p data-start=\"859\" data-end=\"912\">Material: 100% algod\u00f3n peinado e hilado (Los colores Heather incluyen poli\u00e9ster)<\/p>\n<\/li>\n<li data-start=\"913\" data-end=\"973\">\n<p data-start=\"915\" data-end=\"973\"><strong data-start=\"915\" data-end=\"933\"><span class=\"relative -mx-px my-[-0.2rem] rounded px-px py-[0.2rem] transition-colors duration-100 ease-in-out\">Peso de la tela:<\/span><\/strong> 4.2 oz\/yd\u00b2 (142 g\/m\u00b2)<\/p>\n<\/li>\n<li data-start=\"974\" data-end=\"1024\">\n<p data-start=\"976\" data-end=\"1024\"><span class=\"relative -mx-px my-[-0.2rem] rounded px-px py-[0.2rem] transition-colors duration-100 ease-in-out\"><strong data-start=\"976\" data-end=\"984\">Ajuste:<\/strong><\/span> Relaxed Fit<\/p>\n<\/li>\n<li data-start=\"1025\" data-end=\"1123\">\n<p data-start=\"1027\" data-end=\"1123\"><strong data-start=\"1027\" data-end=\"1044\"><span class=\"relative -mx-px my-[-0.2rem] rounded px-px py-[0.2rem] transition-colors duration-100 ease-in-out\">Construcci\u00f3n:<\/span><\/strong> tela preencogida, costuras laterales, cuello redondo<\/p>\n<\/li>\n<\/ul>\n<p data-start=\"1125\" data-end=\"1151\"><strong data-start=\"1125\" data-end=\"1151\">Baila a tu Propio Ritmo<\/strong><\/p>\n<p data-start=\"1153\" data-end=\"1384\">\u00bfListo para mostrar tu amor por la salsa y la cultura latina? <g id=\"gid_0\">La Camiseta Salsa El Cantante<\/g> no es solo una prenda\u2014es una celebraci\u00f3n de m\u00fasica, movimiento e identidad. \u00dasala con orgullo y hazle saber al mundo que eres parte del ritmo.  <\/p>\n<p data-start=\"1386\" data-end=\"1404\"><strong data-start=\"1386\" data-end=\"1404\">Fabricado bajo demanda<\/strong><\/p>\n<p data-start=\"1406\" data-end=\"1627\">Cada camiseta se produce especialmente para ti despu\u00e9s de tu pedido, reduciendo el desperdicio y apoyando una moda m\u00e1s consciente. Al elegirla, te sumas a un futuro con m\u00e1s estilo y menos impacto. <\/p>\n","protected":false},"excerpt":{"rendered":"<p>Celebra a la leyenda de la salsa H\u00e9ctor Lavoe con esta <em data-start=\"1708\" data-end=\"1721\">camiseta El Cantante<\/em>\u2014combinando dise\u00f1o ic\u00f3nico, confort y orgullo cultural.<\/p>\n","protected":false},"featured_media":104748,"comment_status":"open","ping_status":"closed","template":"","meta":[],"product_brand":[],"product_cat":[387],"product_tag":[],"class_list":{"0":"post-103548","1":"product","2":"type-product","3":"status-publish","4":"has-post-thumbnail","6":"product_cat-camisetas-caballeros","7":"product_shipping_class-shirts","9":"first","10":"instock","11":"taxable","12":"shipping-taxable","13":"purchasable","14":"product-type-variable","15":"has-default-attributes"},"jetpack_sharing_enabled":true,"_links":{"self":[{"href":"https:\/\/latinspirit.eu\/es\/wp-json\/wp\/v2\/product\/103548","targetHints":{"allow":["GET"]}}],"collection":[{"href":"https:\/\/latinspirit.eu\/es\/wp-json\/wp\/v2\/product"}],"about":[{"href":"https:\/\/latinspirit.eu\/es\/wp-json\/wp\/v2\/types\/product"}],"replies":[{"embeddable":true,"href":"https:\/\/latinspirit.eu\/es\/wp-json\/wp\/v2\/comments?post=103548"}],"version-history":[{"count":1,"href":"https:\/\/latinspirit.eu\/es\/wp-json\/wp\/v2\/product\/103548\/revisions"}],"predecessor-version":[{"id":104407,"href":"https:\/\/latinspirit.eu\/es\/wp-json\/wp\/v2\/product\/103548\/revisions\/104407"}],"wp:featuredmedia":[{"embeddable":true,"href":"https:\/\/latinspirit.eu\/es\/wp-json\/wp\/v2\/media\/104748"}],"wp:attachment":[{"href":"https:\/\/latinspirit.eu\/es\/wp-json\/wp\/v2\/media?parent=103548"}],"wp:term":[{"taxonomy":"product_brand","embeddable":true,"href":"https:\/\/latinspirit.eu\/es\/wp-json\/wp\/v2\/product_brand?post=103548"},{"taxonomy":"product_cat","embeddable":true,"href":"https:\/\/latinspirit.eu\/es\/wp-json\/wp\/v2\/product_cat?post=103548"},{"taxonomy":"product_tag","embeddable":true,"href":"https:\/\/latinspirit.eu\/es\/wp-json\/wp\/v2\/product_tag?post=103548"}],"curies":[{"name":"wp","href":"https:\/\/api.w.org\/{rel}","templated":true}]}}