{"id":105140,"date":"2026-01-16T11:25:11","date_gmt":"2026-01-16T10:25:11","guid":{"rendered":"https:\/\/latinspirit.eu\/product\/gorra-de-denim-negro-desgastada-con-bordado-3d-puff-logo-latin-spirit\/"},"modified":"2026-01-16T11:25:11","modified_gmt":"2026-01-16T10:25:11","slug":"gorra-de-denim-negro-desgastada-con-bordado-3d-puff-logo-latin-spirit","status":"publish","type":"product","link":"https:\/\/latinspirit.eu\/es\/product\/gorra-de-denim-negro-desgastada-con-bordado-3d-puff-logo-latin-spirit\/","title":{"rendered":"Gorra de Denim Negro Desgastada con Bordado 3D Puff \u2013 Logo Latin Spirit"},"content":{"rendered":"<p>Esta gorra sin estructura combina car\u00e1cter vintage con artesan\u00eda moderna. Hecha de suave sarga de algod\u00f3n denim negro lavado, tiene un acabado naturalmente desgastado que parece usada desde el primer d\u00eda. El punto focal es el llamativo bordado 3D puff del logo Latin Spirit: texturizado, tridimensional y dise\u00f1ado para destacar sin decir una palabra.  <\/p>\n<p>Con una silueta relajada y de perfil bajo, y seis ojales transpirables, ofrece una comodidad ideal para todo el d\u00eda. Terminada con una cinta interior negra y una hebilla met\u00e1lica con acabado en lat\u00f3n envejecido, cada detalle refleja un dise\u00f1o cuidadoso. <\/p>\n<p>Ya seas fan del streetwear, de la moda con ra\u00edces o simplemente aprecies accesorios bien hechos, esta gorra aporta una confianza discreta a cualquier look \u2014sin necesidad de m\u00e1s explicaciones.<\/p>\n<p><strong>Caracter\u00edsticas Principales:<\/strong><\/p>\n<ul>\n<li>Sarga 100% algod\u00f3n<\/li>\n<li>Dise\u00f1o de 6 paneles sin estructura y perfil bajo<\/li>\n<li>Efecto vintage pre-lavado<\/li>\n<li>Bordado 3D puff elevado en el frente<\/li>\n<li>Cinta interior negra para mayor comodidad<\/li>\n<li>Hebilla met\u00e1lica con acabado en lat\u00f3n envejecido<\/li>\n<\/ul>\n<p><strong>Hecho \u00e9ticamente, bajo demanda.<\/strong><\/p>\n<p>Como todas las piezas de Latin Spirit, esta gorra se produce solo despu\u00e9s de tu pedido, localmente en la Uni\u00f3n Europea. Este enfoque reduce el desperdicio, disminuye el impacto ambiental y garantiza que tu art\u00edculo se haga fresco, solo para ti. <\/p>\n<p><strong>Informaci\u00f3n de cumplimiento y cuidado (UE)<\/strong><\/p>\n<ul>\n<li>Solo para adultos<\/li>\n<li>Garant\u00eda de 2 a\u00f1os en la Uni\u00f3n Europea<\/li>\n<li>Cumple con los l\u00edmites de la UE para plomo, cadmio, ftalatos y bisfenoles<\/li>\n<li>En conformidad con el Reglamento General de Seguridad de Productos (GPSR)<\/li>\n<li>Persona responsable: Latin Spirit, Pa\u00edses Bajos<\/li>\n<li>Contacto: info@latinspirit.nl<\/li>\n<\/ul>\n<p>\u2022 Traceability:<br \/>\n&#8211; Dyeing\u2014China<br \/>\n&#8211; Manufacturing\u2014Myanmar<br \/>\n\u2022 Contains 0% recycled polyester<br \/>\n\u2022 Contains 0% dangerous substances<br \/>\n\u2022 Packaging compostability and recyclability information<\/p>\n<p>&nbsp;<\/p>\n","protected":false},"excerpt":{"rendered":"<p class=\"qwen-markdown-paragraph\"><span class=\"qwen-markdown-text\" data-spm-anchor-id=\"a2ty_o01.29997173.0.i79.6b4251714Fqns3\">Una gorra unisex de estilo vintage en sarga de algod\u00f3n denim negro lavado, con bordado 3D puff elevado del logo Latin Spirit: dise\u00f1ada para uso diario y estilo atemporal.<\/span><\/p>\n","protected":false},"featured_media":105033,"comment_status":"open","ping_status":"closed","template":"","meta":[],"product_brand":[],"product_cat":[368],"product_tag":[],"class_list":{"0":"post-105140","1":"product","2":"type-product","3":"status-publish","4":"has-post-thumbnail","6":"product_cat-accesorios","7":"product_shipping_class-hats","9":"first","10":"instock","11":"taxable","12":"shipping-taxable","13":"purchasable","14":"product-type-simple"},"jetpack_sharing_enabled":true,"_links":{"self":[{"href":"https:\/\/latinspirit.eu\/es\/wp-json\/wp\/v2\/product\/105140","targetHints":{"allow":["GET"]}}],"collection":[{"href":"https:\/\/latinspirit.eu\/es\/wp-json\/wp\/v2\/product"}],"about":[{"href":"https:\/\/latinspirit.eu\/es\/wp-json\/wp\/v2\/types\/product"}],"replies":[{"embeddable":true,"href":"https:\/\/latinspirit.eu\/es\/wp-json\/wp\/v2\/comments?post=105140"}],"version-history":[{"count":0,"href":"https:\/\/latinspirit.eu\/es\/wp-json\/wp\/v2\/product\/105140\/revisions"}],"wp:featuredmedia":[{"embeddable":true,"href":"https:\/\/latinspirit.eu\/es\/wp-json\/wp\/v2\/media\/105033"}],"wp:attachment":[{"href":"https:\/\/latinspirit.eu\/es\/wp-json\/wp\/v2\/media?parent=105140"}],"wp:term":[{"taxonomy":"product_brand","embeddable":true,"href":"https:\/\/latinspirit.eu\/es\/wp-json\/wp\/v2\/product_brand?post=105140"},{"taxonomy":"product_cat","embeddable":true,"href":"https:\/\/latinspirit.eu\/es\/wp-json\/wp\/v2\/product_cat?post=105140"},{"taxonomy":"product_tag","embeddable":true,"href":"https:\/\/latinspirit.eu\/es\/wp-json\/wp\/v2\/product_tag?post=105140"}],"curies":[{"name":"wp","href":"https:\/\/api.w.org\/{rel}","templated":true}]}}