{"id":105142,"date":"2026-01-13T19:47:36","date_gmt":"2026-01-13T18:47:36","guid":{"rendered":"https:\/\/latinspirit.eu\/product\/camiseta-latin-spirit\/"},"modified":"2026-01-13T19:47:36","modified_gmt":"2026-01-13T18:47:36","slug":"camiseta-latin-spirit","status":"publish","type":"product","link":"https:\/\/latinspirit.eu\/es\/product\/camiseta-latin-spirit\/","title":{"rendered":"Camiseta Latin Spirit"},"content":{"rendered":"<p><strong>Dise\u00f1o impecable. Sensaci\u00f3n premium. Hecho para el d\u00eda a d\u00eda.  <\/strong><\/p>\n<p>Regresa al ritmo de los momentos compartidos con esta prenda esencial. La camiseta con logo Latin Spirit es m\u00e1s que una camiseta estampada: es una celebraci\u00f3n discreta de la conexi\u00f3n, la m\u00fasica y la alegr\u00eda simple de sentirte c\u00f3modo en tu ropa. <\/p>\n<p>Hecha de suave algod\u00f3n 100% peinado, ofrece una textura agradable y un corte relajado que combina igual de bien con jeans, faldas o como capa bajo chaquetas. El logo est\u00e1 impreso con cuidado para durar, usando m\u00e9todos respetuosos con las personas y el planeta. Ll\u00e9vala si creciste bailando salsa, descubriste la cumbia el verano pasado o simplemente te gustan los dise\u00f1os que unen. No se trata de d\u00f3nde vienes, sino de c\u00f3mo te sientes al usarla.  <\/p>\n<p><strong>Crafted for comfort and durability<\/strong><\/p>\n<ul>\n<li>Tejido ultrasuave y ligero, transpirable y delicado con la piel.<\/li>\n<li>Dise\u00f1o sin pliegue central en el frente<\/li>\n<li>Algod\u00f3n 100% peinado (Gris Jaspeado: 90% algod\u00f3n, 10% poli\u00e9ster)<\/li>\n<li>32 hilos sencillos: para una textura m\u00e1s suave y fina<\/li>\n<li>Preencogida para mantener su forma<\/li>\n<li>Peso del tejido: 148.8 g\/m\u00b2<\/li>\n<\/ul>\n<p><strong>Materiales y cuidado<\/strong><\/p>\n<ul>\n<li>Lavar a m\u00e1quina con agua fr\u00eda y colores similares.<\/li>\n<li>Secar en secadora a baja temperatura o colgar para secar.<\/li>\n<li>Evitar planchar directamente sobre la estampa<\/li>\n<li>Dise\u00f1ada para un uso duradero y una excelente retenci\u00f3n del color<\/li>\n<\/ul>\n<p><strong>Hecho \u00e9ticamente, bajo demanda en la UE<\/strong><br \/>\nEsta camiseta se produce solo cuando realizas tu pedido, reduciendo desperdicios, apoyando la moda sostenible y asegurando que cada pieza se haga con cuidado.<\/p>\n<p><strong>Cumplimiento y seguridad<\/strong><\/p>\n<p>\u2022 Solo para adultos<br \/>\n\u2022 Garant\u00eda de 2 a\u00f1os en la Uni\u00f3n Europea<br \/>\n\u2022 Cumple con los l\u00edmites de la UE para plomo, cadmio, ftalatos y bisfenoles<br \/>\n\u2022 En conformidad con el Reglamento General de Seguridad de Productos (GPSR)<br \/>\n\u2022 Persona responsable: Latin Spirit, Pa\u00edses Bajos<br \/>\n\u2022 Contacto: info@latinspirit.nl<\/p>\n","protected":false},"excerpt":{"rendered":"<p><span class=\"qwen-markdown-text\" data-spm-anchor-id=\"a2ty_o01.29997173.0.i9.306151714zMdmm\">Camiseta suave y ligera para hombre con el llamativo logotipo amarillo de Latin Spirit. Hecha de algod\u00f3n peinado de primera calidad. Producci\u00f3n \u00e9tica bajo demanda en la UE.  <\/span><\/p>\n","protected":false},"featured_media":104726,"comment_status":"open","ping_status":"closed","template":"","meta":[],"product_brand":[],"product_cat":[387],"product_tag":[],"class_list":{"0":"post-105142","1":"product","2":"type-product","3":"status-publish","4":"has-post-thumbnail","6":"product_cat-camisetas-caballeros","7":"product_shipping_class-shirts","9":"first","10":"instock","11":"taxable","12":"shipping-taxable","13":"purchasable","14":"product-type-variable"},"jetpack_sharing_enabled":true,"_links":{"self":[{"href":"https:\/\/latinspirit.eu\/es\/wp-json\/wp\/v2\/product\/105142","targetHints":{"allow":["GET"]}}],"collection":[{"href":"https:\/\/latinspirit.eu\/es\/wp-json\/wp\/v2\/product"}],"about":[{"href":"https:\/\/latinspirit.eu\/es\/wp-json\/wp\/v2\/types\/product"}],"replies":[{"embeddable":true,"href":"https:\/\/latinspirit.eu\/es\/wp-json\/wp\/v2\/comments?post=105142"}],"version-history":[{"count":0,"href":"https:\/\/latinspirit.eu\/es\/wp-json\/wp\/v2\/product\/105142\/revisions"}],"wp:featuredmedia":[{"embeddable":true,"href":"https:\/\/latinspirit.eu\/es\/wp-json\/wp\/v2\/media\/104726"}],"wp:attachment":[{"href":"https:\/\/latinspirit.eu\/es\/wp-json\/wp\/v2\/media?parent=105142"}],"wp:term":[{"taxonomy":"product_brand","embeddable":true,"href":"https:\/\/latinspirit.eu\/es\/wp-json\/wp\/v2\/product_brand?post=105142"},{"taxonomy":"product_cat","embeddable":true,"href":"https:\/\/latinspirit.eu\/es\/wp-json\/wp\/v2\/product_cat?post=105142"},{"taxonomy":"product_tag","embeddable":true,"href":"https:\/\/latinspirit.eu\/es\/wp-json\/wp\/v2\/product_tag?post=105142"}],"curies":[{"name":"wp","href":"https:\/\/api.w.org\/{rel}","templated":true}]}}