{"id":101402,"date":"2024-04-05T12:27:01","date_gmt":"2024-04-05T10:27:01","guid":{"rendered":"https:\/\/latinspirit.eu\/product\/manana-sera-bonito-t-shirt-draag-je-optimisme\/"},"modified":"2026-01-11T00:42:12","modified_gmt":"2026-01-10T23:42:12","slug":"manana-sera-bonito-t-shirt-draag-je-optimisme","status":"publish","type":"product","link":"https:\/\/latinspirit.eu\/nl\/product\/manana-sera-bonito-t-shirt-draag-je-optimisme\/","title":{"rendered":"Ma\u00f1ana Ser\u00e1 Bonito T-Shirt \u2013 Draag Je Optimisme"},"content":{"rendered":"<p data-start=\"242\" data-end=\"475\">Omarm de levendige energie van de Latijnse cultuur met ons &#8220;Ma\u00f1ana Ser\u00e1 Bonito&#8221; T-shirt. Ge\u00efnspireerd door het opbeurende bericht van Karol G&#8217;s album, is dit shirt meer dan alleen kleding\u2014het is een herinnering dat morgen oneindige mogelijkheden bevat. <\/p>\n<p data-start=\"477\" data-end=\"632\">Gemaakt voor wie gelooft in de schoonheid van de toekomst. Dit shirt combineert stijl met een positieve kijk, en is daarmee een perfecte aanvulling op elke garderobe.<\/p>\n<ul data-start=\"659\" data-end=\"1031\">\n<li data-start=\"659\" data-end=\"768\">\n<p data-start=\"661\" data-end=\"768\"><strong data-start=\"661\" data-end=\"680\">Levendig Design:<\/strong> Toont het kleurrijke &#8220;Ma\u00f1ana Ser\u00e1 Bonito&#8221; print, voor een vleugje positiviteit waar je ook gaat.<\/p>\n<\/li>\n<li data-start=\"769\" data-end=\"846\">\n<p data-start=\"771\" data-end=\"846\"><strong data-start=\"771\" data-end=\"791\">Premium Kwaliteit<\/strong>: Gemaakt van zacht, ademend katoen voor comfort de hele dag.<\/p>\n<\/li>\n<li data-start=\"847\" data-end=\"933\">\n<p data-start=\"849\" data-end=\"933\"><strong data-start=\"849\" data-end=\"869\">Veelzijdige Stijl:<\/strong> Ideaal voor casual uitjes, concerten of gewoon thuis ontspannen.<\/p>\n<\/li>\n<li data-start=\"934\" data-end=\"1031\">\n<p data-start=\"936\" data-end=\"1031\"><strong data-start=\"936\" data-end=\"964\">Eco-vriendelijke Productie:<\/strong> Op bestelling bedrukt om afval te verminderen en duurzame mode te ondersteunen.<\/p>\n<\/li>\n<\/ul>\n<p data-start=\"1033\" data-end=\"1060\"><strong data-start=\"1033\" data-end=\"1060\">Productspecificaties:<\/strong><\/p>\n<ul data-start=\"1062\" data-end=\"1350\">\n<li data-start=\"1062\" data-end=\"1149\">\n<p data-start=\"1064\" data-end=\"1149\">Materiaal: 100% gekamd en ringgesponnen katoen (heather kleuren kunnen polyester bevatten)<\/p>\n<\/li>\n<li data-start=\"1150\" data-end=\"1191\">\n<p data-start=\"1152\" data-end=\"1191\">Stoffen gewicht: 4.2 oz\/y\u00b2 (142 g\/m\u00b2)<\/p>\n<\/li>\n<li data-start=\"1192\" data-end=\"1243\">\n<p data-start=\"1194\" data-end=\"1243\">Pasvorm: Relaxed fit voor een comfortabele silhouet<\/p>\n<\/li>\n<li data-start=\"1244\" data-end=\"1277\">\n<p data-start=\"1246\" data-end=\"1277\">Halslijn: Klassieke crewneck<\/p>\n<\/li>\n<li data-start=\"1278\" data-end=\"1350\">\n<p data-start=\"1280\" data-end=\"1350\">Constructie: Zijnaad met voorgekrompen stof om de vorm te behouden<\/p>\n<\/li>\n<\/ul>\n<p data-start=\"1376\" data-end=\"1599\">Klaar om een vleugje optimisme aan je garderobe toe te voegen? Dit shirt draait niet alleen om mode\u2014het gaat om het omarmen van de mindset dat &#8220;morgen mooi zal zijn&#8221;. Perfect als cadeau voor jezelf of een geliefde die positiviteit uitstraalt.  <\/p>\n<p data-start=\"1622\" data-end=\"1852\">Elk shirt wordt speciaal voor jou bedrukt, wat zorgt voor een uniek product en helpt overproductie te verminderen. Je aankoop ondersteunt duurzame mode, waardoor je deel uitmaakt van een beweging naar een bewustere en stijlvolle toekomst. <\/p>\n","protected":false},"excerpt":{"rendered":"<p>Blijf positief en stijlvol met dit relaxed-fit \u201cMa\u00f1ana Ser\u00e1 Bonito\u201d T-shirt\u2014zacht, ademend en op bestelling gemaakt voor eco-conscious comfort.<\/p>\n","protected":false},"featured_media":60023,"comment_status":"open","ping_status":"closed","template":"","meta":[],"product_brand":[],"product_cat":[360],"product_tag":[],"class_list":{"0":"post-101402","1":"product","2":"type-product","3":"status-publish","4":"has-post-thumbnail","6":"product_cat-t-shirts-nl","7":"product_shipping_class-shirts","9":"first","10":"instock","11":"taxable","12":"shipping-taxable","13":"purchasable","14":"product-type-variable"},"jetpack_sharing_enabled":true,"_links":{"self":[{"href":"https:\/\/latinspirit.eu\/nl\/wp-json\/wp\/v2\/product\/101402","targetHints":{"allow":["GET"]}}],"collection":[{"href":"https:\/\/latinspirit.eu\/nl\/wp-json\/wp\/v2\/product"}],"about":[{"href":"https:\/\/latinspirit.eu\/nl\/wp-json\/wp\/v2\/types\/product"}],"replies":[{"embeddable":true,"href":"https:\/\/latinspirit.eu\/nl\/wp-json\/wp\/v2\/comments?post=101402"}],"version-history":[{"count":1,"href":"https:\/\/latinspirit.eu\/nl\/wp-json\/wp\/v2\/product\/101402\/revisions"}],"predecessor-version":[{"id":101458,"href":"https:\/\/latinspirit.eu\/nl\/wp-json\/wp\/v2\/product\/101402\/revisions\/101458"}],"wp:featuredmedia":[{"embeddable":true,"href":"https:\/\/latinspirit.eu\/nl\/wp-json\/wp\/v2\/media\/60023"}],"wp:attachment":[{"href":"https:\/\/latinspirit.eu\/nl\/wp-json\/wp\/v2\/media?parent=101402"}],"wp:term":[{"taxonomy":"product_brand","embeddable":true,"href":"https:\/\/latinspirit.eu\/nl\/wp-json\/wp\/v2\/product_brand?post=101402"},{"taxonomy":"product_cat","embeddable":true,"href":"https:\/\/latinspirit.eu\/nl\/wp-json\/wp\/v2\/product_cat?post=101402"},{"taxonomy":"product_tag","embeddable":true,"href":"https:\/\/latinspirit.eu\/nl\/wp-json\/wp\/v2\/product_tag?post=101402"}],"curies":[{"name":"wp","href":"https:\/\/api.w.org\/{rel}","templated":true}]}}